{"id":42716,"date":"2024-10-01T15:04:22","date_gmt":"2024-10-01T12:04:22","guid":{"rendered":"https:\/\/www.lauresta.lt\/?post_type=product&#038;p=42716"},"modified":"2025-12-16T16:51:59","modified_gmt":"2025-12-16T14:51:59","slug":"aluminija-rullo-restes","status":"publish","type":"product","link":"https:\/\/www.lauresta.lt\/lv\/produktai\/aizsargrestes\/aluminija-rullo-restes\/","title":{"rendered":"Aluminija rullo restes"},"content":{"rendered":"<!DOCTYPE html PUBLIC \"-\/\/W3C\/\/DTD HTML 4.0 Transitional\/\/EN\" \"http:\/\/www.w3.org\/TR\/REC-html40\/loose.dtd\">\n<?xml encoding=\"utf-8\" ?><html><body><p>[vc_row][vc_column width=&rdquo;1\/2&Prime; css=&rdquo;.vc_custom_1546608504495{margin-top: 20px !important;}&rdquo;][vc_column_text el_class=&rdquo;tabai&rdquo; css=&rdquo;.vc_custom_1727784301118{margin-right: 30px !important;margin-left: 70px !important;}&rdquo;]<span style=\"font-weight: 400;\">Alum&#299;nija rullo restes ir est&#275;tisks dro&scaron;&#299;bas l&#299;dzeklis. L&#299;dztekus j&#363;su veikala, logu vai konstrukciju aizsardz&#299;bai tie var ar&#299; papildin&#257;t interjera dizainu un arhitekt&#363;ru.<\/span><\/p>\n<p>&nbsp;<\/p>\n<p><span style=\"font-weight: 400;\">Alum&#299;nija rullo restes&nbsp; jau sen ir k&#316;uvu&scaron;as par m&#363;sdienu tirdzniec&#299;bas centru simbolu. Tom&#275;r m&#363;sdien&#257;s t&#257;s arvien bie&#382;&#257;k var redz&#275;t ar&#299; bank&#257;s, birojos, kafejn&#299;c&#257;s un restor&#257;nos.<\/span><\/p>\n<p>&nbsp;<\/p>\n<p><span style=\"font-weight: 400;\">Alum&#299;nija rullo restes ir anod&#275;tas un p&#257;rkl&#257;tas ar pulverkr&#257;su. J&#363;s varat izv&#275;l&#275;ties to dizainu, profila platumu (56 mm vai 84 mm) un biezumu (no 13,5 l&#299;dz 19 mm) un formas &ndash; visu p&#275;c individu&#257;la pas&#363;t&#299;juma.<\/span>[\/vc_column_text][\/vc_column][vc_column width=&rdquo;1\/2&Prime; css=&rdquo;.vc_custom_1546608511624{margin-top: 20px !important;}&rdquo;][vc_column_text el_class=&rdquo;tabai&rdquo; css=&rdquo;.vc_custom_1727784315407{margin-right: 70px !important;margin-left: 30px !important;}&rdquo;]<span style=\"font-weight: 400;\">Vis&#275;rt&#257;kais restu vad&#299;bas veids ir autom&#257;tiskais: nospie&#382;ot sl&#275;dzi, reste sarull&#275;jas uz aug&scaron;u. &Scaron;&#299;s restes ir &#316;oti dro&scaron;as: t&#257;m ir av&#257;rijas bremze, kas ne&#316;auj t&#257;m nokrist str&#257;vas padeves p&#257;rtraukuma gad&#299;jum&#257;. Turkl&#257;t t&#257;m ir sensori, kas apst&#257;dina restes to slied&#275;s, ja t&#257;s sastopas ar &scaron;&#311;&#275;rsli sav&#257; ce&#316;&#257;. T&#257;s var kontrol&#275;t manu&#257;li, ja rodas str&#257;vas padeves p&#257;rtraukums.<\/span><\/p>\n<p>&nbsp;<\/p>\n<p><span style=\"font-weight: 400;\">Alum&#299;nija rullo restes ir kr&#257;sotas j&#363;su izv&#275;l&#275;taj&#257; ton&#299; no RAL to&#326;u paletes.<\/span><\/p>\n<p>&nbsp;<\/p>\n<p><strong>&lsquo;&rsquo;Lauresta&rsquo;&rsquo; ra&#382;o restes balstoties uz individu&#257;liem pas&#363;t&#299;jumiem.<\/strong>[\/vc_column_text][\/vc_column][\/vc_row][vc_row][vc_column width=&rdquo;1\/2&Prime; css=&rdquo;.vc_custom_1546608504495{margin-top: 20px !important;}&rdquo;][vc_column_text el_class=&rdquo;tabai&rdquo; css=&rdquo;.vc_custom_1727784329670{margin-right: 30px !important;margin-left: 70px !important;}&rdquo;]<strong>Alum&#299;nija rullo restu priek&scaron;roc&#299;bas:<\/strong><\/p>\n<ul>\n<li><span style=\"font-weight: 400;\">Tos var uzst&#257;d&#299;t plat&#299;b&#257;s l&#299;dz 7 m platum&#257; ar virsmas laukumu l&#299;dz 21 kv.m.&nbsp; Lai nodro&scaron;in&#257;tu to iztur&#299;bu, nokl&#257;jot liel&#257;ku laukumu, tiek izmantoti pastiprin&#257;ti re&#382;&#291;a profili.<\/span><\/li>\n<li><span style=\"font-weight: 400;\">Tos var uzst&#257;d&#299;t plat&#299;b&#257;s l&#299;dz 7 m platum&#257; ar virsmas laukumu l&#299;dz 21 kv.m.&nbsp; Lai nodro&scaron;in&#257;tu to iztur&#299;bu, nokl&#257;jot liel&#257;ku laukumu, tiek izmantoti pastiprin&#257;ti re&#382;&#291;a profili.<\/span><\/li>\n<li><span style=\"font-weight: 400;\">&ldquo;Lauresta&rdquo; pied&#257;v&#257;t&#257;s alum&#299;nija restes ir sertific&#275;tas pret z&#257;dz&#299;b&#257;m RCS2 un RC3 saska&#326;&#257; ar EN 1627: 2011 standartu.<\/span><\/li>\n<li><span style=\"font-weight: 400;\">T&#257;s &#316;auj&nbsp; izst&#257;d&#299;t veikala preci visu diennakti, pat tad, kad veikals ir sl&#275;gts. Visi potenci&#257;lie klienti var redz&#275;t pied&#257;v&#257;tos produktus un, iesp&#275;jams, atgriezties darba laik&#257;;<\/span><\/li>\n<li><span style=\"font-weight: 400;\">Alum&#299;nija rullo restes var atv&#275;rt un aizv&#275;rt jebkur&#257; laik&#257;, kas ir nenoliedzama priek&scaron;roc&#299;ba sal&#299;dzin&#257;jum&#257; ar parastaj&#257;m stacion&#257;raj&#257;m rest&#275;m.<\/span><\/li>\n<li><span style=\"font-weight: 400;\">Pieejams pla&scaron;s kr&#257;su kl&#257;sts, kas pal&#299;dz restes pieska&#326;ot &#275;kas interjeram un &#257;rpusei.<\/span><\/li>\n<\/ul>\n<p>[\/vc_column_text][\/vc_column][vc_column width=&rdquo;1\/2&Prime; css=&rdquo;.vc_custom_1546608511624{margin-top: 20px !important;}&rdquo;][vc_column_text el_class=&rdquo;tabai&rdquo; css=&rdquo;.vc_custom_1727784341578{margin-right: 70px !important;margin-left: 30px !important;}&rdquo;]<strong>Alum&#299;nija rullo restu priek&scaron;roc&#299;bas sal&#299;dzin&#257;jum&#257; ar t&#275;rauda re&#382;&#291;iem:<\/strong><\/p>\n<ul>\n<li><span style=\"font-weight: 400;\">Alum&#299;nija rullo restes ir iztur&#299;gas pret koroziju, laika apst&#257;k&#316;iem un UV starojumu;<\/span><\/li>\n<li><span style=\"font-weight: 400;\">T&#257;m ir viegl&#257;ka strukt&#363;ra;<\/span><\/li>\n<li><span style=\"font-weight: 400;\">Rada maz&#257;ku troksni atverot un aizverot;<\/span><\/li>\n<\/ul>\n<p>[\/vc_column_text][\/vc_column][\/vc_row][vc_row][vc_column css=&rdquo;.vc_custom_1546608504495{margin-top: 20px !important;}&rdquo;][vc_separator border_width=&rdquo;2&Prime; css=&rdquo;.vc_custom_1547650250540{margin-top: 20px !important;}&rdquo;][vc_column_text el_class=&rdquo;tabai&rdquo; css=&rdquo;.vc_custom_1727784359638{margin-right: 30px !important;margin-left: 70px !important;}&rdquo;]<span style=\"font-weight: 400;\">Ja j&#363;s interes&#275; alum&#299;nija rullo restes, sazinieties ar mums un sa&#326;emiet pied&#257;v&#257;jumu. Aizpildiet <a href=\"https:\/\/lauresta.lv\/pieprasijums\/\" target=\"_blank\" rel=\"noopener\">e-veidlapu<\/a>, zvaniet mums pa t&#257;lruni <a href=\"tel:+37167278800\" target=\"_blank\" rel=\"noopener\">+371 67278800<\/a> vai apmekl&#275;jiet <a href=\"https:\/\/lauresta.lv\/kontakti\/\" target=\"_blank\" rel=\"noopener\">LAURESTA salonu<\/a>.<\/span>[\/vc_column_text][\/vc_column][\/vc_row]<\/p>\n<\/body><\/html>\n","protected":false},"excerpt":{"rendered":"<p><span style=\"font-weight: 400;\">Alum\u012bnija rullo restes ir efekt\u012bvs veids, k\u0101 pasarg\u0101t j\u016bsu \u012bpa\u0161uma interjeru un veikala priek\u0161u, p\u0101r\u0101k to neaiz\u0113nojot. \u0160is dro\u0161\u012bbas pas\u0101kums visvair\u0101k tiek uzst\u0101d\u012bts veikalu priek\u0161pus\u0113s, iepirk\u0161an\u0101s centros, ofisos, noliktav\u0101s, gar\u0101\u017e\u0101s, pazemes auto novietn\u0113s un tiek vad\u012bts manu\u0101li vai autom\u0101tiski. T\u0101 k\u0101 t\u0101s var uzrull\u0113t uz aug\u0161u, t\u0101s aiz\u0146em maz vietas. \u2018\u2019Lauresta\u2019\u2019 ra\u017eot\u0101s alum\u012bnija rullo\u00a0 restes aizsarg\u0101 veikalu priek\u0161puses liel\u0101kaj\u0101 da\u013c\u0101 Lietuvas iepirk\u0161an\u0101s centros k\u0101 \u2018\u2019Akropole\u2019\u2019 (Vi\u013c\u0146a, Kau\u0146a, Klaip\u0113da), \u2018\u2019Mega\u2019\u2019 (Kau\u0146a), \u2018\u2019BIG\u2019\u2019 (Klaip\u0113da), k\u0101 ar\u012b da\u013c\u0101 Latvijas lielveikalu R\u012bg\u0101 &#8211; \u2018\u2019R\u012bga Plaza\u2019\u2019, \u2018\u2019Domina\u2019\u2019, \u2018\u2019Akropole\u2019\u2019 u.c.<\/span><\/p>\n","protected":false},"featured_media":10503,"template":"","meta":[],"product_cat":[6674],"product_tag":[],"class_list":{"0":"post-42716","1":"product","2":"type-product","3":"status-publish","4":"has-post-thumbnail","6":"product_cat-aizsargrestes","8":"first","9":"instock","10":"shipping-taxable","11":"purchasable","12":"product-type-simple"},"_links":{"self":[{"href":"https:\/\/www.lauresta.lt\/lv\/wp-json\/wp\/v2\/product\/42716","targetHints":{"allow":["GET"]}}],"collection":[{"href":"https:\/\/www.lauresta.lt\/lv\/wp-json\/wp\/v2\/product"}],"about":[{"href":"https:\/\/www.lauresta.lt\/lv\/wp-json\/wp\/v2\/types\/product"}],"wp:featuredmedia":[{"embeddable":true,"href":"https:\/\/www.lauresta.lt\/lv\/wp-json\/wp\/v2\/media\/10503"}],"wp:attachment":[{"href":"https:\/\/www.lauresta.lt\/lv\/wp-json\/wp\/v2\/media?parent=42716"}],"wp:term":[{"taxonomy":"product_cat","embeddable":true,"href":"https:\/\/www.lauresta.lt\/lv\/wp-json\/wp\/v2\/product_cat?post=42716"},{"taxonomy":"product_tag","embeddable":true,"href":"https:\/\/www.lauresta.lt\/lv\/wp-json\/wp\/v2\/product_tag?post=42716"}],"curies":[{"name":"wp","href":"https:\/\/api.w.org\/{rel}","templated":true}]}}