{"id":42720,"date":"2018-07-17T07:48:55","date_gmt":"2018-07-17T07:48:55","guid":{"rendered":"https:\/\/www.lauresta.lt\/produktai\/uncategorized\/automatinis-valdymas-lietaus-saules-vejo-jutikliai\/"},"modified":"2024-10-15T10:47:22","modified_gmt":"2024-10-15T07:47:22","slug":"automatinis-valdymas-lietaus-saules-vejo-jutikliai","status":"publish","type":"product","link":"https:\/\/www.lauresta.lt\/lv\/produktai\/automatika-lv\/automatinis-valdymas-lietaus-saules-vejo-jutikliai\/","title":{"rendered":"Piln\u0101 autom\u0101tika ar viedajiem laika apst\u0101k\u013cu sensoriem"},"content":{"rendered":"<!DOCTYPE html PUBLIC \"-\/\/W3C\/\/DTD HTML 4.0 Transitional\/\/EN\" \"http:\/\/www.w3.org\/TR\/REC-html40\/loose.dtd\">\n<?xml encoding=\"utf-8\" ?><html><body><p>[vc_row][vc_column width=&rdquo;1\/2&Prime; css=&rdquo;.vc_custom_1546608504495{margin-top: 20px !important;}&rdquo;][vc_column_text el_class=&rdquo;tabai&rdquo; css=&rdquo;.vc_custom_1727799802018{margin-right: 30px !important;margin-left: 70px !important;}&rdquo;]Tiem, kas tiecas p&#275;c maksim&#257;la komforta, &ldquo;Lauresta&rdquo; pied&#257;v&#257; saules, v&#275;ja, lietus un temperat&#363;ras sensorus, kas autom&#257;tiski atv&#275;rs vai aizv&#275;rs j&#363;su nosedzo&scaron;&#257;s konstrukcija, atkar&#299;b&#257; no laika apst&#257;k&#316;iem. M&#275;s pied&#257;v&#257;jam &#269;etru veidu sensorus: saules, v&#275;ja, lietus un temperat&#363;ras.<br>\nProdukti, kurus var apr&#299;kot ar viedajiem sensoriem:<\/p>\n<ul>\n<li>Iek&scaron;telpu\/&#257;ra rullo &#382;al&#363;zijas;<\/li>\n<li>Iek&scaron;telpu\/&#257;ra &#382;al&#363;zijas;<\/li>\n<li>Mark&#299;zes;<\/li>\n<li>Pergolas logi un jumti;<\/li>\n<li>Pagalma un m&#257;jas apgaismojums.<\/li>\n<\/ul>\n<p>&nbsp;<\/p>\n<p>Pieejami ar&#299; RTS protokola vai IO protokola saules, v&#275;ja, lietus un temperat&#363;ras sensori.<\/p>\n<ul>\n<li>RTS protokola ier&#299;ces sp&#275;j vienlaikus nos&#363;t&#299;t un sa&#326;emt sign&#257;lus;<\/li>\n<li>IO protokola ier&#299;ces sp&#275;j vienlaikus nos&#363;t&#299;t un sa&#326;emt sign&#257;lus;<\/li>\n<\/ul>\n<p>[\/vc_column_text][\/vc_column][vc_column width=&rdquo;1\/2&Prime; css=&rdquo;.vc_custom_1546608511624{margin-top: 20px !important;}&rdquo;][vc_column_text el_class=&rdquo;tabai&rdquo; css=&rdquo;.vc_custom_1727799817681{margin-right: 70px !important;margin-left: 30px !important;}&rdquo;]Laika apst&#257;k&#316;u balst&#299;tas autom&#257;tikas &#299;pa&scaron;&#299;bas:<\/p>\n<ul>\n<li>&#274;rt&#299;bas &ndash; nav nepiecie&scaron;ams sekot laika prognoz&#275;m un pa&scaron;am aizv&#275;rt &#382;al&#363;zijas, rullo &#382;al&#363;zijas vai mark&#299;zes;<\/li>\n<li>Ietaupa ener&#291;iju &ndash; maz&#257;k nepiecie&scaron;ams izmantot gaisa kondicionieri, jo sensori uztur&#275;s j&#363;su m&#257;ju optim&#257;l&#257; temperat&#363;r&#257;, savlaic&#299;gi aizverot logu nosedzo&scaron;&#257;s konstrukcijas;<\/li>\n<li>M&#363;sdien&#299;gums &ndash; m&#363;sdienu sensoru dizains atbild&#299;s liel&#257;kajai da&#316;ai eksterjeru;<\/li>\n<li>Aizsarg&#257;s j&#363;su m&#275;beles no kait&#299;gajiem UV stariem un saules izbal&#275;&scaron;anas;<\/li>\n<li>Viegla uzst&#257;d&#299;&scaron;ana bez papildus vadiem;<\/li>\n<li>V&#275;s&#257;kas m&#257;jas vasar&#257;: autom&#257;tiska logu aizkl&#257;&scaron;ana, kuras pamat&#257; ir saules sensori, kuri uztur temperat&#363;ru l&#299;dz pat 9 &deg; C;<\/li>\n<li>Gaismas, &#382;al&#363;zijas, rullo &#382;al&#363;zijas, mark&#299;zes, pergolas logus var automatiz&#275;t un ieprogramm&#275;t, balstoties uz j&#363;su v&#275;lm&#275;m;<\/li>\n<\/ul>\n<p>[\/vc_column_text][\/vc_column][\/vc_row][vc_row][vc_column css=&rdquo;.vc_custom_1555336026858{margin-top: 30px !important;}&rdquo;][vc_separator][\/vc_column][\/vc_row][vc_row][vc_column width=&rdquo;1\/2&Prime; css=&rdquo;.vc_custom_1555397561767{margin-top: 40px !important;}&rdquo;][vc_single_image image=&rdquo;42740&Prime; img_size=&rdquo;full&rdquo; alignment=&rdquo;center&rdquo; title=&rdquo;BEZVADU SAULES-V&#274;JA SENSORS&rdquo; css=&rdquo;.vc_custom_1727799835977{margin-right: 30px !important;margin-left: 70px !important;}&rdquo; el_class=&rdquo;tabai&rdquo;][\/vc_column][vc_column width=&rdquo;1\/2&Prime; css=&rdquo;.vc_custom_1555397569902{margin-top: 40px !important;}&rdquo;][vc_single_image image=&rdquo;42741&Prime; img_size=&rdquo;full&rdquo; alignment=&rdquo;center&rdquo; title=&rdquo;BEZVADU SAULES SENSORS&rdquo; el_class=&rdquo;tabai&rdquo; css=&rdquo;.vc_custom_1727799851520{margin-right: 70px !important;margin-left: 30px !important;}&rdquo;][\/vc_column][\/vc_row][vc_row][vc_column width=&rdquo;1\/2&Prime; css=&rdquo;.vc_custom_1555397587333{margin-top: 40px !important;}&rdquo;][vc_single_image image=&rdquo;42742&Prime; img_size=&rdquo;full&rdquo; alignment=&rdquo;center&rdquo; title=&rdquo;T&#256;LVAD&#298;BA PRIEK&Scaron; APGAISMOJUMA&rdquo; css=&rdquo;.vc_custom_1727799859552{margin-right: 30px !important;margin-left: 70px !important;}&rdquo; el_class=&rdquo;tabai&rdquo;][\/vc_column][vc_column width=&rdquo;1\/2&Prime; css=&rdquo;.vc_custom_1555397599907{margin-top: 40px !important;}&rdquo;][vc_single_image image=&rdquo;42746&Prime; img_size=&rdquo;full&rdquo; alignment=&rdquo;center&rdquo; title=&rdquo;TEMPERAT&#362;RAS SENSORS&rdquo; el_class=&rdquo;tabai&rdquo; css=&rdquo;.vc_custom_1727799868064{margin-right: 70px !important;margin-left: 30px !important;}&rdquo;][\/vc_column][\/vc_row][vc_row][vc_column width=&rdquo;1\/2&Prime; css=&rdquo;.vc_custom_1555397612921{margin-top: 40px !important;}&rdquo;][vc_single_image image=&rdquo;42744&Prime; img_size=&rdquo;large&rdquo; alignment=&rdquo;center&rdquo; title=&rdquo;LIETUS SENSORS&rdquo; css=&rdquo;.vc_custom_1727799879159{margin-right: 30px !important;margin-left: 70px !important;}&rdquo; el_class=&rdquo;tabai&rdquo;][\/vc_column][\/vc_row][vc_row][vc_column css=&rdquo;.vc_custom_1555397671706{margin-top: 20px !important;}&rdquo;][vc_column_text]Ja j&#363;s interes&#275; laika apst&#257;k&#316;u autom&#257;tika, sazinieties ar mums un sa&#326;emiet pied&#257;v&#257;jumu. Aizpildiet <a href=\"https:\/\/lauresta.lv\/pieprasijums\/\" target=\"_blank\" rel=\"noopener\">e-veidlapu<\/a>, zvaniet mums pa t&#257;lruni <a href=\"tel:+37167278800\" target=\"_blank\" rel=\"noopener\">+371 67278800<\/a> vai apmekl&#275;jiet <a href=\"https:\/\/lauresta.lv\/kontakti\/\" target=\"_blank\" rel=\"noopener\">LAURESTA salonu<\/a>.[\/vc_column_text][\/vc_column][\/vc_row]<\/p>\n<\/body><\/html>\n","protected":false},"excerpt":{"rendered":"<p>Tiem, kas tiec\u0101s uz maksim\u0101lo komfortu, \u2018\u2019Lauresta\u2019\u2019 pied\u0101v\u0101 saules, v\u0113ja, lietus un temperat\u016bras sensorus, kas autom\u0101tiski atv\u0113rs vai aizv\u0113rs j\u016bsu nosedzo\u0161\u0101s konstrukcijas, vadoties no laika apst\u0101k\u013ciem. Tie ir savietojami ar sekojo\u0161iem produktiem: iek\u0161ej\u0101m\/\u0101r\u0113j\u0101m rullo \u017eal\u016bzij\u0101m, iek\u0161\u0113j\u0101m\/\u0101r\u0113j\u0101m \u017eal\u016bzij\u0101m, mark\u012bz\u0113m, pergolu logiem un jumtiem.<\/p>\n","protected":false},"featured_media":42727,"template":"","meta":[],"product_cat":[6672],"product_tag":[6680,6743,6742],"class_list":{"0":"post-42720","1":"product","2":"type-product","3":"status-publish","4":"has-post-thumbnail","6":"product_cat-automatika-lv","7":"product_tag-no-saules","8":"product_tag-no-veja","9":"product_tag-prieks-majas","11":"first","12":"instock","13":"shipping-taxable","14":"purchasable","15":"product-type-simple"},"_links":{"self":[{"href":"https:\/\/www.lauresta.lt\/lv\/wp-json\/wp\/v2\/product\/42720","targetHints":{"allow":["GET"]}}],"collection":[{"href":"https:\/\/www.lauresta.lt\/lv\/wp-json\/wp\/v2\/product"}],"about":[{"href":"https:\/\/www.lauresta.lt\/lv\/wp-json\/wp\/v2\/types\/product"}],"wp:featuredmedia":[{"embeddable":true,"href":"https:\/\/www.lauresta.lt\/lv\/wp-json\/wp\/v2\/media\/42727"}],"wp:attachment":[{"href":"https:\/\/www.lauresta.lt\/lv\/wp-json\/wp\/v2\/media?parent=42720"}],"wp:term":[{"taxonomy":"product_cat","embeddable":true,"href":"https:\/\/www.lauresta.lt\/lv\/wp-json\/wp\/v2\/product_cat?post=42720"},{"taxonomy":"product_tag","embeddable":true,"href":"https:\/\/www.lauresta.lt\/lv\/wp-json\/wp\/v2\/product_tag?post=42720"}],"curies":[{"name":"wp","href":"https:\/\/api.w.org\/{rel}","templated":true}]}}