{"id":43188,"date":"2018-07-19T09:06:03","date_gmt":"2018-07-19T09:06:03","guid":{"rendered":"https:\/\/www.lauresta.lt\/produktai\/uncategorized\/nestandartiniai-roletai\/"},"modified":"2024-10-15T10:43:27","modified_gmt":"2024-10-15T07:43:27","slug":"rullo-zaluzijas-nestandarta-logiem","status":"publish","type":"product","link":"https:\/\/www.lauresta.lt\/lv\/produktai\/rullo-zaluzijas\/rullo-zaluzijas-nestandarta-logiem\/","title":{"rendered":"Rullo \u017eal\u016bzijas nestandarta logiem"},"content":{"rendered":"<!DOCTYPE html PUBLIC \"-\/\/W3C\/\/DTD HTML 4.0 Transitional\/\/EN\" \"http:\/\/www.w3.org\/TR\/REC-html40\/loose.dtd\">\n<?xml encoding=\"utf-8\" ?><html><body><p>[vc_row][vc_column][vc_column_text el_class=&rdquo;tabai&rdquo; css=&rdquo;.vc_custom_1727953491615{margin-right: 70px !important;margin-left: 70px !important;}&rdquo;]Nestandarta logu &#382;al&#363;ziju audums var vai nu br&#299;vi kar&#257;ties, vai ar&#299; ar kase&scaron;u pal&#299;dz&#299;bu atrasties cie&scaron;i nospriegots pie loga. Atkar&#299;b&#257; no loga formas un telpas un loga izm&#275;riem m&#275;s viegli atrad&#299;sim lab&#257;ko iesp&#275;jamo risin&#257;jumu j&#363;su loga noseg&scaron;anai.<\/p>\n<p>&nbsp;<\/p>\n<p>&nbsp;<\/p>\n<p>M&#275;s iesak&#257;m ar&#299; plis&#275;t&#257;s &#382;al&#363;zijas un vertik&#257;l&#257;s &#382;al&#363;zijas, jo t&#257;s var piel&#257;got liel&#257;kam nestandarta logu kl&#257;stam.<\/p>\n<p>&nbsp;<\/p>\n<p>&nbsp;<\/p>\n<p>Ja j&#363;s interes&#275;&nbsp; &#382;al&#363;zijas nestandarta logiem, sazinieties ar mums un sa&#326;emsiet individu&#257;lu pied&#257;v&#257;jumu, vai nu aizpildot <a href=\"https:\/\/www.lauresta.lt\/lv\/bezmaksas-merisana\/\" target=\"_blank\" rel=\"noopener\">elektronisko formu<\/a>&nbsp;vai piezvanot mums uz:&nbsp;<a href=\"tel:+37167278800\">+371 672 78800<\/a>&nbsp;vai&nbsp;<a href=\"tel:+37125556555\">+371 255 56555<\/a>, vai apmekl&#275;jot m&#363;su&nbsp;<a href=\"https:\/\/www.lauresta.lt\/lv\/kontaktai\/\">salonu R&#299;g&#257;<\/a>.[\/vc_column_text][\/vc_column][\/vc_row]<\/p>\n<\/body><\/html>\n","protected":false},"excerpt":{"rendered":"<p>Nestandarta rullo \u017eal\u016bzijas ir piem\u0113rotas visa veida nestandarta logiem: trapecveida, tr\u012bsst\u016bra, apa\u013ciem vai izliektiem. T\u0101s ir ar\u012b piem\u0113rotas \u013coti lieliem vai sl\u012bpiem logiem. Rullo \u017eal\u016bziju audums var b\u016bt gan br\u012bvi kar\u0101jo\u0161s vai cie\u0161i nospriegots pie loga.<\/p>\n","protected":false},"featured_media":47664,"template":"","meta":[],"product_cat":[6668],"product_tag":[6744],"class_list":{"0":"post-43188","1":"product","2":"type-product","3":"status-publish","4":"has-post-thumbnail","6":"product_cat-rullo-zaluzijas","7":"product_tag-uznemumiem","9":"first","10":"instock","11":"shipping-taxable","12":"purchasable","13":"product-type-simple"},"_links":{"self":[{"href":"https:\/\/www.lauresta.lt\/lv\/wp-json\/wp\/v2\/product\/43188","targetHints":{"allow":["GET"]}}],"collection":[{"href":"https:\/\/www.lauresta.lt\/lv\/wp-json\/wp\/v2\/product"}],"about":[{"href":"https:\/\/www.lauresta.lt\/lv\/wp-json\/wp\/v2\/types\/product"}],"wp:featuredmedia":[{"embeddable":true,"href":"https:\/\/www.lauresta.lt\/lv\/wp-json\/wp\/v2\/media\/47664"}],"wp:attachment":[{"href":"https:\/\/www.lauresta.lt\/lv\/wp-json\/wp\/v2\/media?parent=43188"}],"wp:term":[{"taxonomy":"product_cat","embeddable":true,"href":"https:\/\/www.lauresta.lt\/lv\/wp-json\/wp\/v2\/product_cat?post=43188"},{"taxonomy":"product_tag","embeddable":true,"href":"https:\/\/www.lauresta.lt\/lv\/wp-json\/wp\/v2\/product_tag?post=43188"}],"curies":[{"name":"wp","href":"https:\/\/api.w.org\/{rel}","templated":true}]}}