{"id":43303,"date":"2018-07-17T08:07:43","date_gmt":"2018-07-17T08:07:43","guid":{"rendered":"https:\/\/www.lauresta.lt\/produktai\/uncategorized\/tahoma-ismanus-namai\/"},"modified":"2024-11-25T16:22:44","modified_gmt":"2024-11-25T14:22:44","slug":"tahoma-gudra-maja","status":"publish","type":"product","link":"https:\/\/www.lauresta.lt\/lv\/produktai\/automatika-lv\/tahoma-gudra-maja\/","title":{"rendered":"TaHoma &#8211; gudr\u0101 m\u0101ja"},"content":{"rendered":"<!DOCTYPE html PUBLIC \"-\/\/W3C\/\/DTD HTML 4.0 Transitional\/\/EN\" \"http:\/\/www.w3.org\/TR\/REC-html40\/loose.dtd\">\n<?xml encoding=\"utf-8\" ?><html><body><p>[vc_row][vc_column css=&rdquo;.vc_custom_1546608504495{margin-top: 20px !important;}&rdquo;][vc_column_text el_class=&rdquo;tabai&rdquo; css=&rdquo;.vc_custom_1727956087692{margin-right: 30px !important;margin-left: 70px !important;}&rdquo;]TaHoma &ndash; viegli uzst&#257;d&#257;ma vied&#257;s m&#257;jas automatiz&#257;cijas sist&#275;ma, kas paredz&#275;ta vieglai un &#275;rtai m&#257;jas ier&#299;&#269;u vad&#299;bai. &Scaron;&#299; sist&#275;ma &#316;aus jums kontrol&#275;t iek&scaron;telpu un &#257;ra &#382;al&#363;zijas, rullo &#382;al&#363;zijas, mark&#299;zes, gar&#257;&#382;u durvis un piebraucamo ce&#316;u v&#257;rtus, pergolas s&#257;nu nosedzo&scaron;&#257;s konstrukcijas, logus un jumtu, k&#257; ar&#299; pagalma un m&#257;jas apgaismojumu.[\/vc_column_text][\/vc_column][\/vc_row][vc_row][vc_column width=&rdquo;1\/2&Prime; css=&rdquo;.vc_custom_1546608504495{margin-top: 20px !important;}&rdquo;][vc_column_text el_class=&rdquo;tabai&rdquo; css=&rdquo;.vc_custom_1727956101653{margin-right: 30px !important;margin-left: 70px !important;}&rdquo;]<strong>Papildus sekojo&scaron;as ier&#299;ces var tikt piesl&#275;gtas vied&#257;s m&#257;jas sist&#275;mai:<\/strong><\/p>\n<ul>\n<li>Signaliz&#257;cija un logu pret ielau&scaron;an&#257;s sensori;<\/li>\n<li>Videonov&#275;ro&scaron;anas kameras;<\/li>\n<li>Rozetes;<\/li>\n<li>Temperat&#363;ras, v&#275;ja, saules un lietus sensori;<\/li>\n<li>Kust&#299;bu un d&#363;mu detektori;<\/li>\n<li>Durvju un logu pret ielau&scaron;an&#257;s sensori;<\/li>\n<li>Sild&#299;t&#257;ji;<\/li>\n<li>Ventil&#257;cijas apr&#299;kojums;<\/li>\n<li>Galven&#257;s ieejas durvis.<\/li>\n<\/ul>\n<p>[\/vc_column_text][\/vc_column][vc_column width=&rdquo;1\/2&Prime; css=&rdquo;.vc_custom_1546608511624{margin-top: 20px !important;}&rdquo;][vc_column_text el_class=&rdquo;tabai&rdquo; css=&rdquo;.vc_custom_1727956115533{margin-right: 70px !important;margin-left: 30px !important;}&rdquo;]&Scaron;&#299; vied&#257;s m&#257;jas automatiz&#257;cijas sist&#275;ma &#316;auj centraliz&#275;t autom&#257;tisko funkciju vad&#299;bu. Visas pieejam&#257;s automatiz&#257;cijas ier&#299;ces var vad&#299;t, izmantojot vienu viedt&#257;lruni, datoru ar interneta savienojumu vai modernu pulti. &Scaron;&#299; sist&#275;ma ir dro&scaron;&#257;ka, nek&#257; t&#257;s konkurentiem, izmantojot vadu interneta savienojumu. Turpret&#299; citas sist&#275;mas izmanto nedro&scaron;u Wi-Fi t&#299;klu, kuru var viegli uzlauzt. Vied&#257; m&#257;jas automatiz&#257;cijas sist&#275;ma TaHoma darbojas ar ier&#299;c&#275;m, kas sader&#299;gas ar RTS un IO protokoliem.[\/vc_column_text][\/vc_column][\/vc_row][vc_row][vc_column css=&rdquo;.vc_custom_1546608504495{margin-top: 20px !important;}&rdquo;][vc_column_text el_class=&rdquo;tabai&rdquo; css=&rdquo;.vc_custom_1727956130329{margin-right: 30px !important;margin-left: 70px !important;}&rdquo;]TaHoma vied&#257;s m&#257;jas automatiz&#257;cijas sist&#275;mas standarta paka:<\/p>\n<ul>\n<li>Vad&#299;bas bloks;<\/li>\n<li>Vad&#299;bas bloka str&#257;vas kabelis;<\/li>\n<li>Interneta kabelis vad&#299;bas bloka savieno&scaron;anai ar internetu (dro&scaron;&#299;bas labad j&#257;izmanto tikai vadu savienojumi);<\/li>\n<li>Lieto&scaron;anas instrukcija.<\/li>\n<\/ul>\n<p>&nbsp;<\/p>\n<p>Vied&#257;s m&#257;jas automatiz&#257;cijas sist&#275;ma TaHoma &#316;auj kontrol&#275;t un pieskat&#299;t savu m&#257;ju att&#257;lin&#257;ti, izmantojot viedt&#257;lruni vai datoru ar interneta piesl&#275;gumu. Pas&#363;tot kontaktligzdas adapterus, j&#363;s varat tos atsp&#275;jot vai iesp&#275;jot, atrodoties &#257;rpus m&#257;j&#257;m, lai nodro&scaron;in&#257;tu ugunsdro&scaron;&#299;bu.[\/vc_column_text][\/vc_column][\/vc_row][vc_row css=&rdquo;.vc_custom_1584005201261{margin-top: 20px !important;}&rdquo;][vc_column width=&rdquo;1\/3&Prime; css=&rdquo;.vc_custom_1546608504495{margin-top: 20px !important;}&rdquo;][vc_single_image image=&rdquo;42741&Prime; img_size=&rdquo;full&rdquo; alignment=&rdquo;center&rdquo; title=&rdquo;SAULES SENSORS&rdquo; el_class=&rdquo;tabai&rdquo; css=&rdquo;.vc_custom_1728543339476{margin-right: 30px !important;margin-left: 70px !important;}&rdquo;][\/vc_column][vc_column width=&rdquo;1\/3&Prime; css=&rdquo;.vc_custom_1546608511624{margin-top: 20px !important;}&rdquo;][vc_single_image image=&rdquo;43321&Prime; img_size=&rdquo;full&rdquo; alignment=&rdquo;center&rdquo; title=&rdquo;IEK&Scaron;TELPU KUST&#298;BU SENSORS&rdquo; el_class=&rdquo;tabai&rdquo; css=&rdquo;.vc_custom_1728543348963{margin-right: 30px !important;margin-left: 30px !important;}&rdquo;][\/vc_column][vc_column width=&rdquo;1\/3&Prime;][vc_single_image image=&rdquo;43319&Prime; img_size=&rdquo;full&rdquo; alignment=&rdquo;center&rdquo; title=&rdquo;DURVJU SENSORS&rdquo; el_class=&rdquo;tabai&rdquo; css=&rdquo;.vc_custom_1728543358347{margin-right: 30px !important;margin-left: 30px !important;}&rdquo;][\/vc_column][\/vc_row][vc_row css=&rdquo;.vc_custom_1584005209864{margin-top: 20px !important;}&rdquo;][vc_column width=&rdquo;1\/3&Prime; css=&rdquo;.vc_custom_1546608504495{margin-top: 20px !important;}&rdquo;][vc_single_image image=&rdquo;43334&Prime; img_size=&rdquo;full&rdquo; alignment=&rdquo;center&rdquo; title=&rdquo;D&#362;MU DETEKTORS&rdquo; el_class=&rdquo;tabai&rdquo; css=&rdquo;.vc_custom_1728584564357{margin-right: 30px !important;margin-left: 70px !important;}&rdquo;][\/vc_column][vc_column width=&rdquo;1\/3&Prime; css=&rdquo;.vc_custom_1546608511624{margin-top: 20px !important;}&rdquo;][vc_single_image image=&rdquo;43336&Prime; img_size=&rdquo;full&rdquo; alignment=&rdquo;center&rdquo; title=&rdquo;IEK&Scaron;TELPU UGUNSGR&#274;KA SIGNALIZ&#256;CIJA&rdquo; el_class=&rdquo;tabai&rdquo; css=&rdquo;.vc_custom_1728543381867{margin-right: 30px !important;margin-left: 30px !important;}&rdquo;][\/vc_column][vc_column width=&rdquo;1\/3&Prime;][vc_single_image image=&rdquo;43320&Prime; img_size=&rdquo;full&rdquo; alignment=&rdquo;center&rdquo; title=&rdquo;IEK&Scaron;TELPU KAMERA AR KUST&#298;BU SENSORU&rdquo; el_class=&rdquo;tabai&rdquo; css=&rdquo;.vc_custom_1728543390648{margin-right: 30px !important;margin-left: 30px !important;}&rdquo;][\/vc_column][\/vc_row][vc_row css=&rdquo;.vc_custom_1584005217126{margin-top: 20px !important;}&rdquo;][vc_column width=&rdquo;1\/3&Prime; css=&rdquo;.vc_custom_1546608504495{margin-top: 20px !important;}&rdquo;][vc_single_image image=&rdquo;43333&Prime; img_size=&rdquo;full&rdquo; alignment=&rdquo;center&rdquo; title=&rdquo;TEMPERAT&#362;RAS SENSORS&rdquo; el_class=&rdquo;tabai&rdquo; css=&rdquo;.vc_custom_1728543407520{margin-right: 30px !important;margin-left: 70px !important;}&rdquo;][\/vc_column][vc_column width=&rdquo;1\/3&Prime; css=&rdquo;.vc_custom_1546608511624{margin-top: 20px !important;}&rdquo;][vc_single_image image=&rdquo;43331&Prime; img_size=&rdquo;full&rdquo; alignment=&rdquo;center&rdquo; title=&rdquo;KAMERA, KUST&#298;BU SENSORS UN UGUNSGR&#274;KA SIGNALIZ&#256;CIJA &ndash; TR&#298;S VIEN&#256;&rdquo; el_class=&rdquo;tabai&rdquo; css=&rdquo;.vc_custom_1728543417619{margin-right: 30px !important;margin-left: 30px !important;}&rdquo;][\/vc_column][vc_column width=&rdquo;1\/3&Prime;][vc_single_image image=&rdquo;43337&Prime; img_size=&rdquo;full&rdquo; alignment=&rdquo;center&rdquo; title=&rdquo;PRET IELAU&Scaron;AN&#256;S SENSORS&rdquo; el_class=&rdquo;tabai&rdquo; css=&rdquo;.vc_custom_1728543427672{margin-right: 30px !important;margin-left: 30px !important;}&rdquo;][\/vc_column][\/vc_row][vc_row css=&rdquo;.vc_custom_1584005224366{margin-top: 20px !important;}&rdquo;][vc_column width=&rdquo;1\/3&Prime; css=&rdquo;.vc_custom_1546608504495{margin-top: 20px !important;}&rdquo;][vc_single_image image=&rdquo;43323&Prime; img_size=&rdquo;full&rdquo; alignment=&rdquo;center&rdquo; title=&rdquo;VIDEO NOV&#274;RO&Scaron;ANAS KAMERA&rdquo; el_class=&rdquo;tabai&rdquo; css=&rdquo;.vc_custom_1728543445091{margin-right: 30px !important;margin-left: 70px !important;}&rdquo;][\/vc_column][vc_column width=&rdquo;1\/3&Prime; css=&rdquo;.vc_custom_1546608511624{margin-top: 20px !important;}&rdquo;][vc_single_image image=&rdquo;43338&Prime; img_size=&rdquo;full&rdquo; alignment=&rdquo;center&rdquo; title=&rdquo;VIED&#256; ATSL&#274;GA&rdquo; el_class=&rdquo;tabai&rdquo; css=&rdquo;.vc_custom_1728543454625{margin-right: 30px !important;margin-left: 30px !important;}&rdquo;][\/vc_column][vc_column width=&rdquo;1\/3&Prime;][vc_single_image image=&rdquo;43339&Prime; img_size=&rdquo;full&rdquo; alignment=&rdquo;center&rdquo; title=&rdquo;SCEN&#256;RIJA SL&#274;D&#381;I&rdquo; el_class=&rdquo;tabai&rdquo; css=&rdquo;.vc_custom_1728543463971{margin-right: 30px !important;margin-left: 30px !important;}&rdquo;][\/vc_column][\/vc_row][vc_row css=&rdquo;.vc_custom_1584005233078{margin-top: 20px !important;}&rdquo;][vc_column width=&rdquo;1\/3&Prime; css=&rdquo;.vc_custom_1546608504495{margin-top: 20px !important;}&rdquo;][vc_single_image image=&rdquo;43340&Prime; img_size=&rdquo;full&rdquo; alignment=&rdquo;center&rdquo; title=&rdquo;EKR&#256;NS&rdquo; el_class=&rdquo;tabai&rdquo; css=&rdquo;.vc_custom_1728543474665{margin-right: 30px !important;margin-left: 70px !important;}&rdquo;][\/vc_column][vc_column width=&rdquo;1\/3&Prime; css=&rdquo;.vc_custom_1546608511624{margin-top: 20px !important;}&rdquo;][vc_single_image image=&rdquo;43341&Prime; img_size=&rdquo;full&rdquo; alignment=&rdquo;center&rdquo; title=&rdquo;APGAISMOJUMA SL&#274;DZIS&rdquo; el_class=&rdquo;tabai&rdquo; css=&rdquo;.vc_custom_1728543484576{margin-right: 30px !important;margin-left: 30px !important;}&rdquo;][\/vc_column][vc_column width=&rdquo;1\/3&Prime;][vc_single_image image=&rdquo;43342&Prime; img_size=&rdquo;full&rdquo; alignment=&rdquo;center&rdquo; title=&rdquo;PL&#362;DU SENSORS&rdquo; el_class=&rdquo;tabai&rdquo; css=&rdquo;.vc_custom_1728543493692{margin-right: 30px !important;margin-left: 30px !important;}&rdquo;][\/vc_column][\/vc_row][vc_row][vc_column width=&rdquo;1\/3&Prime; css=&rdquo;.vc_custom_1546608504495{margin-top: 20px !important;}&rdquo;][vc_single_image image=&rdquo;43343&Prime; img_size=&rdquo;full&rdquo; alignment=&rdquo;center&rdquo; title=&rdquo;T&#256;LVAD&#298;BAS PULTS&rdquo; el_class=&rdquo;tabai&rdquo; css=&rdquo;.vc_custom_1728543503033{margin-right: 30px !important;margin-left: 70px !important;}&rdquo;][\/vc_column][vc_column width=&rdquo;1\/3&Prime; css=&rdquo;.vc_custom_1546608511624{margin-top: 20px !important;}&rdquo;][\/vc_column][vc_column width=&rdquo;1\/3&Prime; css=&rdquo;.vc_custom_1584005261677{margin-top: 20px !important;}&rdquo;][\/vc_column][\/vc_row][vc_row][vc_column width=&rdquo;1\/2&Prime; css=&rdquo;.vc_custom_1546608504495{margin-top: 20px !important;}&rdquo;][\/vc_column][vc_column width=&rdquo;1\/2&Prime; css=&rdquo;.vc_custom_1546608511624{margin-top: 20px !important;}&rdquo;][\/vc_column][\/vc_row][vc_row][vc_column css=&rdquo;.vc_custom_1546608504495{margin-top: 20px !important;}&rdquo;][vc_separator][\/vc_column][\/vc_row][vc_row][vc_column width=&rdquo;1\/2&Prime; css=&rdquo;.vc_custom_1555414001468{margin-top: 20px !important;}&rdquo;][vc_column_text el_class=&rdquo;tabai&rdquo; css=&rdquo;.vc_custom_1727956147738{margin-right: 30px !important;margin-left: 70px !important;}&rdquo;]<\/p>\n<h3><strong>VIED&#256;S M&#256;JAS AUTOMATIZ&#256;CIJAS SIST&#274;MA TAHOMA PRIEK&Scaron;ROC&#298;BAS UN &#298;PA&Scaron;&#298;BAS:<\/strong><\/h3>\n<p>&nbsp;<\/p>\n<p><strong>Viegla uzst&#257;d&#299;&scaron;ana bez papildus vadiem<\/strong><\/p>\n<p>Viegla uzst&#257;d&#299;&scaron;ana bez papildus vadiem&nbsp;<a href=\"https:\/\/www.somfy-connect.com\/en\/?rdn=1\" target=\"_blank\" rel=\"noopener\">www.somfy-connect.com<\/a>&nbsp;P&#275;c tam viedt&#257;lrun&#299; instal&#275;jiet lietojumprogrammu un pievienojiet m&#257;jas ier&#299;ces. Tas ir viss &ndash; tagad j&#363;s varat izmantot savu vied&#257;s m&#257;jas automatiz&#257;cijas sist&#275;mu TaHoma![\/vc_column_text][\/vc_column][vc_column width=&rdquo;1\/2&Prime; css=&rdquo;.vc_custom_1546608511624{margin-top: 20px !important;}&rdquo;][vc_column_text el_class=&rdquo;tabai&rdquo; css=&rdquo;.vc_custom_1727956161218{margin-right: 70px !important;margin-left: 30px !important;}&rdquo;]<strong>Liel&#257;ka dro&scaron;&#299;ba<\/strong><\/p>\n<p>Savienojot kameras ar viedt&#257;lruni vai datoru, j&#363;s varat savu m&#257;ju pieskat&#299;t pat tad, ja esat prom. Integr&#275;ta kust&#299;ba, pl&#363;du sensori un d&#363;mu detektori nos&#363;t&#299;s br&#299;din&#257;jumu tie&scaron;i uz j&#363;su viedt&#257;lruni. Turkl&#257;t j&#363;s varat &#316;aut kaimi&#326;iem vai cit&#257;m uzticam&#257;m person&#257;m sa&#326;emt ar&#299; &scaron;os br&#299;din&#257;jumus. &ldquo;Br&#299;vdienu re&#382;&#299;ms&rdquo; imit&#275;s j&#363;su atra&scaron;anos m&#257;j&#257;s, autom&#257;tiski atverot un aizverot logu nosedzo&scaron;&#257;s ier&#299;ces, iesl&#275;dzot un izsl&#275;dzot apgaismojumu, lai ikviens potenci&#257;lais zaglis p&#257;rdom&#257;tu, pirms atva&#316;in&#257;juma laik&#257; iebr&#363;k j&#363;su m&#257;j&#257;s.[\/vc_column_text][\/vc_column][\/vc_row][vc_row][vc_column width=&rdquo;1\/2&Prime; css=&rdquo;.vc_custom_1546608504495{margin-top: 20px !important;}&rdquo;][vc_column_text el_class=&rdquo;tabai&rdquo; css=&rdquo;.vc_custom_1727956184933{margin-right: 30px !important;margin-left: 70px !important;}&rdquo;]<strong>Nav abon&#275;&scaron;anas maksas<\/strong><\/p>\n<p>Jums neb&#363;s j&#257;maks&#257; nek&#257;das papildu maksas &ndash; vied&#257;s m&#257;jas automatiz&#257;cijas sist&#275;mai TaHoma nav m&#275;ne&scaron;a vai abon&#275;&scaron;anas maksas, un t&#257; neuzliek jums maksu par nevienu br&#299;din&#257;jumu vai pazi&#326;ojumu. Kad esat to ieg&#257;d&#257;jies, tas patie&scaron;&#257;m ir j&#363;su![\/vc_column_text][\/vc_column][vc_column width=&rdquo;1\/2&Prime; css=&rdquo;.vc_custom_1546608511624{margin-top: 20px !important;}&rdquo;][vc_column_text el_class=&rdquo;tabai&rdquo; css=&rdquo;.vc_custom_1732544421480{margin-right: 70px !important;margin-left: 30px !important;}&rdquo;]<strong>Ietaupiet laiku &ndash; t&#275;r&#275;jiet to liet&#257;m, kas jums pat&#299;k.<\/strong><\/p>\n<p>Izmantojot skriptu &ldquo;Izejot no m&#257;j&#257;m&rdquo;, varat aizv&#275;rt visus logus ar &#382;al&#363;zij&#257;m, sl&#275;&#291;iem vai aizkariem un aizsl&#275;gt durvis, aizv&#275;rt terases\/gar&#257;&#382;as durvis, samazin&#257;t apkures katla siltuma ra&#382;o&scaron;anu, izsl&#275;gt apgaismojumu vai citas elektroier&#299;ces, aktiviz&#275;t signaliz&#257;ciju, kameru un kust&#299;bu detektorus ar vienu pogas piesk&#257;rienu, kad pametat m&#257;ju.[\/vc_column_text][\/vc_column][\/vc_row][vc_row][vc_column width=&rdquo;1\/2&Prime; css=&rdquo;.vc_custom_1546608504495{margin-top: 20px !important;}&rdquo;][vc_column_text el_class=&rdquo;tabai&rdquo; css=&rdquo;.vc_custom_1732544476773{margin-right: 30px !important;margin-left: 70px !important;}&rdquo;]<strong>Maz&#257;k vad&#299;bas pane&#316;u m&#257;j&#257;s<\/strong><\/p>\n<p>Katrai ier&#299;cei nav nepiecie&scaron;ams t&#257;lvad&#299;bas pults &ndash; ietaupiet vietu m&#257;j&#257;s un izmantojiet m&#363;sdien&#299;gu risin&#257;jumu &ndash; varat visu kontrol&#275;t ar mobilo t&#257;lruni. Klienti parasti uzst&#257;da papildu bezvadu sl&#275;d&#382;us atsevi&scaron;&#311;&#257;m ier&#299;c&#275;m un vienu TaHoma t&#257;lvad&#299;bas pulti vis&#257;m ier&#299;c&#275;m.[\/vc_column_text][\/vc_column][vc_column width=&rdquo;1\/2&Prime; css=&rdquo;.vc_custom_1546608511624{margin-top: 20px !important;}&rdquo;][vc_column_text el_class=&rdquo;tabai&rdquo; css=&rdquo;.vc_custom_1732544498483{margin-right: 70px !important;margin-left: 30px !important;}&rdquo;]<strong>J&#363;su dati ir dro&scaron;&#299;b&#257;<\/strong><\/p>\n<p>J&#363;su personas dati server&#299; b&#363;s &#316;oti dro&scaron;i, jo TaHoma izmanto &#299;pa&scaron;i dro&scaron;u un pret uzlau&scaron;anu aizsarg&#257;tu iek&scaron;&#275;jo serveri, ko apliecina Syss Award dro&scaron;&#299;bas sertifik&#257;ts. L&#363;dzu, &#326;emiet v&#275;r&#257;, ka TaHoma vad&#299;bas ier&#299;cei ir nepiecie&scaron;ams vadu interneta savienojums, nevis nedro&scaron;s Wi-Fi savienojums.[\/vc_column_text][\/vc_column][\/vc_row][vc_row][vc_column width=&rdquo;1\/2&Prime; css=&rdquo;.vc_custom_1546608504495{margin-top: 20px !important;}&rdquo;][vc_column_text el_class=&rdquo;tabai&rdquo; css=&rdquo;.vc_custom_1732544454235{margin-right: 30px !important;margin-left: 70px !important;}&rdquo;]<strong>Pa&scaron;u izdom&#257;tu scen&#257;riju veido&scaron;ana<\/strong><\/p>\n<p>Varat izveidot jebk&#257;dus scen&#257;rijus, lai tie atbilstu j&#363;su vajadz&#299;b&#257;m, piem&#275;ram, cel&scaron;an&#257;s no r&#299;ta, izie&scaron;ana no m&#257;jas, do&scaron;an&#257;s gul&#275;t, ned&#275;&#316;as nogales r&#299;ti utt. Izveidojiet scen&#257;rijus, kas &#316;auj jums kontrol&#275;t savu m&#257;ju, piem&#275;ram, &ldquo;izie&scaron;anas no m&#257;jas scen&#257;rijs&rdquo; &ndash; kad visas &#382;al&#363;zijas, sl&#275;&#291;i un jumta logi ir aizv&#275;rti, gaismas ir izsl&#275;gtas, nevajadz&#299;g&#257;s elektroier&#299;ces ir izsl&#275;gtas. Cits piem&#275;rs ir &ldquo;atva&#316;in&#257;juma re&#382;&#299;ms&rdquo; &ndash; kad dodaties atva&#316;in&#257;jum&#257;, sist&#275;ma iesl&#275;dz un izsl&#275;dz apgaismojumu m&#257;j&#257;, atver\/aizver &#382;al&#363;zijas\/&#382;al&#363;zijas, radot iespaidu, ka k&#257;ds atrodas m&#257;j&#257; (paredz&#275;ts, lai attur&#275;tu iebruc&#275;jus). Ir iesp&#275;jams izveidot ar&#299; ned&#275;&#316;as grafiku: personaliz&#275;jiet vad&#299;bu atbilsto&scaron;i ned&#275;&#316;as dien&#257;m (piem&#275;ram, darba dien&#257;s &#382;al&#363;zijas\/&#382;al&#363;zijas atveras taj&#257; laik&#257;, kad no r&#299;ta piece&#316;aties, bet ned&#275;&#316;as nogal&#275;s &ndash; daudz v&#275;l&#257;k). Varat izveidot atbilsto&scaron;us scen&#257;rijus, izmantojot viedos sensorus: ier&#299;ces autom&#257;tiski kontrol&#275;sies atkar&#299;b&#257; no saules gaismas intensit&#257;tes, temperat&#363;ras, v&#275;ja &#257;truma, lietus. Varat ier&#299;ces grup&#275;t, piem&#275;ram, vien&#257; telp&#257; aizv&#275;rt &#382;al&#363;zijas un iesl&#275;gt gaismu ar vienu piesk&#257;rienu.[\/vc_column_text][\/vc_column][vc_column width=&rdquo;1\/2&Prime; css=&rdquo;.vc_custom_1546608511624{margin-top: 20px !important;}&rdquo;][vc_column_text el_class=&rdquo;tabai&rdquo; css=&rdquo;.vc_custom_1732544522075{margin-right: 70px !important;margin-left: 30px !important;}&rdquo;]<strong>V&#275;s&#257;kas telpas vasar&#257;, silt&#257;kas telpas ziem&#257;<\/strong><\/p>\n<p>Pateicoties skriptu iestat&#299;&scaron;anas iesp&#275;jai, j&#363;su logi vasar&#257; tiks savlaic&#299;gi aizsegti no saules ar rullo &#382;al&#363;zij&#257;m, aizkariem vai &#382;al&#363;zij&#257;m, bet ziem&#257; &ndash; savlaic&#299;gi atv&#275;rti, lai sa&#326;emtu sauli. Integr&#275;tie saules un temperat&#363;ras sensori pastiprin&#257;s &scaron;o efektu, padarot j&#363;su m&#257;ju silt&#257;ku ziem&#257; un v&#275;s&#257;ku vasar&#257;.[\/vc_column_text][vc_column_text el_class=&rdquo;tabai&rdquo; css=&rdquo;.vc_custom_1727956274541{margin-right: 70px !important;margin-left: 30px !important;}&rdquo;]<strong>M&#257;j&#257;s atgrie&#382;oties vienm&#275;r ir silti un m&#257;j&#299;gi<\/strong><\/p>\n<p>Att&#257;lin&#257;t&#257; vad&#299;ba &#316;aus jums sagatavot ier&#299;ces t&#257;, lai p&#275;c ilg&#257;ka laika pavad&#299;&scaron;anas &#257;rpus m&#257;j&#257;m (piem&#275;ram, br&#299;vdien&#257;s) j&#363;s tiktu &ldquo;sagaid&#299;ti m&#257;j&#257;s&rdquo;. Da&#382;as stundas pirms pl&#257;not&#257;s atgrie&scaron;an&#257;s t&#257; attiec&#299;gi iesl&#275;dz sild&#299;t&#257;jus vai dzes&#275;t&#257;jus, nodro&scaron;inot, ka, atgrie&#382;oties, j&#363;s j&#363;taties k&#257; m&#257;j&#257;s.[\/vc_column_text][\/vc_column][\/vc_row][vc_row][vc_column width=&rdquo;1\/2&Prime; css=&rdquo;.vc_custom_1546608504495{margin-top: 20px !important;}&rdquo;][vc_column_text el_class=&rdquo;tabai&rdquo; css=&rdquo;.vc_custom_1727956289501{margin-right: 30px !important;margin-left: 70px !important;}&rdquo;]<strong>Moderni automatiz&#257;cijas risin&#257;jumi<\/strong><\/p>\n<p>J&#363;s variet ieprogramm&#275;t savas m&#257;jas ier&#299;ces, lai t&#257;s autom&#257;tiski atv&#275;rtos \/ iesl&#275;gtos atkar&#299;b&#257; no t&#257;, cik tuvu esat no m&#257;j&#257;m. Iedom&#257;jieties: tie&scaron;i tuvojoties savai m&#257;jai, tiek atv&#275;rti piebraucam&#257; ce&#316;a v&#257;rti un gar&#257;&#382;as durvis, kam&#275;r gaismas iedegas pa&scaron;as.[\/vc_column_text][\/vc_column][vc_column width=&rdquo;1\/2&Prime; css=&rdquo;.vc_custom_1546608511624{margin-top: 20px !important;}&rdquo;][vc_column_text el_class=&rdquo;tabai&rdquo; css=&rdquo;.vc_custom_1727956305582{margin-right: 70px !important;margin-left: 30px !important;}&rdquo;]<strong>&#274;rt&#257;ka dz&#299;ve bez stresa<\/strong><\/p>\n<p>Gar&#257;&#382;as durvis un brauktuves v&#257;rtus varat atv&#275;rt att&#257;lin&#257;ti. Iedom&#257;jieties: j&#363;su viesi ir ieradu&scaron;ies, bet j&#363;s joproj&#257;m esat iestr&#275;dzis gar&#257; iepirk&scaron;an&#257;s rind&#257;. Nav probl&#275;mu &ndash; j&#363;s varat ielaist viesus, izmantojot viedt&#257;lruni, atverot piebraucam&#257; ce&#316;a v&#257;rtus, atblo&#311;&#275;jot durvis un izsl&#275;dzot signaliz&#257;ciju![\/vc_column_text][\/vc_column][\/vc_row][vc_row][vc_column css=&rdquo;.vc_custom_1546608504495{margin-top: 20px !important;}&rdquo;][vc_column_text el_class=&rdquo;tabai&rdquo; css=&rdquo;.vc_custom_1727956342390{margin-right: 30px !important;margin-left: 70px !important;}&rdquo;]Ja j&#363;s interes&#275; vied&#257;s m&#257;jas autom&#257;tisk&#257; sist&#275;ma, sazinieties ar mums un sa&#326;emiet pied&#257;v&#257;jumu. Aizpildiet <a href=\"https:\/\/www.lauresta.lt\/lv\/bezmaksas-merisana\/\" target=\"_blank\" rel=\"noopener\">e-veidlapu<\/a>, zvaniet mums pa t&#257;lruni&nbsp;&nbsp;<a href=\"tel:+37167278800\" target=\"_blank\" rel=\"noopener\">+371 67278800<\/a> vai apmekl&#275;jiet <a href=\"https:\/\/www.lauresta.lt\/lv\/kontaktai\/\" target=\"_blank\" rel=\"noopener\">LAURESTA salonu<\/a>.[\/vc_column_text][\/vc_column][\/vc_row]<\/p>\n<\/body><\/html>\n","protected":false},"excerpt":{"rendered":"<p>Vied\u0101s m\u0101jas tehnolo\u0123ija \u013caus jums vad\u012bt logu nosedzo\u0161\u0101s konstrukcijas un citas vied\u0101s ier\u012bces \u0113rt\u0101k. Katra no j\u016bsu logus nosedzo\u0161aj\u0101m konstrukcij\u0101m, gar\u0101\u017eas v\u0101rti, mark\u012bzes, pagalma vai m\u0101jas apgaismojums var tikt pievienoti pie fran\u010du ra\u017eot\u0101ja \u2018\u2019SOMFY\u2019\u2019 izveidot\u0101s vied\u0101s m\u0101jas sist\u0113mas \u2018\u2019Tahoma\u2019\u2019. Pateicoties \u0161ai sist\u0113mai j\u016bs var\u0113siet vad\u012bt j\u016bsu ier\u012bces ar t\u0101lvad\u012bbas pults, interneta vai viedt\u0101lru\u0146a aplik\u0101cijas pal\u012bdz\u012bbu. J\u016bsu m\u0101ja var jums nodro\u0161in\u0101t liel\u0101ku komfortu, nek\u0101 jebkas agr\u0101k.<\/p>\n","protected":false},"featured_media":43312,"template":"","meta":[],"product_cat":[6672],"product_tag":[6726,6742],"class_list":{"0":"post-43303","1":"product","2":"type-product","3":"status-publish","4":"has-post-thumbnail","6":"product_cat-automatika-lv","7":"product_tag-drosibai","8":"product_tag-prieks-majas","10":"first","11":"instock","12":"shipping-taxable","13":"purchasable","14":"product-type-simple"},"_links":{"self":[{"href":"https:\/\/www.lauresta.lt\/lv\/wp-json\/wp\/v2\/product\/43303","targetHints":{"allow":["GET"]}}],"collection":[{"href":"https:\/\/www.lauresta.lt\/lv\/wp-json\/wp\/v2\/product"}],"about":[{"href":"https:\/\/www.lauresta.lt\/lv\/wp-json\/wp\/v2\/types\/product"}],"wp:featuredmedia":[{"embeddable":true,"href":"https:\/\/www.lauresta.lt\/lv\/wp-json\/wp\/v2\/media\/43312"}],"wp:attachment":[{"href":"https:\/\/www.lauresta.lt\/lv\/wp-json\/wp\/v2\/media?parent=43303"}],"wp:term":[{"taxonomy":"product_cat","embeddable":true,"href":"https:\/\/www.lauresta.lt\/lv\/wp-json\/wp\/v2\/product_cat?post=43303"},{"taxonomy":"product_tag","embeddable":true,"href":"https:\/\/www.lauresta.lt\/lv\/wp-json\/wp\/v2\/product_tag?post=43303"}],"curies":[{"name":"wp","href":"https:\/\/api.w.org\/{rel}","templated":true}]}}