{"id":43407,"date":"2018-07-16T13:49:46","date_gmt":"2018-07-16T13:49:46","guid":{"rendered":"https:\/\/www.lauresta.lt\/produktai\/uncategorized\/stacionarios-fasadines-zaliuzes\/"},"modified":"2024-10-15T10:48:52","modified_gmt":"2024-10-15T07:48:52","slug":"stacionaras-fasades-zaluzijas","status":"publish","type":"product","link":"https:\/\/www.lauresta.lt\/lv\/produktai\/fasades-risinajumi\/stacionaras-fasades-zaluzijas\/","title":{"rendered":"Stacion\u0101r\u0101s fas\u0101des \u017eal\u016bzijas"},"content":{"rendered":"<!DOCTYPE html PUBLIC \"-\/\/W3C\/\/DTD HTML 4.0 Transitional\/\/EN\" \"http:\/\/www.w3.org\/TR\/REC-html40\/loose.dtd\">\n<?xml encoding=\"utf-8\" ?><html><body><p>[vc_row][vc_column width=&rdquo;1\/2&Prime; css=&rdquo;.vc_custom_1546608504495{margin-top: 20px !important;}&rdquo;][vc_column_text el_class=&rdquo;tabai&rdquo; css=&rdquo;.vc_custom_1727957933948{margin-right: 30px !important;margin-left: 70px !important;}&rdquo;]&Scaron;&#299; saules kontroles sist&#275;ma ir perfekta visu veidu b&#363;v&#275;m un vajadz&#299;b&#257;m:<\/p>\n<ul>\n<li>jaun&#257;m vai renov&#275;t&#257;m &#275;k&#257;m;<\/li>\n<li>m&#363;sdien&#299;gi biznesa un zin&#257;tnes centri, tirdzniec&#299;bas centri, galerijas un citas &#275;kas, kuru liel&#257;k&#257; fas&#257;des da&#316;a ir izgatavota no stikla;<\/li>\n<li>veikali ar liel&#257;m vitr&#299;n&#257;m vai &#275;kas ar lieliem logiem. &Scaron;&#299; sist&#275;ma aizsarg&#257; lielas stikla virsmas no tie&scaron;iem saules stariem un regul&#275; ien&#257;ko&scaron;&#257;s saules gaismas daudzumu.<\/li>\n<\/ul>\n<p>[\/vc_column_text][\/vc_column][vc_column width=&rdquo;1\/2&Prime; css=&rdquo;.vc_custom_1546608511624{margin-top: 20px !important;}&rdquo;][\/vc_column][\/vc_row][vc_row][vc_column width=&rdquo;1\/2&Prime; css=&rdquo;.vc_custom_1546608504495{margin-top: 20px !important;}&rdquo;][vc_column_text el_class=&rdquo;tabai&rdquo; css=&rdquo;.vc_custom_1727957948532{margin-right: 30px !important;margin-left: 70px !important;}&rdquo;]Liel&#257;k&#257;s &scaron;o &#382;al&#363;ziju priek&scaron;roc&#299;bas izj&#363;t cilv&#275;ki, kas str&#257;d&#257; birojos: &scaron;&#299;s &#382;al&#363;zijas pal&#299;dz uztur&#275;t atbilsto&scaron;u istabas temperat&#363;ru, kas &#316;auj str&#257;d&#257;t efekt&#299;v&#257;k.[\/vc_column_text][vc_column_text el_class=&rdquo;tabai&rdquo; css=&rdquo;.vc_custom_1727957961444{margin-right: 30px !important;margin-left: 70px !important;}&rdquo;]Lameles ir galven&#257; &scaron;o saules kontroles sist&#275;mu sast&#257;vda&#316;a. T&#257;s ir izgatavotas no alum&#299;nija un t&#257;m piem&#299;t v&#275;rt&#299;gas &#299;pa&scaron;&#299;bas, k&#257; iztur&#299;ba, iztur&#299;bu pret koroziju, un t&#257;s ir viegli uzst&#257;d&#299;t.[\/vc_column_text][vc_column_text el_class=&rdquo;tabai&rdquo; css=&rdquo;.vc_custom_1727957973471{margin-right: 30px !important;margin-left: 70px !important;}&rdquo;]Fiks&#275;tas alum&#299;nija &#382;al&#363;zijas ir m&#363;sdien&#299;gs risin&#257;jums, lai regul&#275;tu saules gaismas daudzumu, kas non&#257;k telp&#257;, un samazina gaisa kondicion&#275;&scaron;anas izmaksas. Ir pieejami vair&#257;ki fiks&#275;tu lame&#316;u le&#326;&#311;u varianti.<\/p>\n<p>&ldquo;Lauresta&rdquo; speci&#257;listi labpr&#257;t pal&#299;dz&#275;s tiem, kuriem ir gr&#363;ti izv&#275;l&#275;ties piem&#275;rotu saules aizsardz&#299;bas sist&#275;mu.[\/vc_column_text][\/vc_column][vc_column width=&rdquo;1\/2&Prime;][vc_single_image image=&rdquo;43429&Prime; img_size=&rdquo;large&rdquo; alignment=&rdquo;center&rdquo; el_class=&rdquo;tabai&rdquo; css=&rdquo;.vc_custom_1728584431998{margin-right: 70px !important;margin-left: 30px !important;}&rdquo; title=&rdquo;IR IESP&#274;JAMS PAGRIEZT LEMELES NOTEIKTOS LE&#325;&#310;OS&rdquo;][\/vc_column][\/vc_row][vc_row][vc_column width=&rdquo;1\/2&Prime; css=&rdquo;.vc_custom_1546608504495{margin-top: 20px !important;}&rdquo;][vc_column_text el_class=&rdquo;tabai&rdquo; css=&rdquo;.vc_custom_1727957987139{margin-right: 30px !important;margin-left: 70px !important;}&rdquo;]Stacion&#257;ro alum&#299;nija &#382;al&#363;ziju priek&scaron;roc&#299;bas sal&#299;dzin&#257;jum&#257; ar iek&scaron;telpu &#382;al&#363;zij&#257;m:<\/p>\n<ul>\n<li>T&#257;s efekt&#299;vi aptum&scaron;o telpu, aizsedzot vair&#257;k nek&#257; 80 procentus no ien&#257;ko&scaron;&#257;s saules gaismas.<\/li>\n<li>J&#363;s varat izv&#275;l&#275;ties v&#275;lamo rot&#257;cijas le&#326;&#311;i, t&#257;pat k&#257; aptum&scaron;ojuma l&#299;meni.<\/li>\n<li>Piel&#257;gojama strukt&#363;ra.<\/li>\n<li>Daudz efekt&#299;v&#257;ka nek&#257; iek&scaron;telpu &#382;al&#363;zijas: gaiss, kas cirkul&#275; starp logu un &#382;al&#363;zij&#257;m, nesilda, pal&#299;dzot uztur&#275;t telp&#257; komfortablu un optim&#257;lu temperat&#363;ru.<\/li>\n<li>To lameles ir izgatavotas no alum&#299;nija un p&#257;rkl&#257;tas ar pretr&#363;sas kr&#257;su.<\/li>\n<li>Lameles var p&#257;rkl&#257;t ar pulverkr&#257;su vai anod&#275;t.<\/li>\n<li>Alum&#299;nijs nodro&scaron;ina met&#257;la konstrukciju ilgm&#363;&#382;&#299;bu un iztur&#299;bu pret laika apst&#257;k&#316;iem.<\/li>\n<li>Papildina &#275;kas eksterjeru.<\/li>\n<li>Nav j&#257;labo.<\/li>\n<li>Palielina priv&#257;tuma saj&#363;tu.<\/li>\n<li>Var nokr&#257;sot jebkur&#257; kr&#257;s&#257; no RAL to&#326;u paletes.<\/li>\n<\/ul>\n<p>[\/vc_column_text][\/vc_column][vc_column width=&rdquo;1\/2&Prime;][vc_single_image image=&rdquo;43430&Prime; img_size=&rdquo;full&rdquo; alignment=&rdquo;center&rdquo; el_class=&rdquo;tabai&rdquo; css=&rdquo;.vc_custom_1563965023754{margin-right: 70px !important;margin-left: 30px !important;}&rdquo;][\/vc_column][\/vc_row][vc_row][vc_column width=&rdquo;1\/2&Prime; css=&rdquo;.vc_custom_1546608504495{margin-top: 20px !important;}&rdquo;][vc_column_text el_class=&rdquo;tabai&rdquo; css=&rdquo;.vc_custom_1727958000524{margin-right: 70px !important;margin-left: 70px !important;}&rdquo;]Tiem, kas mekl&#275; efekt&#299;vu aizsardz&#299;bu no saules gaismas, stacion&#257;r&#257;s alum&#299;nija &#382;al&#363;zijas ir &#299;st&#257; izv&#275;le, jo t&#257;s uztur telp&#257; komfortablu temperat&#363;ru. T&#257;s var viegli piel&#257;got jebkuram eksterjeram, piel&#257;gojot t&#257;s veidu, izm&#275;ru un kr&#257;su.<\/p>\n<p><span style=\"font-weight: 400;\">&nbsp;<\/span>[\/vc_column_text][\/vc_column][vc_column width=&rdquo;1\/2&Prime;][\/vc_column][\/vc_row][vc_row][vc_column css=&rdquo;.vc_custom_1546608504495{margin-top: 20px !important;}&rdquo;][vc_column_text el_class=&rdquo;tabai&rdquo; css=&rdquo;.vc_custom_1727958026914{margin-right: 30px !important;margin-left: 70px !important;}&rdquo;]Ja j&#363;s interes&#275; stacion&#257;r&#257;s &#257;ra &#382;al&#363;zijas, sazinieties ar mums un sa&#326;emiet pied&#257;v&#257;jumu. Aizpildiet <a href=\"https:\/\/www.lauresta.lt\/lv\/bezmaksas-merisana\/\" target=\"_blank\" rel=\"noopener\">e-veidlapu<\/a>, zvaniet mums pa t&#257;lruni <a href=\"tel:+37167278800\" target=\"_blank\" rel=\"noopener\">+371 67278800<\/a> vai apmekl&#275;jiet <a href=\"https:\/\/www.lauresta.lt\/lv\/kontaktai\/\" target=\"_blank\" rel=\"noopener\">LAURESTA salonu<\/a>.[\/vc_column_text][\/vc_column][\/vc_row]<\/p>\n<\/body><\/html>\n","protected":false},"excerpt":{"rendered":"<p>Stacion\u0101r\u0101s fas\u0101des \u017eal\u016bzijas, paz\u012bstamas ar\u012b k\u0101 saules kontroles sist\u0113mas (angliski &#8211; Sunbreaker) tiek uzst\u0101d\u012btas gan pie horizont\u0101l\u0101m, gan vertik\u0101l\u0101m virsm\u0101m. \u0160\u012bs \u017eal\u016bzijas at\u0161\u0137ir\u0101s ar to, ka t\u0101s nav vad\u0101mas, bet nodro\u0161ina da\u017eas svar\u012bgas funkcijas: perfekti aizsarg\u0101 no saules gaismas un pie\u0161\u0137ir dekora funkciju \u0113kai. To lameles ir \u013coti iztur\u012bgas un to segmentus ir viegli piel\u0101got v\u0113lamajai kr\u0101sai un formai.<\/p>\n","protected":false},"featured_media":48485,"template":"","meta":[],"product_cat":[6675],"product_tag":[6726,6680,6744],"class_list":{"0":"post-43407","1":"product","2":"type-product","3":"status-publish","4":"has-post-thumbnail","6":"product_cat-fasades-risinajumi","7":"product_tag-drosibai","8":"product_tag-no-saules","9":"product_tag-uznemumiem","11":"first","12":"instock","13":"shipping-taxable","14":"purchasable","15":"product-type-simple"},"_links":{"self":[{"href":"https:\/\/www.lauresta.lt\/lv\/wp-json\/wp\/v2\/product\/43407","targetHints":{"allow":["GET"]}}],"collection":[{"href":"https:\/\/www.lauresta.lt\/lv\/wp-json\/wp\/v2\/product"}],"about":[{"href":"https:\/\/www.lauresta.lt\/lv\/wp-json\/wp\/v2\/types\/product"}],"wp:featuredmedia":[{"embeddable":true,"href":"https:\/\/www.lauresta.lt\/lv\/wp-json\/wp\/v2\/media\/48485"}],"wp:attachment":[{"href":"https:\/\/www.lauresta.lt\/lv\/wp-json\/wp\/v2\/media?parent=43407"}],"wp:term":[{"taxonomy":"product_cat","embeddable":true,"href":"https:\/\/www.lauresta.lt\/lv\/wp-json\/wp\/v2\/product_cat?post=43407"},{"taxonomy":"product_tag","embeddable":true,"href":"https:\/\/www.lauresta.lt\/lv\/wp-json\/wp\/v2\/product_tag?post=43407"}],"curies":[{"name":"wp","href":"https:\/\/api.w.org\/{rel}","templated":true}]}}