{"id":43432,"date":"2018-07-16T13:39:42","date_gmt":"2018-07-16T10:39:42","guid":{"rendered":"https:\/\/www.lauresta.lt\/produktai\/uncategorized\/sustumiamos-grotos\/"},"modified":"2024-12-20T14:24:37","modified_gmt":"2024-12-20T12:24:37","slug":"bidamas-restes","status":"publish","type":"product","link":"https:\/\/www.lauresta.lt\/lv\/produktai\/aizsargrestes\/bidamas-restes\/","title":{"rendered":"B\u012bd\u0101m\u0101s restes"},"content":{"rendered":"<!DOCTYPE html PUBLIC \"-\/\/W3C\/\/DTD HTML 4.0 Transitional\/\/EN\" \"http:\/\/www.w3.org\/TR\/REC-html40\/loose.dtd\">\n<?xml encoding=\"utf-8\" ?><html><body><p>[vc_row][vc_column css=&rdquo;.vc_custom_1546608504495{margin-top: 20px !important;}&rdquo;][vc_column_text el_class=&rdquo;tabai&rdquo; css=&rdquo;.vc_custom_1727958383789{margin-right: 70px !important;margin-left: 70px !important;}&rdquo;]B&#299;d&#257;m&#257;s restes ir uzticamas komerctelpu un priv&#257;tm&#257;ju dro&scaron;&#299;bai, piem&#275;rotas logu, durvju un citu da&#382;&#257;du ni&scaron;u aizseg&scaron;anai, lai taj&#257;s nevar&#275;tu ielauzties,. Bie&#382;i b&#299;d&#257;m&#257;s restes tiek uzst&#257;d&#299;tas viet&#257;s, kur nav iesp&#275;ju izmantot vai uzst&#257;d&#299;t rullo restes, vai kur&#257;s ir nepiecie&scaron;ams pagaidu risin&#257;jums.[\/vc_column_text][\/vc_column][\/vc_row][vc_row][vc_column css=&rdquo;.vc_custom_1546608504495{margin-top: 20px !important;}&rdquo;][vc_column_text el_class=&rdquo;tabai&rdquo; css=&rdquo;.vc_custom_1727958398521{margin-right: 30px !important;margin-left: 70px !important;}&rdquo;]<strong>B&#299;d&#257;mo re&#382;&#291;u &#299;pa&scaron;&#299;bas: <\/strong><\/p>\n<ul>\n<li>Gatavotas no cinkota t&#275;rauda;<\/li>\n<li>&#315;auj pat p&#275;c darba laika beig&#257;m labi p&#257;rredz&#275;t veikalu, izmantojot b&#299;d&#257;mos re&#382;gus (&#316;oti uzticami potenci&#257;lajiem klientiem);<\/li>\n<li>Samazin&#257;s ielau&scaron;an&#257;s iesp&#275;jas &ndash; re&#382;&#291;u efektivit&#257;te palielin&#257;s, ja b&#299;d&#257;mie re&#382;&#291; tiek integr&#275;ti kop&#275;j&#257; dro&scaron;&#299;bas sist&#275;m&#257;;<\/li>\n<li>Iztur&#299;gi, t&#257;d&#275;&#316; ilgi kalpo;<\/li>\n<li>Nodro&scaron;ina vienk&#257;r&scaron;u manu&#257;lo vad&#299;bu &ndash; re&#382;&#291;i ir viegli vad&#257;mi ar &#299;pa&scaron;iem rokturiem;<\/li>\n<li>Viegli pieska&#326;ojams interjeram &ndash; standarta b&#299;d&#257;mo re&#382;&#291;u kr&#257;sa ir balta, tom&#275;r re&#382;&#291;i var nokr&#257;sot ar&#299; jebkur&#257; v&#275;lamaj&#257; kr&#257;s&#257; no RAL paletes;<\/li>\n<li>Ieb&#363;v&#275;to re&#382;&#291;u iek&scaron;&#275;j&#257; sl&#275;dzene un ritenis atrodas zem&#257;k, un tos var viegli iestumt.<\/li>\n<\/ul>\n<p>[\/vc_column_text][\/vc_column][\/vc_row][vc_row][vc_column css=&rdquo;.vc_custom_1546608504495{margin-top: 20px !important;}&rdquo;][vc_column_text el_class=&rdquo;tabai&rdquo; css=&rdquo;.vc_custom_1727958425274{margin-right: 30px !important;margin-left: 70px !important;}&rdquo;]Ja j&#363;s interes&#275; b&#299;d&#257;mie re&#382;&#291;i, sazinieties ar mums un sa&#326;emiet pied&#257;v&#257;jumu. Aizpildiet <a href=\"https:\/\/www.lauresta.lt\/lv\/bezmaksas-merisana\/\" target=\"_blank\" rel=\"noopener\">e-veidlapu<\/a>, zvaniet mums pa t&#257;lruni &nbsp;<a href=\"tel:+37167278800\">+371 672 78800<\/a>, vai apmekl&#275;jiet LAURESTA salonu&nbsp;<a href=\"https:\/\/www.lauresta.lt\/lv\/kontaktai\/\">R&#299;g&#257;<\/a>.[\/vc_column_text][\/vc_column][\/vc_row]<\/p>\n<\/body><\/html>\n","protected":false},"excerpt":{"rendered":"<p>B\u012bd\u0101mie re\u017e\u0123i pretstat\u0101 rullo re\u017e\u0123iem var tik viegli un \u0101tri b\u012bd\u012bti ar speci\u0101lu rokturu pal\u012bdz\u012bbu. \u0160ie cinkot\u0101 t\u0113rauda re\u017e\u0123i ir caursp\u012bd\u012bgi, \u013caujot iepl\u016bst telp\u0101 gaismai, bet vienlaikus ar\u012b efekt\u012bvi aizsarg\u0101jot\u00a0 no ielau\u0161an\u0101s. Pat tad, kad re\u017e\u0123is ir aizv\u0113rts, potenci\u0101lie klienti var redz\u0113t cauri veikala pied\u0101v\u0101jumu. Turkl\u0101t pateicoties to vienk\u0101r\u0161\u012bbai, b\u012bd\u0101mie aizsargre\u017e\u0123i kalpo ilgi un ir viegli vad\u0101mi.<\/p>\n","protected":false},"featured_media":43434,"template":"","meta":[],"product_cat":[6674],"product_tag":[6726,6744],"class_list":{"0":"post-43432","1":"product","2":"type-product","3":"status-publish","4":"has-post-thumbnail","6":"product_cat-aizsargrestes","7":"product_tag-drosibai","8":"product_tag-uznemumiem","10":"first","11":"instock","12":"shipping-taxable","13":"purchasable","14":"product-type-simple"},"_links":{"self":[{"href":"https:\/\/www.lauresta.lt\/lv\/wp-json\/wp\/v2\/product\/43432","targetHints":{"allow":["GET"]}}],"collection":[{"href":"https:\/\/www.lauresta.lt\/lv\/wp-json\/wp\/v2\/product"}],"about":[{"href":"https:\/\/www.lauresta.lt\/lv\/wp-json\/wp\/v2\/types\/product"}],"wp:featuredmedia":[{"embeddable":true,"href":"https:\/\/www.lauresta.lt\/lv\/wp-json\/wp\/v2\/media\/43434"}],"wp:attachment":[{"href":"https:\/\/www.lauresta.lt\/lv\/wp-json\/wp\/v2\/media?parent=43432"}],"wp:term":[{"taxonomy":"product_cat","embeddable":true,"href":"https:\/\/www.lauresta.lt\/lv\/wp-json\/wp\/v2\/product_cat?post=43432"},{"taxonomy":"product_tag","embeddable":true,"href":"https:\/\/www.lauresta.lt\/lv\/wp-json\/wp\/v2\/product_tag?post=43432"}],"curies":[{"name":"wp","href":"https:\/\/api.w.org\/{rel}","templated":true}]}}