{"id":43484,"date":"2018-07-16T13:22:02","date_gmt":"2018-07-16T13:22:02","guid":{"rendered":"https:\/\/www.lauresta.lt\/produktai\/uncategorized\/slagbaumas-kelio-uztvarai\/"},"modified":"2024-12-20T14:23:06","modified_gmt":"2024-12-20T12:23:06","slug":"automatiskas-barjeras-slagbaums","status":"publish","type":"product","link":"https:\/\/www.lauresta.lt\/lv\/produktai\/garazas-durvis\/automatiskas-barjeras-slagbaums\/","title":{"rendered":"Autom\u0101tisk\u0101s barjeras (\u0161lagbaumi)"},"content":{"rendered":"<!DOCTYPE html PUBLIC \"-\/\/W3C\/\/DTD HTML 4.0 Transitional\/\/EN\" \"http:\/\/www.w3.org\/TR\/REC-html40\/loose.dtd\">\n<?xml encoding=\"utf-8\" ?><html><body><p>[vc_row][vc_column css=&rdquo;.vc_custom_1546608504495{margin-top: 20px !important;}&rdquo;][vc_column_text el_class=&rdquo;tabai&rdquo; css=&rdquo;.vc_custom_1727959252599{margin-right: 30px !important;margin-left: 70px !important;}&rdquo;]Autom&#257;tisk&#257;s barjera var vad&#299;t gan manu&#257;li, gan autom&#257;tiski. Otrais variants ir &#299;pa&scaron;i popul&#257;rs &lsquo;&rsquo;Lauresta&rsquo;&rsquo; klientu vid&#363;.[\/vc_column_text][\/vc_column][\/vc_row][vc_row][vc_column width=&rdquo;1\/2&Prime; css=&rdquo;.vc_custom_1546608504495{margin-top: 20px !important;}&rdquo;][vc_column_text el_class=&rdquo;tabai&rdquo; css=&rdquo;.vc_custom_1727959265385{margin-right: 30px !important;margin-left: 70px !important;}&rdquo;]<strong>Autom&#257;tisk&#257;s barjeras parasti tiek uzst&#257;d&#299;tas:<\/strong><\/p>\n<ul>\n<li>ie&#382;ogot&#257;s teritorij&#257;s;<\/li>\n<li>auto st&#257;vviet&#257;s;<\/li>\n<li>pazemes auto st&#257;vviet&#257;s;<\/li>\n<li>industri&#257;l&#257;s teritorij&#257;s.<\/li>\n<\/ul>\n<p>[\/vc_column_text][\/vc_column][vc_column width=&rdquo;1\/2&Prime; css=&rdquo;.vc_custom_1546608511624{margin-top: 20px !important;}&rdquo;][vc_column_text el_class=&rdquo;tabai&rdquo; css=&rdquo;.vc_custom_1727959277855{margin-right: 70px !important;margin-left: 30px !important;}&rdquo;]Autom&#257;tisk&#257;s barjeras pal&#299;dz kontrol&#275;t satiksmes pl&#363;smu. &lsquo;&rsquo;Lauresta&rsquo;&rsquo; pied&#257;v&#257; ilgi kalpojo&scaron;as barjeras komerci&#257;l&#257;m un individu&#257;l&#257;m vajadz&#299;b&#257;m.<\/p>\n<p>Atkar&#299;b&#257; no barjeras platuma, t&#257;s darb&#299;bas &#257;trums var b&#363;t l&#275;ns, vid&#275;js vai &#257;trs. T&#257;s virzienu var piel&#257;got, k&#257; v&#275;laties. Vis&#257;m &ldquo;Lauresta&rdquo; pied&#257;v&#257;taj&#257;m barjer&#257;m ir integr&#275;ts av&#257;rijas rokturis, kas pal&#299;dz pacelt barjeru str&#257;vas padeves p&#257;rtraukuma gad&#299;jum&#257;. Turkl&#257;t t&#257;s ir sertific&#275;tas Eirop&#257; un atbilst ISO un CE standartiem.[\/vc_column_text][\/vc_column][\/vc_row][vc_row][vc_column css=&rdquo;.vc_custom_1546608504495{margin-top: 20px !important;}&rdquo;][vc_column_text el_class=&rdquo;tabai&rdquo; css=&rdquo;.vc_custom_1727959291155{margin-right: 30px !important;margin-left: 70px !important;}&rdquo;]&lsquo;&rsquo;Lauresta&rsquo;&rsquo; pal&#299;dz&#275;s jums atrast vipiem&#275;rot&#257;ko variantu j&#363;su barjeras izv&#275;l&#275; atkar&#299;b&#257; no lieto&scaron;anas intensit&#257;tes. Viet&#257;s ar liel&#257;ku satiksmes slodzi b&#363;s nepiecie&scaron;ama ar&#299; liel&#257;ka barjera, kas piem&#275;rotas intens&#299;v&#257;kai lieto&scaron;anai, kam&#275;r auto novietnei ar maz&#257;ku satiksmi pietiks ar ekonomisku vid&#275;jas klases barjeru.[\/vc_column_text][\/vc_column][\/vc_row][vc_row][vc_column css=&rdquo;.vc_custom_1560322988128{margin-top: 30px !important;}&rdquo;][vc_column_text el_class=&rdquo;tabai&rdquo; css=&rdquo;.vc_custom_1727959305198{margin-right: 30px !important;margin-left: 70px !important;}&rdquo;]<strong>Ir pieejamas papildus vad&#299;bas un dro&scaron;&#299;bas ier&#299;ces:<\/strong><\/p>\n<ul>\n<li>Fotoelektriskie dro&scaron;&#299;bas sensori;<\/li>\n<li>Dro&scaron;&#299;bas indukcijas cilpas;<\/li>\n<li>T&#257;lvad&#299;bas pults;<\/li>\n<li>Atsl&#275;gu koda sl&#275;dzenes;<\/li>\n<li>GSM vad&#299;bas pane&#316;i;<\/li>\n<li><strong>Meh&#257;nismi nejau&scaron;u traumu nov&#275;r&scaron;anai;<\/strong><\/li>\n<li>Infrasarkan&#257;s barjeras;<\/li>\n<li>Signaliz&#257;cijas lampas;<\/li>\n<li>P&#257;rnesumu aizsardz&#299;bas sist&#275;mas;<\/li>\n<li>Kar&scaron;u las&#299;t&#257;ji;<\/li>\n<li>Barjeras ar dobu vidu.<\/li>\n<\/ul>\n<p>[\/vc_column_text][\/vc_column][\/vc_row][vc_row][vc_column width=&rdquo;1\/2&Prime; css=&rdquo;.vc_custom_1560322988128{margin-top: 30px !important;}&rdquo;][vc_column_text css=&rdquo;.vc_custom_1727959319314{margin-right: 30px !important;margin-left: 70px !important;}&rdquo; el_class=&rdquo;tabai&rdquo;]M&#363;su pied&#257;v&#257;t&#257;s barjeras ir apr&#299;kotas ar fotoelementu sensoriem, kas rea&#291;&#275; uz visiem &scaron;&#311;&#275;r&scaron;&#316;iem, nov&#275;r&scaron;ot barjeras aizv&#275;r&scaron;anos un nenodarot kait&#275;jumu jebkuram vai jebkkam. &Scaron;iem sensoriem nepiecie&scaron;ama elektrisk&#257; str&#257;va, t&#257;d&#275;&#316;, ja attiec&#299;gaj&#257; apgabal&#257; nav iesp&#275;jams veikt elektroinstal&#257;ciju, ieteicams izv&#275;l&#275;ties sensorus, kas darbin&#257;mi ar akumulatoru.[\/vc_column_text][\/vc_column][vc_column width=&rdquo;1\/2&Prime; css=&rdquo;.vc_custom_1554364578047{margin-top: 20px !important;}&rdquo;][vc_column_text el_class=&rdquo;tabai&rdquo; css=&rdquo;.vc_custom_1727959331910{margin-right: 70px !important;margin-left: 30px !important;}&rdquo;]Dro&scaron;&#299;bas indukcijas cilpas &ndash; met&#257;la detektori, kas uzst&#257;d&#299;ti zem ce&#316;a. Sensori rea&#291;&#275; uz transportl&#299;dzekli virs t&#257; un nov&#275;r&scaron; barjeras aizv&#275;r&scaron;anos, kam&#275;r transportl&#299;dzeklis joproj&#257;m atrodas.[\/vc_column_text][\/vc_column][\/vc_row][vc_row][vc_column css=&rdquo;.vc_custom_1546608504495{margin-top: 20px !important;}&rdquo;][vc_column_text el_class=&rdquo;tabai&rdquo; css=&rdquo;.vc_custom_1727959347318{margin-right: 30px !important;margin-left: 70px !important;}&rdquo;]Viens no popul&#257;r&#257;kajiem autom&#257;tisko &scaron;&#311;&#275;r&scaron;&#316;u kontroles veidiem ir t&#257;lru&#326;a zvani un t&#257;lvad&#299;bas pultis. Tikm&#275;r &ldquo;Lauresta&rdquo; pied&#257;v&#257; ar&#299; citas kontroles metodes, pamatojoties uz klientu individu&#257;laj&#257;m v&#275;lm&#275;m.[\/vc_column_text][\/vc_column][\/vc_row][vc_row][vc_column css=&rdquo;.vc_custom_1546608504495{margin-top: 20px !important;}&rdquo;][vc_column_text el_class=&rdquo;tabai&rdquo; css=&rdquo;.vc_custom_1727959377919{margin-right: 30px !important;margin-left: 70px !important;}&rdquo;]<strong>Ja j&#363;s interes&#275; autom&#257;tisk&#257;s barjeras, sazinieties ar mums un sa&#326;emiet pied&#257;v&#257;jumu. Aizpildiet <a href=\"https:\/\/www.lauresta.lt\/lv\/bezmaksas-merisana\/\" target=\"_blank\" rel=\"noopener\">e-veidlapu<\/a>, zvaniet mums pa t&#257;lruni <a href=\"http:\/\/tel.:+37167278800\" target=\"_blank\" rel=\"noopener\">+371 67278800<\/a> vai apmekl&#275;jiet <a href=\"https:\/\/www.lauresta.lt\/lv\/kontaktai\/\" target=\"_blank\" rel=\"noopener\">LAURESTA salonu<\/a>.<\/strong>[\/vc_column_text][\/vc_column][\/vc_row]<\/p>\n<\/body><\/html>\n","protected":false},"excerpt":{"rendered":"<p>Autom\u0101tisk\u0101s barjeras ir labs risin\u0101jums, lai regul\u0113tu transporta l\u012bdzek\u013cu skaitu auto novietn\u0113s. Autom\u0101tisko barjeru var izgatavot balstoties uz individu\u0101liem izm\u0113riem. \u2018\u2019Lauresta\u2019\u2019 pied\u0101v\u0101 tikai augstas kvalit\u0101tes barjeras no uzticamiem ra\u017eot\u0101jiem: BFT, CAME. Autom\u0101tisk\u0101s barjeras var uzst\u0101d\u012bt auto novietn\u0113s, apsarg\u0101jam\u0101s teritorij\u0101s, pazemes autost\u0101vviet\u0101s, industri\u0101l\u0101s un cit\u0101s teritorij\u0101s. Var uzst\u0101d\u012bt speci\u0101lus sensorus un av\u0101rijas ugu\u0146us, lai pasarg\u0101tu no k\u0101da kait\u0113juma vai av\u0101rijas.<\/p>\n","protected":false},"featured_media":43493,"template":"","meta":[],"product_cat":[6678],"product_tag":[6726,6744],"class_list":{"0":"post-43484","1":"product","2":"type-product","3":"status-publish","4":"has-post-thumbnail","6":"product_cat-garazas-durvis","7":"product_tag-drosibai","8":"product_tag-uznemumiem","10":"first","11":"instock","12":"shipping-taxable","13":"purchasable","14":"product-type-simple"},"_links":{"self":[{"href":"https:\/\/www.lauresta.lt\/lv\/wp-json\/wp\/v2\/product\/43484","targetHints":{"allow":["GET"]}}],"collection":[{"href":"https:\/\/www.lauresta.lt\/lv\/wp-json\/wp\/v2\/product"}],"about":[{"href":"https:\/\/www.lauresta.lt\/lv\/wp-json\/wp\/v2\/types\/product"}],"wp:featuredmedia":[{"embeddable":true,"href":"https:\/\/www.lauresta.lt\/lv\/wp-json\/wp\/v2\/media\/43493"}],"wp:attachment":[{"href":"https:\/\/www.lauresta.lt\/lv\/wp-json\/wp\/v2\/media?parent=43484"}],"wp:term":[{"taxonomy":"product_cat","embeddable":true,"href":"https:\/\/www.lauresta.lt\/lv\/wp-json\/wp\/v2\/product_cat?post=43484"},{"taxonomy":"product_tag","embeddable":true,"href":"https:\/\/www.lauresta.lt\/lv\/wp-json\/wp\/v2\/product_tag?post=43484"}],"curies":[{"name":"wp","href":"https:\/\/api.w.org\/{rel}","templated":true}]}}