{"id":43498,"date":"2018-07-16T13:14:38","date_gmt":"2018-07-16T13:14:38","guid":{"rendered":"https:\/\/www.lauresta.lt\/produktai\/uncategorized\/greitaeigiai-vartai\/"},"modified":"2024-10-15T10:50:21","modified_gmt":"2024-10-15T07:50:21","slug":"atrgaitas-varti","status":"publish","type":"product","link":"https:\/\/www.lauresta.lt\/lv\/produktai\/garazas-durvis\/atrgaitas-varti\/","title":{"rendered":"\u0100trgaitas v\u0101rti"},"content":{"rendered":"<!DOCTYPE html PUBLIC \"-\/\/W3C\/\/DTD HTML 4.0 Transitional\/\/EN\" \"http:\/\/www.w3.org\/TR\/REC-html40\/loose.dtd\">\n<?xml encoding=\"utf-8\" ?><html><body><p>[vc_row][vc_column width=&rdquo;1\/2&Prime; css=&rdquo;.vc_custom_1546608504495{margin-top: 20px !important;}&rdquo;][vc_column_text el_class=&rdquo;tabai&rdquo; css=&rdquo;.vc_custom_1727959580326{margin-right: 30px !important;margin-left: 70px !important;}&rdquo;]Greitaeigiai gara&#382;o vartai yra gaminami i&scaron; sintetinio tvirto ir lengvo pluo&scaron;to, o greitaeigi&#371; vart&#371; sekcijos susideda i&scaron; da&#382;yto plieno ar aliuminio, papildomai gali b&#363;ti u&#382;pildomos poliuretano putomis.<\/p>\n<p>&Scaron;ie vartai pasi&#382;ymi itin dideliu atsidarymo ir u&#382;sidarymo grei&#269;iu, atsparumu aplinkos poveikiu ir ilgaam&#382;i&scaron;kumu. Greitaeigiai vartai atspar&#363;s v&#279;jui ir sm&#363;giams, atitinka ISO 9001 standart&#261;.<\/p>\n<p>Dar vienas greitaeigi&#371; vart&#371; privalumas &ndash; taupo energij&#261; ir greitina darb&#261;. Patys vartai ir pavara suderinti tiksliam veikimui. Pavara yra reguliuojama, tad da&#382;nio keitikliu galima reguliuoti greitaeigi&#371; vart&#371; atidarymo \/ u&#382;darymo greit&#303;.[\/vc_column_text][\/vc_column][vc_column width=&rdquo;1\/2&Prime; css=&rdquo;.vc_custom_1546608511624{margin-top: 20px !important;}&rdquo;][vc_column_text el_class=&rdquo;tabai&rdquo; css=&rdquo;.vc_custom_1727959594439{margin-right: 70px !important;margin-left: 30px !important;}&rdquo;]Tai itin saug&#363;s gaminiai &ndash; mink&scaron;tas j&#371; profilis apa&#269;ioje saugo &#382;mones nuo su&#382;eidim&#371; ir daiktus nuo sugadinimo.<\/p>\n<p>Greitaeigius vartus galima montuoti lauko ir vidaus sienose. Siekiant sustiprinti vart&#371; termoizoliacines savybes, galima rinktis greitaeigius &scaron;iltintus vartus. Specialus panoraminis <em>termo<\/em> profilis &ndash; &#303;stiklintas aliuminio segmentas su &bdquo;&scaron;al&#269;io stabd&#382;iu&ldquo; &ndash; iki 30&nbsp;% efektyviau sulaiko &scaron;ilum&#261; patalpose.<\/p>\n<p>Taip pat svarbus greitaeigi&#371; vart&#371; prana&scaron;umas &ndash; i&scaron;mu&scaron;ama vart&#371; sistema &ndash; netik&#279;to sm&#363;gio metu i&scaron;mu&scaron;us var&#269;i&#261; i&scaron; profilio, v&#279;l pakeliant greitaeigius vartus, kildama &#303; vir&scaron;&#371; var&#269;ia savaime sugr&#303;&#382;ta &#303; b&#279;g&#303;, tad vartais galima naudotis be papildomo remonto.[\/vc_column_text][\/vc_column][\/vc_row][vc_row][vc_column width=&rdquo;1\/2&Prime; css=&rdquo;.vc_custom_1546608504495{margin-top: 20px !important;}&rdquo;][vc_column_text el_class=&rdquo;tabai&rdquo; css=&rdquo;.vc_custom_1727959609399{margin-right: 30px !important;margin-left: 70px !important;}&rdquo;]<strong>Savyb&#279;s:<\/strong><\/p>\n<ul>\n<li>Reguliuojamas pak&#279;limo greitis;<\/li>\n<li>Papildomi davikliai, skirti jud&#279;jimui aptikti;<\/li>\n<li>Mink&scaron;tas apatinis profilis, saugantis nuo prispaudimo pavojaus.<\/li>\n<\/ul>\n<p>[\/vc_column_text][\/vc_column][\/vc_row][vc_row][vc_column width=&rdquo;1\/2&Prime; css=&rdquo;.vc_custom_1546608504495{margin-top: 20px !important;}&rdquo;][vc_column_text el_class=&rdquo;tabai&rdquo; css=&rdquo;.vc_custom_1727959622239{margin-right: 30px !important;margin-left: 70px !important;}&rdquo;]<b>Standartin&#279; greitaeigi&#371; gara&#382;o vart&#371; &#303;ranga:<\/b><\/p>\n<ol>\n<li>Sujungtos sekcijos;<\/li>\n<li>Gumin&#279; saugumo briauna;<\/li>\n<li>Intensyvaus naudojimo pavara;<\/li>\n<li>Da&#382;nio keitiklis;<\/li>\n<li>LED signalin&#279; lempa;<\/li>\n<li>Laidai paruo&scaron;ti sujungimui;<\/li>\n<li>Impulsinis valdiklis;<\/li>\n<li>Mygtukas;<\/li>\n<li>Fotoelektros davikliai.<\/li>\n<\/ol>\n<p>[\/vc_column_text][\/vc_column][vc_column width=&rdquo;1\/2&Prime; css=&rdquo;.vc_custom_1550648398077{margin-top: 20px !important;}&rdquo;][vc_column_text el_class=&rdquo;tabai&rdquo; css=&rdquo;.vc_custom_1727959639016{margin-right: 70px !important;margin-left: 30px !important;}&rdquo;]<b>Galimi papildomi vart&#371; priedai:<\/b><\/p>\n<ol>\n<li>Priekyje montuojamos pavaros;<\/li>\n<li>&Scaron;iltinimo u&#382;uolaidos;<\/li>\n<li>Skaidr&#363;s arba perforuoti langai;<\/li>\n<li>Fotoelektros davikliai;<\/li>\n<li>Papildomi valdymo mygtukai;<\/li>\n<li>Kontaktin&#279;s spynel&#279;s;<\/li>\n<li>Judesio davikliai;<\/li>\n<li>Magnetin&#279;s kilpos;<\/li>\n<li>Papildomos LED signalin&#279;s lempos (12V DC);<\/li>\n<li>Jungikliai su virve.<\/li>\n<\/ol>\n<p>[\/vc_column_text][\/vc_column][\/vc_row][vc_row][vc_column css=&rdquo;.vc_custom_1546608504495{margin-top: 20px !important;}&rdquo;][vc_column_text el_class=&rdquo;tabai&rdquo; css=&rdquo;.vc_custom_1727959654323{margin-right: 30px !important;margin-left: 70px !important;}&rdquo;]<strong>Galimos greitaeigi&#371; vart&#371; spalvos:&nbsp;<\/strong><\/p>\n<p>1 &ndash; Vart&#371; metalas<\/p>\n<p>2 &ndash; Vart&#371; audinys<\/p>\n<p><strong>&nbsp;<\/strong>[\/vc_column_text][vc_single_image image=&rdquo;43506&Prime; img_size=&rdquo;full&rdquo; el_class=&rdquo;tabai&rdquo; css=&rdquo;.vc_custom_1606983871817{margin-right: 70px !important;margin-left: 70px !important;}&rdquo;][\/vc_column][\/vc_row][vc_row][vc_column css=&rdquo;.vc_custom_1546608504495{margin-top: 20px !important;}&rdquo;][vc_column_text el_class=&rdquo;tabai&rdquo; css=&rdquo;.vc_custom_1727959683344{margin-right: 30px !important;margin-left: 70px !important;}&rdquo;]J&#363;s interes&#275; &#257;trgaitas v&#257;rti?&nbsp;Sazinieties ar mums un sa&#326;emsiet individu&#257;lu pied&#257;v&#257;jumu, vai nu aizpildot&nbsp;<a href=\"https:\/\/www.lauresta.lt\/lv\/bezmaksas-merisana\/\" target=\"_blank\" rel=\"noopener\">elektronisko formu<\/a>&nbsp;vai piezvanot mums uz:&nbsp;<a href=\"tel:+37167278800\">+371 672 78800<\/a>&nbsp;vai&nbsp;<a href=\"tel:+37125556555\">+371 255 56555<\/a>, vai apmekl&#275;jot m&#363;su&nbsp;<a href=\"https:\/\/www.lauresta.lt\/lv\/kontaktai\/\">salonu R&#299;g&#257;<\/a>.[\/vc_column_text][\/vc_column][\/vc_row]<\/p>\n<\/body><\/html>\n","protected":false},"excerpt":{"rendered":"<p>\u0100trgaitas v\u0101rti \u013coti \u0101tri atver\u0101s un aizver\u0101s (no 1m\/s). \u0160\u0101ds darb\u012bbas \u0101trums ir piem\u0113rots uz\u0146\u0113mumiem, kuriem nepiecie\u0161ama efekt\u012bva industri\u0101l\u0101 darb\u012bba to telp\u0101s. \u2018\u2019Lauresta\u2019\u2019 pied\u0101v\u0101tie \u0101trgaitas v\u0101rti tiek ra\u017eoti no iztur\u012bg\u0101m t\u0113rauda slied\u0113m ar birst\u0113m. V\u0101rtu sekcijas ir savienotas ar pastiprin\u0101tiem alum\u012bnija e\u0146\u0123u profiliem.<\/p>\n","protected":false},"featured_media":43505,"template":"","meta":[],"product_cat":[6678],"product_tag":[6744],"class_list":{"0":"post-43498","1":"product","2":"type-product","3":"status-publish","4":"has-post-thumbnail","6":"product_cat-garazas-durvis","7":"product_tag-uznemumiem","9":"first","10":"instock","11":"shipping-taxable","12":"purchasable","13":"product-type-simple"},"_links":{"self":[{"href":"https:\/\/www.lauresta.lt\/lv\/wp-json\/wp\/v2\/product\/43498","targetHints":{"allow":["GET"]}}],"collection":[{"href":"https:\/\/www.lauresta.lt\/lv\/wp-json\/wp\/v2\/product"}],"about":[{"href":"https:\/\/www.lauresta.lt\/lv\/wp-json\/wp\/v2\/types\/product"}],"wp:featuredmedia":[{"embeddable":true,"href":"https:\/\/www.lauresta.lt\/lv\/wp-json\/wp\/v2\/media\/43505"}],"wp:attachment":[{"href":"https:\/\/www.lauresta.lt\/lv\/wp-json\/wp\/v2\/media?parent=43498"}],"wp:term":[{"taxonomy":"product_cat","embeddable":true,"href":"https:\/\/www.lauresta.lt\/lv\/wp-json\/wp\/v2\/product_cat?post=43498"},{"taxonomy":"product_tag","embeddable":true,"href":"https:\/\/www.lauresta.lt\/lv\/wp-json\/wp\/v2\/product_tag?post=43498"}],"curies":[{"name":"wp","href":"https:\/\/api.w.org\/{rel}","templated":true}]}}