{"id":43529,"date":"2018-07-16T13:07:56","date_gmt":"2018-07-16T13:07:56","guid":{"rendered":"https:\/\/www.lauresta.lt\/produktai\/uncategorized\/pramoniniai-vartai\/"},"modified":"2024-10-03T16:07:04","modified_gmt":"2024-10-03T13:07:04","slug":"industrialie-varti","status":"publish","type":"product","link":"https:\/\/www.lauresta.lt\/lv\/produktai\/garazas-durvis\/industrialie-varti\/","title":{"rendered":"Industri\u0101lie v\u0101rti"},"content":{"rendered":"<!DOCTYPE html PUBLIC \"-\/\/W3C\/\/DTD HTML 4.0 Transitional\/\/EN\" \"http:\/\/www.w3.org\/TR\/REC-html40\/loose.dtd\">\n<?xml encoding=\"utf-8\" ?><html><body><p>[vc_row][vc_column width=&rdquo;1\/2&Prime; css=&rdquo;.vc_custom_1546608504495{margin-top: 20px !important;}&rdquo;][vc_column_text el_class=&rdquo;tabai&rdquo; css=&rdquo;.vc_custom_1727960431482{margin-right: 30px !important;margin-left: 70px !important;}&rdquo;]Pramoniniai gara&#382;o vartai tinkami montuoti &#303;vairiose sand&#279;liavimo patalpose, terminaluose, gamybin&#279;se patalpose ar kituose pramoniniuose objektuose (logistikos centruose, autoservisuose, automobili&#371; salonuose ir kt.).<\/p>\n<p>&nbsp;<\/p>\n<p>Palyginti su buitiniais vartais, pramoniniai gara&#382;o vartai i&scaron;siskiria itin dideliu dyd&#382;iu (jais galima u&#382;dengti iki 50 m<sup>2<\/sup> plot&#261;, iki 10 m plot&#303;), pritaikymu intensyviam naudojimui, apdaila, funkcionalumu ir pasirinktinais surinkimo tipais.[\/vc_column_text][\/vc_column][vc_column width=&rdquo;1\/2&Prime; css=&rdquo;.vc_custom_1546608511624{margin-top: 20px !important;}&rdquo;][vc_column_text el_class=&rdquo;tabai&rdquo; css=&rdquo;.vc_custom_1727960444475{margin-right: 70px !important;margin-left: 30px !important;}&rdquo;]Vienas did&#382;iausi&#371; pramonini&#371; vart&#371; prana&scaron;umas &ndash; j&#371; sudedamosios dalys, kurios yra pritaikytos da&#382;nesniam naudojimui ir didesniam vart&#371; atidarymo \/ u&#382;darymo cikl&#371; skai&#269;iui. Be to, &scaron;ie vartai yra gaminami i&scaron; ner&#363;dijan&#269;io plieno arba aliuminio lak&scaron;t&#371;, kurie gali b&#363;ti papildomai ap&scaron;iltinti poliuretano u&#382;pildu. Pramoniniai vartai da&#382;yti korozijai atspariais da&#382;ais, tod&#279;l yra ilgaam&#382;i&scaron;ki.[\/vc_column_text][\/vc_column][\/vc_row][vc_row][vc_column css=&rdquo;.vc_custom_1546608504495{margin-top: 20px !important;}&rdquo;][vc_separator][\/vc_column][\/vc_row][vc_row][vc_column width=&rdquo;1\/2&Prime; css=&rdquo;.vc_custom_1546608504495{margin-top: 20px !important;}&rdquo;][vc_column_text el_class=&rdquo;tabai&rdquo; css=&rdquo;.vc_custom_1727960458929{margin-right: 30px !important;margin-left: 70px !important;}&rdquo;]Priklausomai nuo patalp&#371; paskirties ir &#303;rengimo galimybi&#371;, &scaron;ios r&#363;&scaron;ies vartai gali b&#363;ti nustumiami, teleskopiniai arba pakeliami. &bdquo;Lauresta&ldquo; si&#363;lo standartinius vartus, ta&#269;iau gali suprojektuoti bei pagaminti ir specialios paskirties bei dyd&#382;io vartus, atitiksian&#269;ius kiekvieno poreikius.[\/vc_column_text][\/vc_column][vc_column width=&rdquo;1\/2&Prime; css=&rdquo;.vc_custom_1546608511624{margin-top: 20px !important;}&rdquo;][vc_column_text el_class=&rdquo;tabai&rdquo; css=&rdquo;.vc_custom_1727960471281{margin-right: 70px !important;margin-left: 30px !important;}&rdquo;]<strong>Technin&#279; informacija<\/strong><\/p>\n<p>Galimi vart&#371; priedai: &#303;montuojami langai; panoramin&#279;s aliuminin&#279;s dalys; papildomos durel&#279;s, skirtos vaik&scaron;&#269;iojimui; perforuoto plieno u&#382;pildo sekcijin&#279;s sritys, skirtos patalpoms, kurioms reikalinga itin gera ventiliacija (pavyzd&#382;iui, po&#382;emin&#279;ms stov&#279;jimo aik&scaron;tel&#279;ms).<\/p>\n<p>Valdymas: elektrinis arba rankinis<\/p>\n<p>Papildomi saugumo priedai: apsauga nuo tros&#371; nutr&#363;kimo; fotoelektriniai davikliai; apsauga nuo prispaudimo[\/vc_column_text][\/vc_column][\/vc_row][vc_row][vc_column width=&rdquo;1\/2&Prime; css=&rdquo;.vc_custom_1546608504495{margin-top: 20px !important;}&rdquo;][vc_column_text el_class=&rdquo;tabai&rdquo; css=&rdquo;.vc_custom_1727960485328{margin-right: 30px !important;margin-left: 70px !important;}&rdquo;]&bdquo;Lauresta&ldquo; si&#363;lomi vartai pramonei atitinka EN ISO 9001:2000 ir CE saugumo reikalavimus. Standartiniai pramoniniai vartai da&#382;niausiai turi &scaron;iuos segment&#371; tipus:<\/p>\n<ul>\n<li>RIB (didesnio plo&#269;io juostos)<\/li>\n<li>MACRORIB (bangel&#279;s kas 10 mm)<\/li>\n<\/ul>\n<p>&nbsp;<\/p>\n<p>Standartinis toki&#371; vart&#371; pavir&scaron;ius &ndash; tinko fakt&#363;ra.[\/vc_column_text][\/vc_column][vc_column width=&rdquo;1\/2&Prime; css=&rdquo;.vc_custom_1546608511624{margin-top: 20px !important;}&rdquo;][vc_column_text el_class=&rdquo;tabai&rdquo; css=&rdquo;.vc_custom_1560260638982{margin-right: 70px !important;margin-left: 30px !important;}&rdquo;]<strong>Galimi pramonini&#371; vart&#371; reljefai:<\/strong>[\/vc_column_text][vc_single_image image=&rdquo;43545&Prime; img_size=&rdquo;full&rdquo; css=&rdquo;.vc_custom_1563955630281{margin-right: 70px !important;margin-left: 30px !important;}&rdquo;][\/vc_column][\/vc_row][vc_row][vc_column width=&rdquo;2\/3&Prime; css=&rdquo;.vc_custom_1546608504495{margin-top: 20px !important;}&rdquo;][vc_column_text el_class=&rdquo;tabai&rdquo; css=&rdquo;.vc_custom_1727960504373{margin-right: 30px !important;margin-left: 70px !important;}&rdquo;]<strong>RIB (didesnio plo&#269;io juostos) standartin&#279;s (populiariausios) spalvos:<\/strong>[\/vc_column_text][vc_single_image image=&rdquo;43546&Prime; img_size=&rdquo;full&rdquo; css=&rdquo;.vc_custom_1563955689934{margin-right: 30px !important;margin-left: 70px !important;}&rdquo; el_class=&rdquo;tabai&rdquo;][\/vc_column][\/vc_row][vc_row][vc_column width=&rdquo;2\/3&Prime; css=&rdquo;.vc_custom_1546608504495{margin-top: 20px !important;}&rdquo;][vc_column_text el_class=&rdquo;tabai&rdquo; css=&rdquo;.vc_custom_1727960517956{margin-right: 30px !important;margin-left: 70px !important;}&rdquo;]<strong>MACRORIB standartin&#279;s (populiariausios) spalvos:<\/strong>[\/vc_column_text][vc_single_image image=&rdquo;43547&Prime; img_size=&rdquo;full&rdquo; css=&rdquo;.vc_custom_1563955744151{margin-right: 30px !important;margin-left: 70px !important;}&rdquo; el_class=&rdquo;tabai&rdquo;][\/vc_column][\/vc_row][vc_row][vc_column width=&rdquo;2\/3&Prime; css=&rdquo;.vc_custom_1546608504495{margin-top: 20px !important;}&rdquo;][vc_column_text el_class=&rdquo;tabai&rdquo; css=&rdquo;.vc_custom_1727960532605{margin-right: 30px !important;margin-left: 70px !important;}&rdquo;]Pageidaujant u&#382; papildom&#261; priemok&#261; galima nuda&#382;yti vart&#371; segmentus bet kuria norim&#261; RAL palet&#279;s spalva.<\/p>\n<p><span style=\"font-weight: 400;\">&nbsp;<\/span>[\/vc_column_text][\/vc_column][\/vc_row][vc_row][vc_column width=&rdquo;2\/3&Prime; css=&rdquo;.vc_custom_1550587169787{margin-top: 40px !important;}&rdquo;][vc_column_text el_class=&rdquo;tabai&rdquo; css=&rdquo;.vc_custom_1727960547353{margin-right: 30px !important;margin-left: 70px !important;}&rdquo;]<strong>Beje, be standartini&#371; segment&#371; tip&#371;, &bdquo;Lauresta&ldquo; si&#363;lo ir kitus segment&#371; variantus:<\/strong><\/p>\n<p><strong>&nbsp;<\/strong>[\/vc_column_text][vc_single_image image=&rdquo;43548&Prime; img_size=&rdquo;full&rdquo; css=&rdquo;.vc_custom_1606745764799{margin-right: 30px !important;margin-left: 70px !important;}&rdquo;][\/vc_column][\/vc_row][vc_row][vc_column width=&rdquo;1\/2&Prime; css=&rdquo;.vc_custom_1546608504495{margin-top: 20px !important;}&rdquo;][vc_column_text el_class=&rdquo;tabai&rdquo; css=&rdquo;.vc_custom_1727960561260{margin-right: 30px !important;margin-left: 70px !important;}&rdquo;]<strong>Vart&#371; langeliai<\/strong><\/p>\n<p>Esant poreikiui, pramoninius vartus galima &#303;rengti su langeliu, kuris u&#382;tikrins nat&#363;ral&#371; ap&scaron;vietim&#261; patalpoje.<\/p>\n<p>Langelis gaminamas i&scaron; pasirinktos med&#382;iagos &ndash; akrilo su plastiku arba ner&#363;dijan&#269;io plieno (r&#279;mas gali b&#363;ti nuda&#382;omas bet kuria RAL palet&#279;s spalva) &ndash; ir gali b&#363;ti pasirinktinos formos (apvalus, ovalus, sta&#269;iakampis).<br>\n&#302;stiklinimui naudojama PVC danga, kuri yra anoduota arba padengta UV atsparia med&#382;iaga. Langai gali b&#363;ti skaidr&#363;s, ra&scaron;tuoti, tonuoti arba matiniai.[\/vc_column_text][\/vc_column][vc_column width=&rdquo;1\/2&Prime; css=&rdquo;.vc_custom_1560261123488{margin-top: 20px !important;}&rdquo;][vc_column_text el_class=&rdquo;tabai&rdquo; css=&rdquo;.vc_custom_1560261306359{margin-right: 70px !important;margin-left: 30px !important;}&rdquo;]<strong>Papildomas ap&scaron;iltinimas<\/strong><\/p>\n<p>Galima rinktis pramoninius gara&#382;o vartus su <em>Termo <\/em>ap&scaron;iltinimu. Vidinis j&#371; sluoksnis tarp skard&#371; yra u&#382;pildytas poliuretanu, kuris pasi&#382;ymi stipriomis izoliacin&#279;mis savyb&#279;mis. &Scaron;iluminis laidumas &ndash; iki 0,5 W\/m&sup2; K. &Scaron;ie vartai yra skirti naudoti siekiant &scaron;ildymo arba &scaron;aldymo patalpas atskirti nuo kit&#371; patalp&#371;. Tai &scaron;ilum&#261; taupantis ir ilgaam&#382;is sprendimas &#303;mon&#279;ms.[\/vc_column_text][\/vc_column][\/vc_row][vc_row][vc_column css=&rdquo;.vc_custom_1546608504495{margin-top: 20px !important;}&rdquo;][vc_column_text el_class=&rdquo;tabai&rdquo; css=&rdquo;.vc_custom_1727960595629{margin-right: 30px !important;margin-left: 70px !important;}&rdquo;]<strong>Kitos termoizoliacini&#371; vart&#371; savyb&#279;s:<\/strong><\/p>\n<ul>\n<li>Special&#363;s terminiai tarpai segment&#371; sujungimo vietose;<\/li>\n<li>Dvigubu gumos sluoksniu u&#382;dengiama vart&#371; apa&#269;ia &ndash; suma&#382;inti &scaron;ilumos nuostoliai;<\/li>\n<li>Papildomi langeliai (pagal poreik&#303;) i&scaron; trij&#371; kamer&#371; paketo stiklo, atitinkan&#269;io &scaron;iluminius reikalavimus (auk&scaron;ta &scaron;ilumin&#279; var&#382;a), puikiai praleid&#382;ianti &scaron;vies&#261;;<\/li>\n<li>Personalo dur&#371; tipai: plok&scaron;&#269;ios, &#382;emos, standartinio slenks&#269;io;<\/li>\n<li>Spyruokli&#371; bei tros&#371; nutr&#363;kimo apsauga &ndash; apsaugo nuo vart&#371; plok&scaron;tumos kritimo &#382;emyn.<\/li>\n<\/ul>\n<p>[\/vc_column_text][\/vc_column][\/vc_row][vc_row][vc_column css=&rdquo;.vc_custom_1560260401986{margin-top: 20px !important;}&rdquo;][vc_separator][\/vc_column][\/vc_row][vc_row][vc_column width=&rdquo;1\/2&Prime; css=&rdquo;.vc_custom_1546608504495{margin-top: 20px !important;}&rdquo;][vc_column_text el_class=&rdquo;tabai&rdquo; css=&rdquo;.vc_custom_1727960615737{margin-right: 30px !important;margin-left: 70px !important;}&rdquo;]<strong>Pramonini&#371; vart&#371; automatika<\/strong><\/p>\n<p>Automatiniam vart&#371; valdymui &bdquo;Lauresta&ldquo; si&#363;lo &#303;vairi&#371; gamintoj&#371; automatizuotas sistemas, atitinkan&#269;ias CE sertifikato reikalavimus. &Scaron;i sistema pasi&#382;ymi tyliai ir stabiliai dirban&#269;iomis sistemos su grandinine pavara.<\/p>\n<p>Galima rinktis pramonini&#371; vart&#371; valdymo b&#363;d&#261; &ndash; sieniniu mygtuku, nuotoliniu pulteliu arba telefonu. Tai itin patogus, saugus ir efektyvus valdymas.[\/vc_column_text][\/vc_column][vc_column width=&rdquo;1\/2&Prime; css=&rdquo;.vc_custom_1570006435280{margin-top: 20px !important;}&rdquo;][vc_single_image image=&rdquo;43560&Prime; img_size=&rdquo;full&rdquo; css=&rdquo;.vc_custom_1606745817423{margin-right: 70px !important;margin-left: 30px !important;}&rdquo; title=&rdquo;Pramonini&#371; vart&#371; variklis&rdquo;][\/vc_column][\/vc_row][vc_row][vc_column width=&rdquo;1\/2&Prime; css=&rdquo;.vc_custom_1546608504495{margin-top: 20px !important;}&rdquo;][vc_column_text el_class=&rdquo;tabai&rdquo; css=&rdquo;.vc_custom_1727960631873{margin-right: 30px !important;margin-left: 70px !important;}&rdquo;]<b>Papildoma &#303;ranga:<\/b><\/p>\n<ol>\n<li>Slenkan&#269;io kodo sistema, u&#382;tikrinanti saugum&#261;<\/li>\n<li>Savaime u&#382;sirakinantys varikliai<\/li>\n<li>Papildomo maitinimo galimyb&#279; (itin pravarti dingus elektrai)<\/li>\n<li>Galimyb&#279; prijungti pneumatinius, fotoelektrinius ir opto daviklius<\/li>\n<\/ol>\n<p>[\/vc_column_text][\/vc_column][vc_column width=&rdquo;1\/2&Prime; css=&rdquo;.vc_custom_1560260420965{margin-top: 20px !important;}&rdquo;][vc_column_text el_class=&rdquo;tabai&rdquo; css=&rdquo;.vc_custom_1727960646393{margin-right: 30px !important;margin-left: 70px !important;}&rdquo;]<strong>Taip pat visiems vartams gali b&#363;ti pritaikyti papildomi elementai:<\/strong><\/p>\n<ol>\n<li>Durys, skirtos vaik&scaron;&#269;iojimui<\/li>\n<li>Langeliai<\/li>\n<li>Ventiliacin&#279;s angos<\/li>\n<li>Rankenos<\/li>\n<li>Spynos<\/li>\n<li>Saugumo priedai automatiniam vart&#371; pak&#279;limui<\/li>\n<li>Tros&#371; tr&#363;kimo apsaugos<\/li>\n<\/ol>\n<p>[\/vc_column_text][\/vc_column][\/vc_row][vc_row][vc_column css=&rdquo;.vc_custom_1560260459739{margin-top: 20px !important;}&rdquo;][vc_separator][\/vc_column][\/vc_row][vc_row][vc_column width=&rdquo;1\/2&Prime; css=&rdquo;.vc_custom_1546608504495{margin-top: 20px !important;}&rdquo;][vc_column_text el_class=&rdquo;tabai&rdquo; css=&rdquo;.vc_custom_1727960664373{margin-right: 30px !important;margin-left: 70px !important;}&rdquo;]<\/p>\n<h5><strong>&#302; &scaron;on&#261; nuslenkantys vartai<\/strong><\/h5>\n<p>Pramonin&#279;ms erdv&#279;ms, kuriose n&#279;ra vietos segmentiniams vartams pasikelti &#303; vir&scaron;&#371;, &bdquo;Lauresta&ldquo; si&#363;lo &#303; &scaron;on&#261; nuslenkan&#269;ius vartus. Vertikaliai montuojami segmentai leid&#382;ia gaminti vartus iki 30 metr&#371; plo&#269;io ir 15 metr&#371; auk&scaron;&#269;io. Pramonin&#279; b&#279;gi&#371; sistema u&#382;tikrina tolyg&#371; ir patikim&#261; vart&#371; veikim&#261;.<\/p>\n<p>&Scaron;i&#371; vart&#371; privalumas &ndash; nustumiant juos &#303; &scaron;onus, po lubomis lieka laisvos vietos, kuri gali b&#363;ti i&scaron;naudojama kranams ar kitai pramoninei &#303;rangai. Individualiai kiekvieniems vartams gaminami b&#279;giai, kurie leid&#382;ia optimaliai i&scaron;naudoti viet&#261; patalpoje. Vartai suderinami su dauguma automatini&#371; pavar&#371;. Pneumatini&#371; ar fotoelektrini&#371; davikli&#371; apsaugos u&#382;tikrina saug&#371; vart&#371; jud&#279;jim&#261; (slankiojim&#261;). Durys, skirtos vaik&scaron;&#269;ioti, leid&#382;ia taupyti i&scaron;laidas pastato &scaron;ildymui. Be to, &#382;ema vart&#371; kreipian&#269;ioji juosta, esanti apa&#269;ioje, nereikalauja nuolatin&#279;s prie&#382;i&#363;ros ir leid&#382;ia lengvai prava&#382;iuoti krautuvams. Auk&scaron;ta v&#279;jo atsparumo klas&#279; leid&#382;ia vartus montuoti v&#279;juotose teritorijose.[\/vc_column_text][\/vc_column][\/vc_row][vc_row][vc_column width=&rdquo;1\/2&Prime; css=&rdquo;.vc_custom_1546608504495{margin-top: 20px !important;}&rdquo;][vc_column_text el_class=&rdquo;tabai&rdquo; css=&rdquo;.vc_custom_1727960682898{margin-right: 30px !important;margin-left: 70px !important;}&rdquo;]<\/p>\n<h5><strong>Prie&scaron;gaisriniai vartai<\/strong><\/h5>\n<p>Tai special&#363;s pramoniniai vartai, komplektuojami kartu su automatine pavara ir &#303;&#279;jimo durimis. Kilus gaisrui, jie savaime u&#382;sidaro, tokiu b&#363;du apsaugodami kitas patalpas nuo gaisro plitimo. Savaiminio u&#382;sidarymo funkcija &#303;sijungia d&#279;l prie&scaron;gaisrin&#279;s signalizacijos signalo arba kit&#371; davikli&#371;. Automatinis vart&#371; u&#382;darymas vyksta nenaudojant elektros srov&#279;s, o naudojant svorius. Be to, &scaron;ie vartai gaminami i&scaron; ugniai atsparios med&#382;iagos, o j&#371; profili&#371; tarpin&#279;s &ndash; nedegios. Vartuose papildomai gali b&#363;ti montuojamos durys, skirtos vaik&scaron;&#269;iojimui, su specialia rankena.[\/vc_column_text][\/vc_column][vc_column width=&rdquo;1\/2&Prime; css=&rdquo;.vc_custom_1570005180164{margin-top: 20px !important;}&rdquo;][vc_single_image image=&rdquo;43559&Prime; img_size=&rdquo;large&rdquo; el_class=&rdquo;tabai&rdquo; css=&rdquo;.vc_custom_1570005153147{margin-right: 70px !important;margin-left: 30px !important;}&rdquo;][\/vc_column][\/vc_row][vc_row][vc_column width=&rdquo;1\/2&Prime; css=&rdquo;.vc_custom_1546608504495{margin-top: 20px !important;}&rdquo;][vc_column_text el_class=&rdquo;tabai&rdquo; css=&rdquo;.vc_custom_1727960698128{margin-right: 30px !important;margin-left: 70px !important;}&rdquo;]<\/p>\n<h5><strong>Greitaeigiai pramoniniai vartai<\/strong><\/h5>\n<p>&Scaron;i&#371; daugiacikli&#371; vart&#371; paskirtis &ndash; u&#382;tikrinti greit&#261; ir saug&#371; darb&#261; komercin&#279;se arba pramonin&#279;se patalpose. &Scaron;ie vartai yra skirti itin intensyviam naudojimui tose vietose, kur vyksta intensyvus jud&#279;jimas ir reikalingas itin spartus vart&#371; atidarymo procesas. Vartai gaminami i&scaron; specialios lengvos PVC med&#382;iagos. &Scaron;ie vartai pasi&#382;ymi itin tiksliu veikimu, kokybe ir ilgaam&#382;i&scaron;kumu. Daugiau apie <a href=\"http:\/\/lauresta.lv\/produktai\/garazo-vartai\/greitaeigiai-vartai\/\" target=\"_blank\" rel=\"noopener\">greitaeigius vartus skaitykite &#269;ia<\/a>.[\/vc_column_text][\/vc_column][\/vc_row][vc_row][vc_column css=&rdquo;.vc_custom_1560260401986{margin-top: 20px !important;}&rdquo;][vc_separator][\/vc_column][\/vc_row][vc_row][vc_column css=&rdquo;.vc_custom_1546608504495{margin-top: 20px !important;}&rdquo;][vc_single_image image=&rdquo;43559&Prime; img_size=&rdquo;large&rdquo; title=&rdquo;Prie&scaron;gaisriniai vartai&rdquo; el_class=&rdquo;tabai&rdquo; css=&rdquo;.vc_custom_1570004987734{margin-right: 70px !important;margin-left: 30px !important;}&rdquo;][vc_column_text el_class=&rdquo;tabai&rdquo; css=&rdquo;.vc_custom_1727960732222{margin-right: 30px !important;margin-left: 70px !important;}&rdquo;]J&#363;s interes&#275; industri&#257;lie v&#257;rti?&nbsp;Sazinieties ar mums un sa&#326;emsiet individu&#257;lu pied&#257;v&#257;jumu, vai nu aizpildot&nbsp;<a href=\"https:\/\/www.lauresta.lt\/lv\/bezmaksas-merisana\/\" target=\"_blank\" rel=\"noopener\">elektronisko formu<\/a>&nbsp;vai piezvanot mums uz:&nbsp;<a href=\"tel:+37167278800\">+371 672 78800<\/a>&nbsp;vai&nbsp;<a href=\"tel:+37125556555\">+371 255 56555<\/a>, vai apmekl&#275;jot m&#363;su&nbsp;<a href=\"https:\/\/www.lauresta.lt\/lv\/kontaktai\/\">salonu R&#299;g&#257;<\/a>.[\/vc_column_text][\/vc_column][\/vc_row]<\/p>\n<\/body><\/html>\n","protected":false},"excerpt":{"rendered":"<p>Industri\u0101lie sekciju gar\u0101\u017eas v\u0101rti ir vair\u0101k dom\u0101ti industri\u0101laj\u0101m un komerc\u0113k\u0101m. Tie ir piem\u0113roti gar\u0101kai un intens\u012bv\u0101kai kalpo\u0161anai un sp\u0113j darboties l\u012bdz pat 100 000 atv\u0113r\u0161an\u0101s-aizv\u0113r\u0161an\u0101s cikliem. Tos var uzst\u0101d\u012bt ar plakaniem, zemiem vai standarta sliek\u0161\u0146iem. Visi \u0161ie v\u0101rti atbilst augst\u0101kaj\u0101m dro\u0161\u012bbas pras\u012bb\u0101m ar v\u0101rtos instal\u0113tiem dro\u0161\u012bbas r\u012bkiem.<\/p>\n","protected":false},"featured_media":43542,"template":"","meta":[],"product_cat":[6678],"product_tag":[6744],"class_list":{"0":"post-43529","1":"product","2":"type-product","3":"status-publish","4":"has-post-thumbnail","6":"product_cat-garazas-durvis","7":"product_tag-uznemumiem","9":"first","10":"instock","11":"shipping-taxable","12":"purchasable","13":"product-type-simple"},"_links":{"self":[{"href":"https:\/\/www.lauresta.lt\/lv\/wp-json\/wp\/v2\/product\/43529","targetHints":{"allow":["GET"]}}],"collection":[{"href":"https:\/\/www.lauresta.lt\/lv\/wp-json\/wp\/v2\/product"}],"about":[{"href":"https:\/\/www.lauresta.lt\/lv\/wp-json\/wp\/v2\/types\/product"}],"wp:featuredmedia":[{"embeddable":true,"href":"https:\/\/www.lauresta.lt\/lv\/wp-json\/wp\/v2\/media\/43542"}],"wp:attachment":[{"href":"https:\/\/www.lauresta.lt\/lv\/wp-json\/wp\/v2\/media?parent=43529"}],"wp:term":[{"taxonomy":"product_cat","embeddable":true,"href":"https:\/\/www.lauresta.lt\/lv\/wp-json\/wp\/v2\/product_cat?post=43529"},{"taxonomy":"product_tag","embeddable":true,"href":"https:\/\/www.lauresta.lt\/lv\/wp-json\/wp\/v2\/product_tag?post=43529"}],"curies":[{"name":"wp","href":"https:\/\/api.w.org\/{rel}","templated":true}]}}