{"id":43577,"date":"2018-07-16T13:00:36","date_gmt":"2018-07-16T13:00:36","guid":{"rendered":"https:\/\/www.lauresta.lt\/produktai\/uncategorized\/susukami-garazo-vartai\/"},"modified":"2024-10-03T16:11:03","modified_gmt":"2024-10-03T13:11:03","slug":"rullo-garazas-varti","status":"publish","type":"product","link":"https:\/\/www.lauresta.lt\/lv\/produktai\/garazas-durvis\/rullo-garazas-varti\/","title":{"rendered":"Rullo gar\u0101\u017eas v\u0101rti"},"content":{"rendered":"<!DOCTYPE html PUBLIC \"-\/\/W3C\/\/DTD HTML 4.0 Transitional\/\/EN\" \"http:\/\/www.w3.org\/TR\/REC-html40\/loose.dtd\">\n<?xml encoding=\"utf-8\" ?><html><body><p>[vc_row][vc_column width=&rdquo;1\/2&Prime; css=&rdquo;.vc_custom_1546608504495{margin-top: 20px !important;}&rdquo;][vc_column_text el_class=&rdquo;tabai&rdquo; css=&rdquo;.vc_custom_1727960902542{margin-right: 30px !important;margin-left: 70px !important;}&rdquo;]<strong>Pagrindin&#279;s susukam&#371; gara&#382;o vart&#371; savyb&#279;s:<\/strong><\/p>\n<ul>\n<li>&Scaron;ilumos izoliacija;<\/li>\n<li>Paprasta prie&#382;i&#363;ra;<\/li>\n<li>Esteti&scaron;ka i&scaron;vaizda.<\/li>\n<\/ul>\n<p>[\/vc_column_text][\/vc_column][vc_column width=&rdquo;1\/2&Prime; css=&rdquo;.vc_custom_1546608511624{margin-top: 20px !important;}&rdquo;][vc_column_text el_class=&rdquo;tabai&rdquo; css=&rdquo;.vc_custom_1727960914966{margin-right: 70px !important;margin-left: 30px !important;}&rdquo;]Palyginus su segmentiniais pakeliamais vartais, susukami gara&#382;o vartai skiriasi sud&#279;timi &ndash; jie sudaryti i&scaron; siaur&#371; metalini&#371; juosteli&#371; (u&#382;pildyt&#371; poliuretano putomis), kurios susisuka ant veleno vir&scaron; vart&#371;. O tuo tarpu segmentiniai gara&#382;o vartai pasikelia segmentais palei lubas. Tad susukami gara&#382;o vartai patog&#363;s patalpose, kuriose n&#279;ra vietos segmentiniams gara&#382;o vartams &#303;rengti (n&#279;ra pakankamai vietos palub&#279;je, kad vartai gal&#279;t&#371; tinkamai pasikelti).[\/vc_column_text][\/vc_column][\/vc_row][vc_row][vc_column width=&rdquo;1\/2&Prime; css=&rdquo;.vc_custom_1546608504495{margin-top: 20px !important;}&rdquo;][vc_column_text el_class=&rdquo;tabai&rdquo; css=&rdquo;.vc_custom_1727960928629{margin-right: 30px !important;margin-left: 70px !important;}&rdquo;]Susukam&#371; vart&#371; spalva parenkama i&scaron; RAL spalv&#371; palet&#279;s, o j&#371; konstrukcija ir matmenys priklauso nuo individuali&#371; J&#363;s&#371; poreiki&#371;.<\/p>\n<p>&nbsp;<\/p>\n<p>Kad susukami gara&#382;o vartai b&#363;t&#371; saugesni, j&#371; apa&#269;ioje montuojamas papildomas blokavimo mechanizmas, neleid&#382;iantis vart&#371; j&#279;ga pakelti auk&scaron;tyn. Susukam&#371; gara&#382;o vart&#371; profilis susivynioja &#303; kaset&#281;, kuri montuojama &#303; ni&scaron;&#261;, ant ni&scaron;os arba integruojama &#303; fasad&#261; (priekin&#279; d&#279;&#382;&#279;s sienel&#279; paslepiama po apdaila).[\/vc_column_text][\/vc_column][vc_column width=&rdquo;1\/2&Prime;][vc_single_image image=&rdquo;7681&Prime; img_size=&rdquo;medium&rdquo; alignment=&rdquo;center&rdquo; el_class=&rdquo;tabai&rdquo; css=&rdquo;.vc_custom_1550499794380{margin-right: 70px !important;margin-left: 30px !important;}&rdquo;][\/vc_column][\/vc_row][vc_row][vc_column css=&rdquo;.vc_custom_1546608504495{margin-top: 20px !important;}&rdquo;][vc_column_text el_class=&rdquo;tabai&rdquo; css=&rdquo;.vc_custom_1727960956376{margin-right: 30px !important;margin-left: 70px !important;}&rdquo;]J&#363;s interes&#275; rullo gar&#257;&#382;as v&#257;rti?&nbsp;Sazinieties ar mums un sa&#326;emsiet individu&#257;lu pied&#257;v&#257;jumu, vai nu aizpildot&nbsp;<a href=\"https:\/\/www.lauresta.lt\/lv\/bezmaksas-merisana\/\" target=\"_blank\" rel=\"noopener\">elektronisko formu<\/a>&nbsp;vai piezvanot mums uz:&nbsp;<a href=\"tel:+37167278800\">+371 672 78800<\/a>&nbsp;vai&nbsp;<a href=\"tel:+37125556555\">+371 255 56555<\/a>, vai apmekl&#275;jot m&#363;su&nbsp;<a href=\"https:\/\/www.lauresta.lt\/lv\/kontaktai\/\">salonu R&#299;g&#257;<\/a>.[\/vc_column_text][\/vc_column][\/vc_row]<\/p>\n<\/body><\/html>\n","protected":false},"excerpt":{"rendered":"<p>Rullo gar\u0101\u017eu v\u0101rtus var uzst\u0101d\u012bt gan komerctelp\u0101s, gan priv\u0101tm\u0101j\u0101s. \u0160is v\u0101rtu veids ir \u012bpa\u0161s ar t\u0101 darbin\u0101\u0161anas veidu:\u00a0 paceltais v\u0101rtu profils ir pieskr\u016bv\u0113ts pie v\u0101rpstas. Turkl\u0101t \u0161ie gar\u0101\u017eas v\u0101rti var b\u016bt vienas sienas vai divu sienu. Tos var apr\u012bkot ar papildus aizsardz\u012bbu pret ielau\u0161anos. \u0160os gar\u0101\u017eas v\u0101rtus var vad\u012bt gan manu\u0101li ( aukla, reduktors, atsperes meh\u0101nisms) gan autom\u0101tiski (t\u0101lvad\u012bba, sl\u0113dzis).<\/p>\n","protected":false},"featured_media":43584,"template":"","meta":[],"product_cat":[6678],"product_tag":[6726,6742,6744],"class_list":{"0":"post-43577","1":"product","2":"type-product","3":"status-publish","4":"has-post-thumbnail","6":"product_cat-garazas-durvis","7":"product_tag-drosibai","8":"product_tag-prieks-majas","9":"product_tag-uznemumiem","11":"first","12":"instock","13":"shipping-taxable","14":"purchasable","15":"product-type-simple"},"_links":{"self":[{"href":"https:\/\/www.lauresta.lt\/lv\/wp-json\/wp\/v2\/product\/43577","targetHints":{"allow":["GET"]}}],"collection":[{"href":"https:\/\/www.lauresta.lt\/lv\/wp-json\/wp\/v2\/product"}],"about":[{"href":"https:\/\/www.lauresta.lt\/lv\/wp-json\/wp\/v2\/types\/product"}],"wp:featuredmedia":[{"embeddable":true,"href":"https:\/\/www.lauresta.lt\/lv\/wp-json\/wp\/v2\/media\/43584"}],"wp:attachment":[{"href":"https:\/\/www.lauresta.lt\/lv\/wp-json\/wp\/v2\/media?parent=43577"}],"wp:term":[{"taxonomy":"product_cat","embeddable":true,"href":"https:\/\/www.lauresta.lt\/lv\/wp-json\/wp\/v2\/product_cat?post=43577"},{"taxonomy":"product_tag","embeddable":true,"href":"https:\/\/www.lauresta.lt\/lv\/wp-json\/wp\/v2\/product_tag?post=43577"}],"curies":[{"name":"wp","href":"https:\/\/api.w.org\/{rel}","templated":true}]}}