{"id":43636,"date":"2018-07-16T12:30:33","date_gmt":"2018-07-16T12:30:33","guid":{"rendered":"https:\/\/www.lauresta.lt\/produktai\/uncategorized\/pergolos-apsvietimas\/"},"modified":"2024-10-15T10:51:42","modified_gmt":"2024-10-15T07:51:42","slug":"pergolu-apgaismojums","status":"publish","type":"product","link":"https:\/\/www.lauresta.lt\/lv\/produktai\/pergolas\/pergolu-apgaismojums\/","title":{"rendered":"Pergolu apgaismojums"},"content":{"rendered":"<!DOCTYPE html PUBLIC \"-\/\/W3C\/\/DTD HTML 4.0 Transitional\/\/EN\" \"http:\/\/www.w3.org\/TR\/REC-html40\/loose.dtd\">\n<?xml encoding=\"utf-8\" ?><html><body><p>[vc_row][vc_column width=&rdquo;1\/2&Prime;][vc_column_text css=&rdquo;.vc_custom_1727976804461{margin-right: 30px !important;margin-left: 70px !important;}&rdquo; el_class=&rdquo;tabai&rdquo;]&ldquo;Lauresta&rdquo; pied&#257;v&#257; m&#363;sdien&#299;gas, augstas kvalit&#257;tes pergolas gaismas, kas ne tikai efekt&#299;vi apgaismo pergolas, bet ar&#299; rada m&#257;j&#299;guma saj&#363;tu. J&#363;s varat izv&#275;l&#275;ties no vair&#257;kiem LED gaismek&#316;u veidiem &ndash; LED dio&#382;u lenta, kas uzst&#257;d&#299;ta pergola konstrukcijas s&#257;nos, vai LED elementi, kas uzst&#257;d&#299;ti jumta lamel&#275;s vai griestos.[\/vc_column_text][\/vc_column][vc_column width=&rdquo;1\/2&Prime;][vc_column_text css=&rdquo;.vc_custom_1727976821670{margin-right: 30px !important;margin-left: 70px !important;}&rdquo; el_class=&rdquo;tabai&rdquo;]Apgaismojumu var kontrol&#275;t ar t&#257;lvad&#299;bas pulti vai gaismas samazin&#257;&scaron;anas ier&#299;ci jeb dimmeri, kas kontrol&#275; ne tikai gaismas intensit&#257;ti, bet ar&#299; kr&#257;su. Diem&#382;&#275;l &scaron;&#257;da veida apgaismojumu nevar piel&#257;got visiem pergolas mode&#316;u veidiem.[\/vc_column_text][\/vc_column][\/vc_row][vc_row][vc_column css=&rdquo;.vc_custom_1546608504495{margin-top: 20px !important;}&rdquo;][vc_column_text el_class=&rdquo;tabai&rdquo; css=&rdquo;.vc_custom_1727976880912{margin-right: 30px !important;margin-left: 70px !important;}&rdquo;]Ja j&#363;s interes&#275; pergolu apgaismojums, sazinieties ar mums un sa&#326;emiet pied&#257;v&#257;jumu. Aizpildiet <a href=\"https:\/\/www.lauresta.lt\/nemokamas-matavimas\/\" target=\"_blank\" rel=\"noopener\">e-veidlapu<\/a>, zvaniet mums pa t&#257;lruni <a href=\"tel:+37167278800\">+371 672 78800<\/a> vai apmekl&#275;jiet m&#363;s tuv&#257;kaj&#257; LAURESTA <a href=\"https:\/\/www.lauresta.lt\/lv\/kontaktai\/\" target=\"_blank\" rel=\"noopener\">salon&#257;&nbsp;R&#299;g&#257;<\/a>.[\/vc_column_text][\/vc_column][\/vc_row]<\/p>\n<\/body><\/html>\n","protected":false},"excerpt":{"rendered":"<p>\u2018\u2019Lauresta\u2019\u2019pied\u0101v\u0101tajos pergolu jumtos ir iesp\u0113jams instal\u0113t LED apgaismojumu. J\u016bs variet izv\u0113l\u0113ties no da\u017e\u0101diem LED apgaismojuma veidiem, kas ne tikai efekt\u012bvi apgaismos pergolu, bet pie\u0161\u0137irs ar\u012b komforta un izsmalcin\u0101tas elegances saj\u016btu. Ar\u012b t\u0101lvad\u012bba ir iesp\u0113jama. LED apgaismojums nodro\u0161ina pietiekamu apgaismojumu ar\u012b tad, kad \u0101r\u0101 ir piln\u012bgi tum\u0161s. Da\u017eiem mode\u013ciem var uzinstal\u0113t dimeri, kas \u013caus jums regul\u0113t RGB LED gaismas kr\u0101su un intensit\u0101ti atkar\u012bb\u0101 no j\u016bsu noska\u0146ojuma.<\/p>\n<p><span style=\"font-weight: 400;\">\u00a0<\/span><\/p>\n","protected":false},"featured_media":43659,"template":"","meta":[],"product_cat":[6671],"product_tag":[6742,6744],"class_list":{"0":"post-43636","1":"product","2":"type-product","3":"status-publish","4":"has-post-thumbnail","6":"product_cat-pergolas","7":"product_tag-prieks-majas","8":"product_tag-uznemumiem","10":"first","11":"instock","12":"shipping-taxable","13":"purchasable","14":"product-type-simple"},"_links":{"self":[{"href":"https:\/\/www.lauresta.lt\/lv\/wp-json\/wp\/v2\/product\/43636","targetHints":{"allow":["GET"]}}],"collection":[{"href":"https:\/\/www.lauresta.lt\/lv\/wp-json\/wp\/v2\/product"}],"about":[{"href":"https:\/\/www.lauresta.lt\/lv\/wp-json\/wp\/v2\/types\/product"}],"wp:featuredmedia":[{"embeddable":true,"href":"https:\/\/www.lauresta.lt\/lv\/wp-json\/wp\/v2\/media\/43659"}],"wp:attachment":[{"href":"https:\/\/www.lauresta.lt\/lv\/wp-json\/wp\/v2\/media?parent=43636"}],"wp:term":[{"taxonomy":"product_cat","embeddable":true,"href":"https:\/\/www.lauresta.lt\/lv\/wp-json\/wp\/v2\/product_cat?post=43636"},{"taxonomy":"product_tag","embeddable":true,"href":"https:\/\/www.lauresta.lt\/lv\/wp-json\/wp\/v2\/product_tag?post=43636"}],"curies":[{"name":"wp","href":"https:\/\/api.w.org\/{rel}","templated":true}]}}