{"id":43885,"date":"2018-07-13T13:08:51","date_gmt":"2018-07-13T13:08:51","guid":{"rendered":"https:\/\/www.lauresta.lt\/produktai\/uncategorized\/infraraudonuju-spinduliu-sildytuvai\/"},"modified":"2024-10-15T10:53:45","modified_gmt":"2024-10-15T07:53:45","slug":"infrasarkanais-silditajs","status":"publish","type":"product","link":"https:\/\/www.lauresta.lt\/lv\/produktai\/markizes-lv\/infrasarkanais-silditajs\/","title":{"rendered":"Infrasarkanie sild\u012bt\u0101ji"},"content":{"rendered":"<!DOCTYPE html PUBLIC \"-\/\/W3C\/\/DTD HTML 4.0 Transitional\/\/EN\" \"http:\/\/www.w3.org\/TR\/REC-html40\/loose.dtd\">\n<?xml encoding=\"utf-8\" ?><html><body><p>[vc_row][vc_column width=&rdquo;1\/2&Prime; css=&rdquo;.vc_custom_1594360804637{margin-top: 20px !important;}&rdquo;][vc_column_text css=&rdquo;.vc_custom_1727979244934{margin-right: 30px !important;margin-left: 70px !important;}&rdquo; el_class=&rdquo;tabai&rdquo;]<strong>Infrasarkano sild&#299;t&#257;ju priek&scaron;roc&#299;bas:<\/strong><\/p>\n<ul>\n<li>&#315;oti efekt&#299;vs &ndash; sasilda cilv&#275;ka &#311;ermeni, nevis apk&#257;rt&#275;jo vidi. Izstaroto siltumu neizklied&#275; v&#275;j&scaron;;<\/li>\n<li>Sild&#299;&scaron;anas jauda &ndash; 1,5 -2 kW. Viens infrasarkanais sild&#299;t&#257;js var sasild&#299;t plat&#299;bu l&#299;dz pat 20 m<sup>2<\/sup>;<\/li>\n<li>Nav j&#257;gaida, kam&#275;r tas uzsilst &ndash; sild&#299;t&#257;js darbojas ar maksim&#257;lo jaudu vienu sekundi p&#275;c t&#257; iesl&#275;g&scaron;anas;<\/li>\n<li>Izmanto par 60% maz&#257;k ener&#291;ijas, sal&#299;dzinot ar citiem pergolas un terases apsildes risin&#257;jumiem;<\/li>\n<li>Viegls, to var viegli pakarin&#257;t uz sienas vai uzst&#257;d&#299;t ar speci&#257;liem stat&#299;viem;<\/li>\n<li>Var vad&#299;t ar vad&#299;bas pulti.<\/li>\n<\/ul>\n<p>[\/vc_column_text][\/vc_column][vc_column width=&rdquo;1\/2&Prime; css=&rdquo;.vc_custom_1663837512092{margin-top: 90px !important;}&rdquo;][vc_column_text css=&rdquo;.vc_custom_1727979257834{margin-right: 70px !important;margin-left: 30px !important;}&rdquo; el_class=&rdquo;tabai&rdquo;]Infrasarkanais sild&#299;t&#257;js &scaron;obr&#299;d ir viens no modern&#257;kajiem apsildes risin&#257;jumiem. Tie ir gai&scaron;i, tiem ir elegants un m&#363;sdien&#299;gs dizains. Vi&#326;u korpuss ir izliekts un balt&#257; kr&#257;s&#257;. M&#363;su infrasarkanie sild&#299;t&#257;ji ir izcili ar to plat&#299;bu, kuru tie var aptvert, to formu un sild&#299;&scaron;anas jaudu (l&#299;dz 1,5-2 kW). Turkl&#257;t tie pat&#275;r&#275; l&#299;dz pat 60% maz&#257;k ener&#291;ijas sal&#299;dzin&#257;jum&#257; ar g&#257;zes sild&#299;t&#257;jiem. T&#257;p&#275;c tie ir visekonomisk&#257;kais risin&#257;jums. V&#275;l viena svar&#299;ga iez&#299;me ir t&#257;, ka p&#275;c sekundes iesl&#275;g&scaron;anas nav nepiecie&scaron;ams laiks, lai iesild&#299;tos un darbotos ar maksim&#257;lu jaudu. Var vad&#299;t ar&#299; ar vad&#299;bas pulti.[\/vc_column_text][\/vc_column][\/vc_row][vc_row][vc_column css=&rdquo;.vc_custom_1594361519926{margin-top: 20px !important;}&rdquo;][vc_column_text css=&rdquo;.vc_custom_1727979305940{margin-right: 30px !important;margin-left: 70px !important;}&rdquo; el_class=&rdquo;tabai&rdquo;]Ja j&#363;s interes&#275; infrasarkanie sild&#299;t&#257;ji, sazinieties ar mums un sa&#326;emiet pied&#257;v&#257;jumu. Iesniedziet <a href=\"https:\/\/www.lauresta.lt\/lv\/bezmaksas-merisana\/\" target=\"_blank\" rel=\"noopener\">e-veidlapu<\/a>, zvaniet mums pa t&#257;lruni <a href=\"tel:+37167278800\">+371 672 78800<\/a>&nbsp;vai&nbsp;<a href=\"tel:+37125556555\">+371 255 56555<\/a> vai apmekl&#275;jiet m&#363;s tuv&#257;kaj&#257; LAURESTA salon&#257; <a href=\"https:\/\/www.lauresta.lt\/lv\/kontaktai\/\">R&#299;g&#257;<\/a>.[\/vc_column_text][\/vc_column][\/vc_row]<\/p>\n<\/body><\/html>\n","protected":false},"excerpt":{"rendered":"<p>Ieg\u0101d\u0101joties infrasarkano sild\u012bt\u0101ju j\u016bsu terasei, var\u0113siet krietni agr\u0101k s\u0101kt\u00a0 izbaud\u012bt silto sezonu, nek\u0101 t\u0101 s\u0101kusies, kam\u0113r atkl\u0101siet ar\u012b to, ka ir \u013coti omul\u012bgi baud\u012bt siltos dz\u0113rienus \u0157\u0101 un v\u0113rot kr\u012bto\u0161\u0101s lapas ruden\u012b. Infrasarkanaie sild\u012bt\u0101ji ir \u012bpa\u0161i piem\u0113roti \u0101ra kafejn\u012bc\u0101m, lai pagarin\u0101tu vasaras sezonu. \u2018\u2019Lauresta\u2019\u2019 biznesa klientiem jau ir bijusi iesp\u0113ja izm\u0113\u0123in\u0101t teras\u0113 &#8211; pergol\u0101 infrasarkanos sild\u012bt\u0101jus un pa\u0161iem pieredz\u0113t to priek\u0161roc\u012bbas: stiklot\u0101s pergolas pagarina \u012bso vasaras sezonu un pal\u012bdz ieg\u016bt vair\u0101k klientu.<\/p>\n","protected":false},"featured_media":43920,"template":"","meta":[],"product_cat":[6670,6671],"product_tag":[6742,6744],"class_list":{"0":"post-43885","1":"product","2":"type-product","3":"status-publish","4":"has-post-thumbnail","6":"product_cat-markizes-lv","7":"product_cat-pergolas","8":"product_tag-prieks-majas","9":"product_tag-uznemumiem","11":"first","12":"instock","13":"shipping-taxable","14":"purchasable","15":"product-type-simple"},"_links":{"self":[{"href":"https:\/\/www.lauresta.lt\/lv\/wp-json\/wp\/v2\/product\/43885","targetHints":{"allow":["GET"]}}],"collection":[{"href":"https:\/\/www.lauresta.lt\/lv\/wp-json\/wp\/v2\/product"}],"about":[{"href":"https:\/\/www.lauresta.lt\/lv\/wp-json\/wp\/v2\/types\/product"}],"wp:featuredmedia":[{"embeddable":true,"href":"https:\/\/www.lauresta.lt\/lv\/wp-json\/wp\/v2\/media\/43920"}],"wp:attachment":[{"href":"https:\/\/www.lauresta.lt\/lv\/wp-json\/wp\/v2\/media?parent=43885"}],"wp:term":[{"taxonomy":"product_cat","embeddable":true,"href":"https:\/\/www.lauresta.lt\/lv\/wp-json\/wp\/v2\/product_cat?post=43885"},{"taxonomy":"product_tag","embeddable":true,"href":"https:\/\/www.lauresta.lt\/lv\/wp-json\/wp\/v2\/product_tag?post=43885"}],"curies":[{"name":"wp","href":"https:\/\/api.w.org\/{rel}","templated":true}]}}