{"id":43959,"date":"2018-07-13T12:53:26","date_gmt":"2018-07-13T12:53:26","guid":{"rendered":"https:\/\/www.lauresta.lt\/produktai\/uncategorized\/uzdanga-nuo-vejo\/"},"modified":"2024-10-15T10:54:28","modified_gmt":"2024-10-15T07:54:28","slug":"izvelkama-sanu-markize","status":"publish","type":"product","link":"https:\/\/www.lauresta.lt\/lv\/produktai\/markizes-lv\/izvelkama-sanu-markize\/","title":{"rendered":"Izvelkam\u0101 s\u0101nu mark\u012bze"},"content":{"rendered":"<!DOCTYPE html PUBLIC \"-\/\/W3C\/\/DTD HTML 4.0 Transitional\/\/EN\" \"http:\/\/www.w3.org\/TR\/REC-html40\/loose.dtd\">\n<?xml encoding=\"utf-8\" ?><html><body><p>[vc_row][vc_column css=&rdquo;.vc_custom_1546608504495{margin-top: 20px !important;}&rdquo;][vc_column_text el_class=&rdquo;tabai&rdquo; css=&rdquo;.vc_custom_1727979574548{margin-right: 30px !important;margin-left: 70px !important;}&rdquo;]Ievelkam&#257; s&#257;nu mark&#299;ze ir iztur&#299;ga pret laika apst&#257;k&#316;iem un ir atz&#299;ta par izcilu laika apst&#257;k&#316;u un saules aizsardz&#299;bas produktu. Tas ir lieliski piem&#275;rots teras&#275;m un lapen&#275;m. &Scaron;&#299; v&#275;ja nojume (cit&#257;di zin&#257;ma k&#257; vertik&#257;la mark&#299;ze vai rullo &#382;al&#363;zija) horizont&#257;li ierull&#275;jas kompakt&#257; kaset&#275; s&#257;nos, padarot to gandr&#299;z neredzamu, kad to nelieto.<\/p>\n<p>&nbsp;<\/p>\n<p>Pieejami vair&#257;k nek&#257; 100 audumi. Tie ir iztur&#299;gi un net&#299;rumu un &#363;dens dro&scaron;i.[\/vc_column_text][\/vc_column][\/vc_row][vc_row][vc_column css=&rdquo;.vc_custom_1546608504495{margin-top: 20px !important;}&rdquo;][vc_column_text el_class=&rdquo;tabai&rdquo; css=&rdquo;.vc_custom_1727979595428{margin-right: 30px !important;margin-left: 70px !important;}&rdquo;]<strong>Uzst&#257;d&#299;&scaron;anas veidi<\/strong><\/p>\n<p>Ievelkam&#257; s&#257;nu mark&#299;ze var tikt uzst&#257;d&#299;ta <strong>trijos veidos<\/strong>:<\/p>\n<ul>\n<li>Uz cietas virsmas (kad cauru&#316;veida kron&scaron;teins, kas piestiprina mark&#299;zi, ir fiks&#275;ts uz cietas virsmas);<\/li>\n<li>Uz zemes \/ smil&scaron;ainas virsmas (kad cauru&#316;veida kron&scaron;teins, kas piestiprina mark&#299;zi, ir fiks&#275;ts uz m&#299;kstas virsmas);<\/li>\n<li>Uz sienas (ja uz sienas ir uzst&#257;d&#299;ta konsoles kron&scaron;teins, kas tur mark&#299;zi izv&#275;rst&#257; veid&#257; viet&#257;).<\/li>\n<\/ul>\n<p>Terasei ievelkam&#257; s&#257;nu mark&#299;ze ir uzst&#257;d&#299;ta uz vertik&#257;l&#257;m virsm&#257;m (uz pergola balsta, pie m&#257;jas sienas, kolonnas utt.). To ir &#316;oti viegli piel&#257;got jau eso&scaron;ajam interjeram.<\/p>\n<p>&nbsp;<\/p>\n<p>Vair&#257;k mark&#299;zes audumi atrodiet &scaron;eit.[\/vc_column_text][\/vc_column][\/vc_row][vc_row][vc_column css=&rdquo;.vc_custom_1546608504495{margin-top: 20px !important;}&rdquo;][vc_column_text el_class=&rdquo;tabai&rdquo; css=&rdquo;.vc_custom_1727979634092{margin-right: 70px !important;margin-left: 70px !important;}&rdquo;]Ja j&#363;s interes&#275; ievelkam&#257; s&#257;nu mark&#299;ze, sazinieties ar mums un sa&#326;emiet pied&#257;v&#257;jumu. Iesniedziet <a href=\"https:\/\/www.lauresta.lt\/lv\/bezmaksas-merisana\/\" target=\"_blank\" rel=\"noopener\">e-veidlapu<\/a>, zvaniet mums pa t&#257;lruni <a href=\"tel:+37167278800\">+371 672 78800<\/a>&nbsp;vai&nbsp;<a href=\"tel:+37125556555\">+371 255 56555<\/a>, vai apmekl&#275;jiet m&#363;s tuv&#257;kaj&#257; LAURESTA salon&#257; <a href=\"https:\/\/www.lauresta.lt\/lv\/kontaktai\/\">R&#299;g&#257;<\/a>.[\/vc_column_text][\/vc_column][\/vc_row]<\/p>\n<\/body><\/html>\n","protected":false},"excerpt":{"rendered":"<p>Ja jums ir terase vai pergola, kurai nepiecie\u0161ama papildus aizsardz\u012bba no v\u0113ja, \u2018\u2019Lauresta\u2019\u2019 pied\u0101v\u0101 laika apst\u0101k\u013cu iztur\u012bgu mark\u012bzi, kas aizsarg\u0101 no saules un v\u0113ja. \u0160is v\u0113ja aizslietnis\u00a0 (rullo \u017eal\u016bzija) ierull\u0113j\u0101s horizont\u0101li kompakt\u0101 kaset\u0113, kas novietota s\u0101n\u0101, padarot to gandr\u012bz neredzamu, kad t\u0101 netiek lietota. To ir viegli piel\u0101got jau eso\u0161ajam interjeram &#8211; j\u016bs variet izv\u0113l\u0113ties no vair\u0101k nek\u0101 100 da\u017e\u0101diem iztur\u012bgiem audumiem, kuri ir putek\u013cu un \u016bdens iztur\u012bgi. Ievelkam\u0101s s\u0101nu mark\u012bzes var uzmont\u0113t uz jebkuras vertik\u0101las terases virsmas.<\/p>\n","protected":false},"featured_media":48009,"template":"","meta":[],"product_cat":[6670],"product_tag":[6743,6742,6744],"class_list":{"0":"post-43959","1":"product","2":"type-product","3":"status-publish","4":"has-post-thumbnail","6":"product_cat-markizes-lv","7":"product_tag-no-veja","8":"product_tag-prieks-majas","9":"product_tag-uznemumiem","11":"first","12":"instock","13":"shipping-taxable","14":"purchasable","15":"product-type-simple"},"_links":{"self":[{"href":"https:\/\/www.lauresta.lt\/lv\/wp-json\/wp\/v2\/product\/43959","targetHints":{"allow":["GET"]}}],"collection":[{"href":"https:\/\/www.lauresta.lt\/lv\/wp-json\/wp\/v2\/product"}],"about":[{"href":"https:\/\/www.lauresta.lt\/lv\/wp-json\/wp\/v2\/types\/product"}],"wp:featuredmedia":[{"embeddable":true,"href":"https:\/\/www.lauresta.lt\/lv\/wp-json\/wp\/v2\/media\/48009"}],"wp:attachment":[{"href":"https:\/\/www.lauresta.lt\/lv\/wp-json\/wp\/v2\/media?parent=43959"}],"wp:term":[{"taxonomy":"product_cat","embeddable":true,"href":"https:\/\/www.lauresta.lt\/lv\/wp-json\/wp\/v2\/product_cat?post=43959"},{"taxonomy":"product_tag","embeddable":true,"href":"https:\/\/www.lauresta.lt\/lv\/wp-json\/wp\/v2\/product_tag?post=43959"}],"curies":[{"name":"wp","href":"https:\/\/api.w.org\/{rel}","templated":true}]}}