{"id":44229,"date":"2018-07-13T11:24:19","date_gmt":"2018-07-13T08:24:19","guid":{"rendered":"https:\/\/www.lauresta.lt\/produktai\/uncategorized\/plisuoti-tinkleliai-nuo-vabzdziu\/"},"modified":"2024-10-15T10:56:41","modified_gmt":"2024-10-15T07:56:41","slug":"plisetie-pretinsektu-sieti","status":"publish","type":"product","link":"https:\/\/www.lauresta.lt\/lv\/produktai\/moskitu-tikli\/plisetie-pretinsektu-sieti\/","title":{"rendered":"Plis\u0113tie pretinsektu sieti"},"content":{"rendered":"<!DOCTYPE html PUBLIC \"-\/\/W3C\/\/DTD HTML 4.0 Transitional\/\/EN\" \"http:\/\/www.w3.org\/TR\/REC-html40\/loose.dtd\">\n<?xml encoding=\"utf-8\" ?><html><body><p>[vc_row][vc_column width=&rdquo;1\/2&Prime; css=&rdquo;.vc_custom_1546608504495{margin-top: 20px !important;}&rdquo;][vc_column_text el_class=&rdquo;tabai&rdquo; css=&rdquo;.vc_custom_1728045574128{margin-right: 30px !important;margin-left: 70px !important;}&rdquo;]<\/p>\n<h3>Plis&#275;tie insektu sieti ir m&#363;sdien&#299;gs risin&#257;jums, kas efekt&#299;vi aizsarg&#257; telpas no odiem, mu&scaron;&#257;m, k&#257; ar&#299; putek&#316;iem un citiem alerg&#275;niem,<\/h3>\n<p>vienlaikus &#316;aujot baud&#299;t svaigu &#257;ra gaisu. M&#363;sdienu insektu sieti ir gandr&#299;z neredzami un netrauc&#275; skatam &#257;rpus&#275;.[\/vc_column_text][vc_column_text el_class=&rdquo;tabai&rdquo; css=&rdquo;.vc_custom_1728045587430{margin-right: 30px !important;margin-left: 70px !important;}&rdquo;]Plis&#275;tie insektu sieti ir lielisks sliek&scaron;&#326;a risin&#257;jums, jo &scaron;aj&#257; sist&#275;m&#257; tas ir &#257;rk&#257;rt&#299;gi zems un gandr&#299;z neredzams (4 mm), t&#257;p&#275;c tas ir dro&scaron;s b&#275;rniem.<\/p>\n<p>&ldquo;Lauresta&rdquo; klienti apgalvo, ka &scaron;ie insektu sieti ir p&#257;rsniegu&scaron;i vi&#326;u cer&#299;bas, aizsarg&#257;jot savas istabas no neliela lietus, t&#257;p&#275;c vi&#326;iem nav j&#257;uztraucas, vai lietus laik&#257; vi&#326;i ir atst&#257;ju&scaron;i logus vai durvis va&#316;&#257;.[\/vc_column_text][\/vc_column][vc_column width=&rdquo;1\/2&Prime; css=&rdquo;.vc_custom_1553523109840{margin-top: 20px !important;}&rdquo;][vc_column_text el_class=&rdquo;tabai&rdquo; css=&rdquo;.vc_custom_1728045600674{margin-right: 70px !important;margin-left: 30px !important;}&rdquo;]Plis&#275;tie insektu sieti ir paz&#299;stami ar&#299; ar vair&#257;k&#257;m cit&#257;m priek&scaron;roc&#299;b&#257;m: t&#299;kls ir izgatavots no laika apst&#257;k&#316;u iztur&#299;gas stikla &scaron;&#311;iedras, kas p&#257;rkl&#257;ta ar PVC. T&#299;kla materi&#257;ls ir &#316;oti biezs un pel&#275;ks, padarot to gandr&#299;z neredzamu un nov&#275;r&scaron;ot telpas aptum&scaron;o&scaron;anu. Monol&#299;ti alum&#299;nija profili ir p&#257;rkl&#257;ti ar pulverkr&#257;su un t&#257;p&#275;c ir iztur&#299;gi pret koroziju.[\/vc_column_text][vc_column_text el_class=&rdquo;tabai&rdquo; css=&rdquo;.vc_custom_1728045614654{margin-right: 70px !important;margin-left: 30px !important;}&rdquo;]Lai p&#257;rkl&#257;tu liel&#257;ku plat&#299;bu, var savienot plis&#275;tos insektu sietus. Savienojamo profilu skaits ir neierobe&#382;ots.<\/p>\n<p>&nbsp;<\/p>\n<p>Plis&#275;to insektu sietu standarta kr&#257;sas ir: balta, br&#363;na, antrac&#299;ta un koka imit&#257;cija (&#311;ir&scaron;is). Tom&#275;r &ndash; j&#363;s varat ar&#299; pats izv&#275;l&#275;ties kr&#257;su no RAL kr&#257;su paletes.[\/vc_column_text][\/vc_column][\/vc_row][vc_row][vc_column width=&rdquo;1\/4&Prime; css=&rdquo;.vc_custom_1546608504495{margin-top: 20px !important;}&rdquo;][vc_single_image image=&rdquo;44257&Prime; img_size=&rdquo;large&rdquo; alignment=&rdquo;center&rdquo; el_class=&rdquo;tabai&rdquo; css=&rdquo;.vc_custom_1606742860945{margin-right: 20px !important;margin-left: 20px !important;}&rdquo; title=&rdquo;balta&rdquo;][\/vc_column][vc_column width=&rdquo;1\/4&Prime; css=&rdquo;.vc_custom_1550496677571{margin-top: 20px !important;}&rdquo;][vc_single_image image=&rdquo;44258&Prime; img_size=&rdquo;large&rdquo; alignment=&rdquo;center&rdquo; el_class=&rdquo;tabai&rdquo; css=&rdquo;.vc_custom_1728909764678{margin-right: 20px !important;margin-left: 20px !important;}&rdquo; title=&rdquo;BR&#362;NA&rdquo;][\/vc_column][vc_column width=&rdquo;1\/4&Prime; css=&rdquo;.vc_custom_1550496742396{margin-top: 20px !important;}&rdquo;][vc_single_image image=&rdquo;44259&Prime; img_size=&rdquo;large&rdquo; alignment=&rdquo;center&rdquo; el_class=&rdquo;tabai&rdquo; css=&rdquo;.vc_custom_1728909774758{margin-right: 20px !important;margin-left: 20px !important;}&rdquo; title=&rdquo;ANTRAC&#298;TS&rdquo;][\/vc_column][vc_column width=&rdquo;1\/4&Prime; css=&rdquo;.vc_custom_1550496763844{margin-top: 20px !important;}&rdquo;][vc_single_image image=&rdquo;44276&Prime; img_size=&rdquo;large&rdquo; alignment=&rdquo;center&rdquo; el_class=&rdquo;tabai&rdquo; css=&rdquo;.vc_custom_1728909782012{margin-right: 20px !important;margin-left: 20px !important;}&rdquo; title=&rdquo;KOKA IMIT&#256;CIJA&rdquo;][\/vc_column][\/vc_row][vc_row][vc_column width=&rdquo;1\/2&Prime; css=&rdquo;.vc_custom_1550497297570{margin-top: 40px !important;}&rdquo;][vc_column_text el_class=&rdquo;tabai&rdquo; css=&rdquo;.vc_custom_1728045631451{margin-right: 30px !important;margin-left: 70px !important;}&rdquo;]<strong>Jaun&#257;kie plis&#275;tie insektu sieti ir bez sliek&scaron;&#326;a<\/strong><\/p>\n<p>&nbsp;<\/p>\n<p>Tiem, kas v&#275;las visaugst&#257;ko kvalit&#257;ti un mekl&#275; m&#363;sdien&#299;gu risin&#257;jumu telpu aizsardz&#299;bai no odiem, &ldquo;Lauresta&rdquo; pied&#257;v&#257; jaun&#257;s paaudzes plis&#275;tos t&#299;klus durv&#299;m bez sliek&scaron;&#326;a. &Scaron;&#299; veida t&#299;klu unikalit&#257;te ir t&#257;, ka 4 mm augsta plastmasas sloksne &nbsp;tiek novietots parast&#257; 4 mm sliek&scaron;&#326;a\/sliedes viet&#257;. &Scaron;ie mosk&#299;tu t&#299;kli ir &#299;pa&scaron;i piem&#275;roti tiem, kam ir mazi b&#275;rni (b&#275;rni nepaklups aiz sliek&scaron;&#326;a) un inval&#299;diem (plastmasas sloksne &#316;auj rati&#326;kr&#275;slam viegli tikt p&#257;ri) , plis&#275;tais siets ar&#299; neapgr&#363;tina m&#257;jas darbus &ndash; glud&#257; plastmasas sloksne netrauc&#275; mazg&#257;t gr&#299;du.[\/vc_column_text][\/vc_column][vc_column width=&rdquo;1\/2&Prime; css=&rdquo;.vc_custom_1548425850811{margin-top: 20px !important;}&rdquo;][vc_single_image image=&rdquo;44273&Prime; img_size=&rdquo;large&rdquo; alignment=&rdquo;center&rdquo; el_class=&rdquo;tabai&rdquo; css=&rdquo;.vc_custom_1728909789012{margin-right: 70px !important;margin-left: 30px !important;}&rdquo; title=&rdquo;Plis&#275;ts siets ar 4 mm augstu apak&scaron;&#275;jo profilu&rdquo;][vc_empty_space height=&rdquo;20&Prime;][vc_single_image image=&rdquo;44274&Prime; img_size=&rdquo;large&rdquo; alignment=&rdquo;center&rdquo; el_class=&rdquo;tabai&rdquo; css=&rdquo;.vc_custom_1728909797858{margin-right: 70px !important;margin-left: 30px !important;}&rdquo; title=&rdquo;Plis&#275;ts siets bez sliek&scaron;&#326;a (ar 4 mm plastmasas sloksni)&rdquo;][\/vc_column][\/vc_row][vc_row][vc_column css=&rdquo;.vc_custom_1546608504495{margin-top: 20px !important;}&rdquo;][vc_column_text el_class=&rdquo;tabai&rdquo; css=&rdquo;.vc_custom_1728045670140{margin-right: 30px !important;margin-left: 70px !important;}&rdquo;]Sazinieties ar mums, lai sa&#326;emtu pied&#257;v&#257;jumu, aizpildot <a href=\"https:\/\/www.lauresta.lt\/lv\/bezmaksas-merisana\/\" target=\"_blank\" rel=\"noopener\">e-veidlapu<\/a>, zvanot pa t&#257;lruni <a href=\"tel:+37167278800\">+371 672 78800<\/a> vai apmekl&#275;jot tuv&#257;ko <a href=\"https:\/\/www.lauresta.lt\/lv\/kontaktai\/\" target=\"_blank\" rel=\"noopener\">LAURESTA salonu<\/a>.[\/vc_column_text][\/vc_column][\/vc_row]<\/p>\n<\/body><\/html>\n","protected":false},"excerpt":{"rendered":"<p>Plis\u0113tie insektu sieti ir lielisks risin\u0101jums m\u0101jok\u013ciem ar sliek\u0161\u0146iem, t\u0101d\u0113j\u0101di k\u013c\u016bstot par optim\u0101lo izv\u0113li durv\u012bm. Slieksnis \u0161ai sist\u0113mai ir \u013coti zems un gandr\u012bz neredzams (4mm), kam\u0113r pats siets salok\u0101s tikpat kompakti k\u0101 rullo siets.<\/p>\n","protected":false},"featured_media":47660,"template":"","meta":[],"product_cat":[6673],"product_tag":[6727,6742],"class_list":{"0":"post-44229","1":"product","2":"type-product","3":"status-publish","4":"has-post-thumbnail","6":"product_cat-moskitu-tikli","7":"product_tag-bernistabai","8":"product_tag-prieks-majas","10":"first","11":"instock","12":"shipping-taxable","13":"purchasable","14":"product-type-simple"},"_links":{"self":[{"href":"https:\/\/www.lauresta.lt\/lv\/wp-json\/wp\/v2\/product\/44229","targetHints":{"allow":["GET"]}}],"collection":[{"href":"https:\/\/www.lauresta.lt\/lv\/wp-json\/wp\/v2\/product"}],"about":[{"href":"https:\/\/www.lauresta.lt\/lv\/wp-json\/wp\/v2\/types\/product"}],"wp:featuredmedia":[{"embeddable":true,"href":"https:\/\/www.lauresta.lt\/lv\/wp-json\/wp\/v2\/media\/47660"}],"wp:attachment":[{"href":"https:\/\/www.lauresta.lt\/lv\/wp-json\/wp\/v2\/media?parent=44229"}],"wp:term":[{"taxonomy":"product_cat","embeddable":true,"href":"https:\/\/www.lauresta.lt\/lv\/wp-json\/wp\/v2\/product_cat?post=44229"},{"taxonomy":"product_tag","embeddable":true,"href":"https:\/\/www.lauresta.lt\/lv\/wp-json\/wp\/v2\/product_tag?post=44229"}],"curies":[{"name":"wp","href":"https:\/\/api.w.org\/{rel}","templated":true}]}}