{"id":44299,"date":"2018-07-13T11:08:35","date_gmt":"2018-07-13T08:08:35","guid":{"rendered":"https:\/\/www.lauresta.lt\/produktai\/uncategorized\/reminiai-tinkleliai-langams\/"},"modified":"2025-12-09T09:03:50","modified_gmt":"2025-12-09T07:03:50","slug":"pretinsektu-sieti-rami","status":"publish","type":"product","link":"https:\/\/www.lauresta.lt\/lv\/produktai\/moskitu-tikli\/pretinsektu-sieti-rami\/","title":{"rendered":"Pretinsektu sieti r\u0101m\u012b"},"content":{"rendered":"<!DOCTYPE html PUBLIC \"-\/\/W3C\/\/DTD HTML 4.0 Transitional\/\/EN\" \"http:\/\/www.w3.org\/TR\/REC-html40\/loose.dtd\">\n<?xml encoding=\"utf-8\" ?><html><body><p>[vc_row][vc_column width=&rdquo;2\/3&Prime; css=&rdquo;.vc_custom_1546608504495{margin-top: 20px !important;}&rdquo;][vc_column_text el_class=&rdquo;tabai&rdquo; css=&rdquo;.vc_custom_1733741671631{margin-right: 30px !important;margin-left: 70px !important;}&rdquo;]<\/p>\n<h2><strong>Insektu sieti r&#257;m&#299; ir ne tikai &#316;oti efekt&#299;vi, bet ar&#299; ilgi kalpojo&scaron;s pas&#257;kums c&#299;&#326;&#257; pret kukai&#326;iem:<\/strong><\/h2>\n<ul>\n<li>Siets ir izgatavots no laika apst&#257;k&#316;u iztur&#299;gas stikla &scaron;&#311;iedras, kas p&#257;rkl&#257;ta ar PVC sl&#257;ni;<\/li>\n<li>Pats siets ir &#316;oti pl&#257;ns un pel&#275;ks, padarot to gr&#363;ti saskat&#257;mu un nov&#275;r&scaron;ot jebk&#257;das nokr&#257;sas;<\/li>\n<li>Alum&#299;nija profili ir p&#257;rkl&#257;ti ar pulverkr&#257;su, padarot tos iztur&#299;gus pret koroziju;<\/li>\n<li>Siets aizsarg&#257; ne tikai pret odiem un citiem kukai&#326;iem, bet ar&#299; no da&#382;&#257;d&#257;m p&#363;k&#257;m;<\/li>\n<li>Pieejams ar&#299; pretaler&#291;isks t&#299;kls, kas aizsarg&#257; pret ziedputek&scaron;&#326;iem.<\/li>\n<\/ul>\n<p>[\/vc_column_text][\/vc_column][vc_column width=&rdquo;1\/3&Prime; css=&rdquo;.vc_custom_1546608511624{margin-top: 20px !important;}&rdquo;][vc_column_text el_class=&rdquo;tabai&rdquo; css=&rdquo;.vc_custom_1728046232963{margin-right: 70px !important;margin-left: 30px !important;}&rdquo;]Ir pieejami &scaron;&#257;di insektu sieti 2 kr&#257;s&#257;s:&nbsp;ar pagrie&#382;amiem &#257;&#311;&#299;&scaron;ie &ndash; Delta un Delta Soft[\/vc_column_text][\/vc_column][\/vc_row][vc_row][vc_column][vc_separator][\/vc_column][\/vc_row][vc_row][vc_column width=&rdquo;1\/2&Prime; css=&rdquo;.vc_custom_1546608504495{margin-top: 20px !important;}&rdquo;][vc_column_text el_class=&rdquo;tabai&rdquo; css=&rdquo;.vc_custom_1728046246348{margin-right: 70px !important;margin-left: 70px !important;}&rdquo;]<\/p>\n<h4><strong>Insektu siets r&#257;m&#299;<em> Delta<\/em><\/strong><\/h4>\n<ul>\n<li>Visekonomisk&#257;k&#257; izv&#275;le<\/li>\n<li>Uzst&#257;d&#299;&scaron;ana izmantojot pagrie&#382;amos &#257;&#311;&#299;&scaron;us loga atv&#275;rum&#257;<\/li>\n<li>T&#299;kliem, kuru izm&#275;rs ir liel&#257;ks par 150 cm, m&#275;s iesak&#257;m uzst&#257;d&#299;t papildu &scaron;&#311;&#275;rsvirziena profilu, lai nodro&scaron;in&#257;tu maksim&#257;lu stabilit&#257;ti.<\/li>\n<\/ul>\n<p>Pieejam&#257;s <em>Delta<\/em> r&#257;mju kr&#257;sas: balts, br&#363;ns, antrac&#299;ts, koka imit&#257;cija (zelta ozols). Pieejama RAL kr&#257;su palete.[\/vc_column_text][\/vc_column][vc_column width=&rdquo;1\/2&Prime; css=&rdquo;.vc_custom_1547563102542{margin-top: 20px !important;}&rdquo;][vc_single_image image=&rdquo;44317&Prime; img_size=&rdquo;full&rdquo; alignment=&rdquo;center&rdquo; el_class=&rdquo;tabai&rdquo; css=&rdquo;.vc_custom_1563871726296{margin-right: 70px !important;margin-left: 30px !important;}&rdquo;][\/vc_column][\/vc_row][vc_row][vc_column][vc_separator][\/vc_column][\/vc_row][vc_row][vc_column width=&rdquo;1\/2&Prime; css=&rdquo;.vc_custom_1546608504495{margin-top: 20px !important;}&rdquo;][vc_column_text el_class=&rdquo;tabai&rdquo; css=&rdquo;.vc_custom_1728046266595{margin-right: 70px !important;margin-left: 70px !important;}&rdquo;]<\/p>\n<h4><strong>Insektu siets r&#257;m&#299; <em>Delta Soft<\/em><\/strong><\/h4>\n<ul>\n<li>Iztur&#299;gs un elegants dizains;<\/li>\n<li>Uzst&#257;da, izmantojot pagrie&#382;amus &#257;&#311;&#299;&scaron;us loga atv&#275;rum&#257;;<\/li>\n<li>Piel&#257;gojams ar&#299; trapecveida formas logiem.<\/li>\n<\/ul>\n<p>Pieejamie <em>Delta Soft<\/em> r&#257;mju to&#326;i: balts, br&#363;ns, antrac&#299;ts. Pieejama ar&#299;&nbsp; RAL kr&#257;su palete.[\/vc_column_text][\/vc_column][vc_column width=&rdquo;1\/2&Prime; css=&rdquo;.vc_custom_1547563113960{margin-top: 20px !important;}&rdquo;][vc_single_image image=&rdquo;44315&Prime; img_size=&rdquo;full&rdquo; alignment=&rdquo;center&rdquo; el_class=&rdquo;tabai&rdquo; css=&rdquo;.vc_custom_1563872226172{margin-right: 70px !important;margin-left: 30px !important;}&rdquo;][\/vc_column][\/vc_row][vc_row disable_element=&rdquo;yes&rdquo;][vc_column][vc_separator][\/vc_column][\/vc_row][vc_row disable_element=&rdquo;yes&rdquo;][vc_column width=&rdquo;1\/2&Prime; css=&rdquo;.vc_custom_1546608504495{margin-top: 20px !important;}&rdquo;][vc_column_text el_class=&rdquo;tabai&rdquo; css=&rdquo;.vc_custom_1756195920656{margin-right: 70px !important;margin-left: 70px !important;}&rdquo;]<\/p>\n<h4><span style=\"color: #ff0000;\"><strong>JAUNUMS<\/strong><\/span><\/h4>\n<h4><strong>Ner&#363;s&#275;jo&scaron;&#257; t&#275;rauda <em>Pet Screen<\/em> &ndash; gudrs t&#299;kli&#326;&scaron; m&#257;j&#257;m un m&#257;jdz&#299;vniekiem<\/strong><\/h4>\n<p>Vai mekl&#275;jat risin&#257;jumu, kas vienlaikus nodro&scaron;in&#257;tu m&#257;jas est&#275;tiku, m&#257;jdz&#299;vnieku dro&scaron;&#299;bu un aizsardz&#299;bu pret kukai&#326;iem? Ner&#363;s&#275;jo&scaron;&#257; t&#275;rauda <em data-start=\"266\" data-end=\"278\">Pet Screen<\/em> ir augst&#257;k&#257;s kvalit&#257;tes t&#299;kli&#326;&scaron;, &#299;pa&scaron;i rad&#299;ts m&#257;jdz&#299;vnieku saimniekiem. Iztur&#299;gais, &#299;pa&scaron;i pl&#257;nais, melni kr&#257;sotais t&#299;kli&#326;&scaron; ir gandr&#299;z neredzams, t&#257;d&#275;&#316; lieliski iederas jebkur&#257; interjer&#257; vai eksterjer&#257;.<\/p>\n<p>&nbsp;<\/p>\n<p><strong>K&#257;p&#275;c izv&#275;l&#275;ties <em>Pet Screen<\/em> t&#299;kli&#326;u?<\/strong><\/p>\n<ul data-start=\"530\" data-end=\"1333\">\n<li data-start=\"530\" data-end=\"836\">\n<p data-start=\"532\" data-end=\"836\"><strong data-start=\"532\" data-end=\"555\">Iztur&#299;ba un dro&scaron;&#299;ba<\/strong> &ndash; iztur&#299;gs pret mitrumu, spiedienu, m&#257;jdz&#299;vnieku nagiem un zobiem, t&#257;d&#275;&#316; nodro&scaron;ina ilgsto&scaron;u aizsardz&#299;bu pat akt&#299;viem m&#257;jdz&#299;vniekiem. Ka&#311;i to nevar saskr&#257;p&#275;t vai p&#257;rkost, bet putni &ndash; saboj&#257;t. T&#299;kli&#326;&scaron; nepl&#299;st un nedeform&#275;jas, t&#257;d&#275;&#316; j&#363;su m&#299;lulis nevar tam izk&#316;&#363;t cauri vai izkrist.<\/p>\n<\/li>\n<li data-start=\"530\" data-end=\"836\">\n<p data-start=\"532\" data-end=\"836\"><strong data-start=\"839\" data-end=\"864\">Neredzams un neman&#257;ms<\/strong> &ndash; saglab&#257; telpas est&#275;tiku.<\/p>\n<\/li>\n<li data-start=\"894\" data-end=\"1047\">\n<p data-start=\"896\" data-end=\"1047\"><strong data-start=\"896\" data-end=\"923\">Univers&#257;ls pielietojums<\/strong> &ndash; &#299;pa&scaron;i ieteicams balkonu durv&#299;m, vitr&#299;nas logiem, terasu stiklojumam un citiem izstr&#257;d&#257;jumiem, kas sniedzas l&#299;dz gr&#299;dai.<\/p>\n<\/li>\n<li data-start=\"1048\" data-end=\"1168\">\n<p data-start=\"1050\" data-end=\"1168\"><strong data-start=\"1050\" data-end=\"1080\">Aizsardz&#299;ba pret kukai&#326;iem<\/strong> &ndash; efekt&#299;vi aiztur odus, mu&scaron;as un citus nev&#275;lamus kukai&#326;us, saglab&#257;jot telpu komfortu.<\/p>\n<\/li>\n<li data-start=\"1169\" data-end=\"1333\">\n<p data-start=\"1171\" data-end=\"1333\"><strong data-start=\"1171\" data-end=\"1197\">Ilgtermi&#326;a ieguld&#299;jums<\/strong> &ndash; risin&#257;jums, kas vienlaikus sniedz mieru par m&#257;jdz&#299;vnieku dro&scaron;&#299;bu, m&#257;jok&#316;a komfortu un stil&#299;gu izskatu j&#363;su interjer&#257; un eksterjer&#257;.<\/p>\n<\/li>\n<\/ul>\n<p>[\/vc_column_text][\/vc_column][vc_column width=&rdquo;1\/2&Prime; css=&rdquo;.vc_custom_1547563113960{margin-top: 20px !important;}&rdquo;][vc_single_image image=&rdquo;46564&Prime; img_size=&rdquo;full&rdquo; alignment=&rdquo;center&rdquo; el_class=&rdquo;tabai&rdquo; css=&rdquo;.vc_custom_1756195938950{margin-right: 70px !important;margin-left: 30px !important;}&rdquo;][\/vc_column][\/vc_row][vc_row][vc_column css=&rdquo;.vc_custom_1546608504495{margin-top: 20px !important;}&rdquo;][vc_column_text el_class=&rdquo;tabai&rdquo; css=&rdquo;.vc_custom_1728046289611{margin-right: 70px !important;margin-left: 70px !important;}&rdquo;]Sazinieties ar mums, lai sa&#326;emtu pied&#257;v&#257;jumu, aizpildot <a href=\"https:\/\/www.lauresta.lt\/lv\/bezmaksas-merisana\/\" target=\"_blank\" rel=\"noopener\">e-veidlapu<\/a>, zvanot pa t&#257;lruni <a href=\"tel:+37167278800\" target=\"_blank\" rel=\"noopener\">+371 67278800<\/a> vai apmekl&#275;jot tuv&#257;ko <a href=\"https:\/\/www.lauresta.lt\/lv\/kontaktai\/\" target=\"_blank\" rel=\"noopener\">LAURESTA salonu<\/a>.[\/vc_column_text][\/vc_column][\/vc_row]<\/p>\n<\/body><\/html>\n","protected":false},"excerpt":{"rendered":"<p>Insektu sieti r\u0101m\u012b ir viens no ekonomisk\u0101kajiem pretinsektu risin\u0101jumiem pateicoties to vienk\u0101r\u0161ajai konstrukcijai.\u00a0 \u0160ie sieti tiek mont\u0113ti kl\u0101t ar magn\u0113tu vai pagrie\u017eamu \u0101\u0137\u012b\u0161u pal\u012bdz\u012bbu, un ir viegli no\u0146emami vasaras beig\u0101s, k\u0101 ar\u012b viegli atkal uzliekami pavasarim s\u0101koties. M\u016bsu ilggad\u0113j\u0101 pieredze \u013c\u0101vusi uzlabot insektu sieta r\u0101m\u012b sist\u0113mu un tehnolo\u0123iju. T\u0101d\u0113j\u0101di, m\u0113s gar\u0113jam insektu sieta r\u0101mja stabilit\u0101ti un maksim\u0101lo sieta iztur\u012bbu m\u016bsu ra\u017eotajiem produktiem.<\/p>\n<p><img decoding=\"async\" class=\"alignnone size-medium wp-image-48265\" src=\"https:\/\/www.lauresta.lt\/wp-content\/uploads\/2018\/07\/LV-Moskitu-tikli-Delta-30-540x262.png\" alt=\"\" width=\"540\" height=\"262\" srcset=\"https:\/\/www.lauresta.lt\/wp-content\/uploads\/2018\/07\/LV-Moskitu-tikli-Delta-30-540x262.png 540w, https:\/\/www.lauresta.lt\/wp-content\/uploads\/2018\/07\/LV-Moskitu-tikli-Delta-30-768x372.png 768w, https:\/\/www.lauresta.lt\/wp-content\/uploads\/2018\/07\/LV-Moskitu-tikli-Delta-30-322x156.png 322w, https:\/\/www.lauresta.lt\/wp-content\/uploads\/2018\/07\/LV-Moskitu-tikli-Delta-30.png 1000w\" sizes=\"(max-width: 540px) 100vw, 540px\" \/><\/p>\n","protected":false},"featured_media":47653,"template":"","meta":[],"product_cat":[6673],"product_tag":[6727,6742],"class_list":{"0":"post-44299","1":"product","2":"type-product","3":"status-publish","4":"has-post-thumbnail","6":"product_cat-moskitu-tikli","7":"product_tag-bernistabai","8":"product_tag-prieks-majas","10":"first","11":"instock","12":"shipping-taxable","13":"purchasable","14":"product-type-simple"},"_links":{"self":[{"href":"https:\/\/www.lauresta.lt\/lv\/wp-json\/wp\/v2\/product\/44299","targetHints":{"allow":["GET"]}}],"collection":[{"href":"https:\/\/www.lauresta.lt\/lv\/wp-json\/wp\/v2\/product"}],"about":[{"href":"https:\/\/www.lauresta.lt\/lv\/wp-json\/wp\/v2\/types\/product"}],"wp:featuredmedia":[{"embeddable":true,"href":"https:\/\/www.lauresta.lt\/lv\/wp-json\/wp\/v2\/media\/47653"}],"wp:attachment":[{"href":"https:\/\/www.lauresta.lt\/lv\/wp-json\/wp\/v2\/media?parent=44299"}],"wp:term":[{"taxonomy":"product_cat","embeddable":true,"href":"https:\/\/www.lauresta.lt\/lv\/wp-json\/wp\/v2\/product_cat?post=44299"},{"taxonomy":"product_tag","embeddable":true,"href":"https:\/\/www.lauresta.lt\/lv\/wp-json\/wp\/v2\/product_tag?post=44299"}],"curies":[{"name":"wp","href":"https:\/\/api.w.org\/{rel}","templated":true}]}}