{"id":44324,"date":"2018-07-13T10:58:51","date_gmt":"2018-07-13T10:58:51","guid":{"rendered":"https:\/\/www.lauresta.lt\/produktai\/uncategorized\/romaneciu-mechanizmas\/"},"modified":"2024-10-15T11:02:36","modified_gmt":"2024-10-15T08:02:36","slug":"romiesu-zaluzijas","status":"publish","type":"product","link":"https:\/\/www.lauresta.lt\/lv\/produktai\/zaluzijas\/romiesu-zaluzijas\/","title":{"rendered":"Romie\u0161u \u017eal\u016bzijas"},"content":{"rendered":"<!DOCTYPE html PUBLIC \"-\/\/W3C\/\/DTD HTML 4.0 Transitional\/\/EN\" \"http:\/\/www.w3.org\/TR\/REC-html40\/loose.dtd\">\n<?xml encoding=\"utf-8\" ?><html><body><p>[vc_row][vc_column width=&rdquo;1\/2&Prime; css=&rdquo;.vc_custom_1546600204813{margin-top: 20px !important;}&rdquo;][vc_column_text el_class=&rdquo;tabai&rdquo; css=&rdquo;.vc_custom_1728046936414{margin-right: 30px !important;margin-left: 70px !important;}&rdquo;]Romie&scaron;u &#382;al&#363;zijas ir romie&scaron;u stila aizkari, kas izce&#316;as ar gl&#299;ti saloc&#299;tu audumu. Tos var vad&#299;t, izmantojot divu veidu auklas, un t&#257; ir lieliska alternat&#299;va aizkariem: j&#363;su m&#257;joklis izskat&#299;sies m&#257;j&#299;gs, elegants un moderns.[\/vc_column_text][\/vc_column][vc_column width=&rdquo;1\/2&Prime; css=&rdquo;.vc_custom_1546600245204{margin-top: 20px !important;}&rdquo;][vc_column_text el_class=&rdquo;tabai&rdquo; css=&rdquo;.vc_custom_1728046949527{margin-right: 70px !important;margin-left: 30px !important;}&rdquo;]Romie&scaron;u &#382;al&#363;zijas ir &#299;pa&scaron;i iecien&#299;tas to pla&scaron;&#257; pielietojuma d&#275;&#316; &ndash; t&#257;s var &scaron;&#363;t, izmantojot vai nu vieglus dienas, vai biezus nakts aizkaru audumus, k&#257; ar&#299; d&#382;utas vai bambusa audumus. Romie&scaron;u &#382;al&#363;zijas var kombin&#275;t ar dienas vai nakts aizkariem, pane&#316;u &#382;al&#363;zij&#257;m, rullo &#382;al&#363;zij&#257;m vai horizont&#257;l&#257;m &#382;al&#363;zij&#257;m. Pateicoties &#299;pa&scaron;ai stiprin&#257;&scaron;anas metodei, romie&scaron;u &#382;al&#363;ziju audumu var viegli no&#326;emt no meh&#257;nisma, lai to no t&#299;r&#299;tu vai mazg&#257;tu.[\/vc_column_text][\/vc_column][\/vc_row][vc_row][vc_column css=&rdquo;.vc_custom_1546600204813{margin-top: 20px !important;}&rdquo;][vc_column_text el_class=&rdquo;tabai&rdquo; css=&rdquo;.vc_custom_1728046962653{margin-right: 70px !important;margin-left: 70px !important;}&rdquo;]Ir zin&#257;mi vismaz 16 romie&scaron;u &#382;al&#363;ziju veidi, kas at&scaron;&#311;iras p&#275;c auduma krokas lieluma, mode&#316;a un stila:[\/vc_column_text][\/vc_column][\/vc_row][vc_row][vc_column width=&rdquo;1\/3&Prime; css=&rdquo;.vc_custom_1546600204813{margin-top: 20px !important;}&rdquo;][vc_single_image image=&rdquo;44345&Prime; img_size=&rdquo;600&times;590&Prime; alignment=&rdquo;center&rdquo; title=&rdquo;Pacifica&rdquo; css=&rdquo;.vc_custom_1606741885220{margin-right: 30px !important;margin-left: 70px !important;}&rdquo; el_class=&rdquo;tabai&rdquo;][\/vc_column][vc_column width=&rdquo;1\/3&Prime; css=&rdquo;.vc_custom_1546600245204{margin-top: 20px !important;}&rdquo;][vc_single_image image=&rdquo;44346&Prime; img_size=&rdquo;600&times;540&Prime; alignment=&rdquo;center&rdquo; title=&rdquo;Austrian&rdquo; el_class=&rdquo;tabai&rdquo; css=&rdquo;.vc_custom_1606741972875{margin-right: 30px !important;margin-left: 30px !important;}&rdquo;][\/vc_column][vc_column width=&rdquo;1\/3&Prime; css=&rdquo;.vc_custom_1550065598463{margin-top: 20px !important;}&rdquo;][vc_single_image image=&rdquo;44347&Prime; img_size=&rdquo;600&times;590&Prime; alignment=&rdquo;center&rdquo; title=&rdquo;Flat&rdquo; el_class=&rdquo;tabai&rdquo; css=&rdquo;.vc_custom_1606741873696{margin-right: 70px !important;margin-left: 30px !important;}&rdquo;][\/vc_column][\/vc_row][vc_row][vc_column width=&rdquo;1\/2&Prime; css=&rdquo;.vc_custom_1546600204813{margin-top: 20px !important;}&rdquo;][vc_column_text el_class=&rdquo;tabai&rdquo; css=&rdquo;.vc_custom_1728046995573{margin-right: 30px !important;margin-left: 70px !important;}&rdquo;]Kad sev sa&scaron;&#363;ta romie&scaron;u &#382;al&#363;zija, ir svar&#299;gi izv&#275;l&#275;ties piem&#275;rotu meh&#257;nismu, lai tas nodro&scaron;in&#257;tu vienm&#275;r&#299;gu auduma pacel&scaron;anu un est&#275;tisku izskatu. Diem&#382;&#275;l daudzos tirg&#363; pieejamos romie&scaron;u &#382;al&#363;ziju meh&#257;nismos ir &#316;oti primit&#299;vas sast&#257;vda&#316;as, kas noz&#299;m&#275;, ka romie&scaron;u &#382;al&#363;zijas bie&#382;i deform&#275;jas, un to malas bie&#382;i pace&#316;as nevienm&#275;r&#299;gi, savuk&#257;rt &#311;&#275;de bie&#382;i vien satin&#257;s un iestr&#275;gst ru&#316;&#316;a iek&scaron;pus&#275;.[\/vc_column_text][\/vc_column][vc_column width=&rdquo;1\/2&Prime; css=&rdquo;.vc_custom_1546600245204{margin-top: 20px !important;}&rdquo;][vc_column_text el_class=&rdquo;tabai&rdquo; css=&rdquo;.vc_custom_1728047011479{margin-right: 70px !important;margin-left: 30px !important;}&rdquo;]&ldquo;Lauresta&rdquo; pied&#257;v&#257; iesp&#275;ju izv&#275;l&#275;ties no pla&scaron;a kl&#257;sta augstas kvalit&#257;tes produktiem to, kas vislab&#257;k atbilst j&#363;su vajadz&#299;b&#257;m. &Scaron;eit j&#363;s varat pas&#363;t&#299;t romie&scaron;u &#382;al&#363;ziju meh&#257;nismu tad, ja nolemjat pats &scaron;&#363;t romie&scaron;u &#382;al&#363;ziju. Izmantojot &scaron;o metodi, j&#363;s var&#275;tu ietaup&#299;t l&#299;dz 30% no vis&#257;m izmaks&#257;m, sal&#299;dzinot ar&nbsp; meh&#257;nisma pirk&scaron;anu aizkaru veikal&#257;.[\/vc_column_text][\/vc_column][\/vc_row][vc_row][vc_column width=&rdquo;1\/2&Prime; css=&rdquo;.vc_custom_1546600204813{margin-top: 20px !important;}&rdquo;][vc_column_text el_class=&rdquo;tabai&rdquo; css=&rdquo;.vc_custom_1728047025467{margin-right: 30px !important;margin-left: 70px !important;}&rdquo;]Romie&scaron;u &#382;al&#363;zijas meh&#257;nisms ar &#311;&#275;d&#299;ti, kas tiek pied&#257;v&#257;ts &ldquo;Lauresta&rdquo;, ir viens no vismodern&#257;kajiem &scaron;&#257;da veida meh&#257;nismiem. Tas ir unik&#257;ls ar t&#257; rull&#299;ti, kas apr&#299;kots ar gult&#326;iem un nodro&scaron;ina vienm&#275;r&#299;gu auklas ripo&scaron;anu, nov&#275;r&scaron;ot jebk&#257;du same&scaron;anos.[\/vc_column_text][\/vc_column][vc_column width=&rdquo;1\/2&Prime; css=&rdquo;.vc_custom_1548418771708{margin-top: 20px !important;}&rdquo;][vc_single_image image=&rdquo;44348&Prime; img_size=&rdquo;full&rdquo; alignment=&rdquo;center&rdquo; title=&rdquo;MEH&#256;NISMS&rdquo; el_class=&rdquo;tabai&rdquo; css=&rdquo;.vc_custom_1728581783005{margin-right: 70px !important;margin-left: 30px !important;}&rdquo;][\/vc_column][\/vc_row][vc_row][vc_column css=&rdquo;.vc_custom_1560256424319{margin-top: 20px !important;}&rdquo;][vc_column_text el_class=&rdquo;tabai&rdquo; css=&rdquo;.vc_custom_1728047053865{margin-right: 70px !important;margin-left: 70px !important;}&rdquo;]Ja j&#363;s interes&#275; romie&scaron;u &#382;al&#363;zijas (vai to meh&#257;nismi), sazinieties ar mums un sa&#326;emiet pied&#257;v&#257;jumu. Aizpildiet <a href=\"https:\/\/www.lauresta.lt\/lv\/bezmaksas-merisana\/\">e-veidlapu<\/a>, zvaniet mums pa t&#257;lruni <a href=\"tel:+37167278800\">+371 67278800<\/a> vai apmekl&#275;jiet m&#363;s tuv&#257;kaj&#257; <a href=\"https:\/\/www.lauresta.lt\/lv\/kontaktai\/\">LAURESTA salon&#257;<\/a>.[\/vc_column_text][\/vc_column][\/vc_row]<\/p>\n<\/body><\/html>\n","protected":false},"excerpt":{"rendered":"<p>Romie\u0161u \u017eal\u016bzijas ir romie\u0161u stila aizkari, kas izce\u013cas ar gl\u012bti saloc\u012btu audumu. Ir \u013coti svar\u012bgi izv\u0113l\u0113ties piem\u0113rotu meh\u0101nismu, par tik cik viegla \u017eal\u016bziju pacel\u0161ana un to est\u0113tisk\u0101s \u012bpa\u0161\u012bbas ir no t\u0101 atkar\u012bgas. Pas\u016btot romie\u0161u \u017eal\u016bzijas,\u00a0 \u2018\u2019Lauresta\u2019\u2019 iesaka ieg\u0101d\u0101ties individu\u0101li \u0161\u016btas romie\u0161u \u017eal\u016bzijas un tad ieg\u0101d\u0101ties atsevi\u0161\u0137i meh\u0101nismu j\u016bsu \u0113rt\u012bbai &#8211; tas b\u016bs l\u0113t\u0101k, nek\u0101 nopirkt gatavas romie\u0161u \u017eal\u016bzijas ar meh\u0101nismu aizkaru salon\u0101.<\/p>\n","protected":false},"featured_media":47939,"template":"","meta":[],"product_cat":[6667],"product_tag":[6680,6742],"class_list":{"0":"post-44324","1":"product","2":"type-product","3":"status-publish","4":"has-post-thumbnail","6":"product_cat-zaluzijas","7":"product_tag-no-saules","8":"product_tag-prieks-majas","10":"first","11":"instock","12":"shipping-taxable","13":"purchasable","14":"product-type-simple"},"_links":{"self":[{"href":"https:\/\/www.lauresta.lt\/lv\/wp-json\/wp\/v2\/product\/44324","targetHints":{"allow":["GET"]}}],"collection":[{"href":"https:\/\/www.lauresta.lt\/lv\/wp-json\/wp\/v2\/product"}],"about":[{"href":"https:\/\/www.lauresta.lt\/lv\/wp-json\/wp\/v2\/types\/product"}],"wp:featuredmedia":[{"embeddable":true,"href":"https:\/\/www.lauresta.lt\/lv\/wp-json\/wp\/v2\/media\/47939"}],"wp:attachment":[{"href":"https:\/\/www.lauresta.lt\/lv\/wp-json\/wp\/v2\/media?parent=44324"}],"wp:term":[{"taxonomy":"product_cat","embeddable":true,"href":"https:\/\/www.lauresta.lt\/lv\/wp-json\/wp\/v2\/product_cat?post=44324"},{"taxonomy":"product_tag","embeddable":true,"href":"https:\/\/www.lauresta.lt\/lv\/wp-json\/wp\/v2\/product_tag?post=44324"}],"curies":[{"name":"wp","href":"https:\/\/api.w.org\/{rel}","templated":true}]}}