{"id":44354,"date":"2018-07-13T10:41:47","date_gmt":"2018-07-13T10:41:47","guid":{"rendered":"https:\/\/www.lauresta.lt\/produktai\/uncategorized\/sirmos-langams\/"},"modified":"2024-10-15T11:03:01","modified_gmt":"2024-10-15T08:03:01","slug":"vertikalo-panelu-zaluzijas","status":"publish","type":"product","link":"https:\/\/www.lauresta.lt\/lv\/produktai\/zaluzijas\/vertikalo-panelu-zaluzijas\/","title":{"rendered":"Vertik\u0101lo pane\u013cu \u017eal\u016bzijas"},"content":{"rendered":"<!DOCTYPE html PUBLIC \"-\/\/W3C\/\/DTD HTML 4.0 Transitional\/\/EN\" \"http:\/\/www.w3.org\/TR\/REC-html40\/loose.dtd\">\n<?xml encoding=\"utf-8\" ?><html><body><p>[vc_row][vc_column width=&rdquo;1\/2&Prime; css=&rdquo;.vc_custom_1546608504495{margin-top: 20px !important;}&rdquo;][vc_column_text el_class=&rdquo;tabai&rdquo; css=&rdquo;.vc_custom_1728047312306{margin-right: 30px !important;margin-left: 70px !important;}&rdquo;]Pane&#316;u &#382;al&#363;zijas ir &#316;oti l&#299;dz&#299;gas vertik&#257;laj&#257;m &#382;al&#363;zij&#257;m t&#257;d&#257; veid&#257;, k&#257; t&#257;s tiek vad&#299;tas. Ar auklu vad&#257;m&#257;s pane&#316;u slie&#382;u joslas var b&#299;d&#299;t no s&#257;niem uz centru vai piln&#299;gi uz s&#257;niem. At&scaron;&#311;ir&#299;ba ir taj&#257; apst&#257;kl&#299;, ka pane&#316;a&nbsp; joslas platums ir daudz liel&#257;ks, nek&#257; vertik&#257;lajai &#382;al&#363;zijai: pane&#316;a slie&#382;u josla var b&#363;t l&#299;dz 1 m plata, savuk&#257;rt visas &#382;al&#363;zijas platums var b&#363;t l&#299;dz 8 m platum&#257;. Vi&#326;u augstums nav ierobe&#382;ots. Pane&#316;u sliedes ir lieliska izv&#275;le gan birojiem, gan dz&#299;vok&#316;iem.[\/vc_column_text][\/vc_column][vc_column width=&rdquo;1\/2&Prime; css=&rdquo;.vc_custom_1546608511624{margin-top: 20px !important;}&rdquo;][vc_column_text el_class=&rdquo;tabai&rdquo; css=&rdquo;.vc_custom_1728047327354{margin-right: 70px !important;margin-left: 30px !important;}&rdquo;]Pane&#316;u &#382;al&#363;zijas ir tikai viens no daudzajiem logu noseg&scaron;anas veidiem, tom&#275;r tas ir &#316;oti popul&#257;rs, jo tas ir vidusce&#316;&scaron; starp aizkariem un vertik&#257;laj&#257;m &#382;al&#363;zij&#257;m: gan moderni, gan m&#257;j&#299;gi tai pat laik&#257;. Pane&#316;u &#382;al&#363;zijas galvenok&#257;rt tiek izv&#275;l&#275;tas lielu stikla sienu p&#257;rkl&#257;&scaron;anai vai telpas atdal&#299;&scaron;anai. Pane&#316;u joslas var atdal&#299;t ne tikai telpas, bet ar&#299; logus: to augstums un platums ir lieliski piem&#275;roti panor&#257;mas tipa logiem.[\/vc_column_text][\/vc_column][\/vc_row][vc_row][vc_column width=&rdquo;1\/2&Prime; css=&rdquo;.vc_custom_1546608504495{margin-top: 20px !important;}&rdquo;][vc_column_text el_class=&rdquo;tabai&rdquo; css=&rdquo;.vc_custom_1728047342438{margin-right: 30px !important;margin-left: 70px !important;}&rdquo;]&ldquo;Lauresta&rdquo; izgatavo&nbsp; pane&#316;u joslas no &#299;pa&scaron;a 1 m plata zviedru auduma. Tom&#275;r audumu varat izv&#275;l&#275;ties ar&#299; no rullo &#382;al&#363;ziju kataloga, kur&#257; ir milz&#299;gs pane&#316;u &#382;al&#363;ziju audumu kl&#257;sts, kas at&scaron;&#311;iras p&#275;c mode&#316;iem, kr&#257;s&#257;m, to&#326;iem un fakt&#363;r&#257;m. Tiem, kam pat&#299;k atsvaidzin&#257;t m&#257;jas interjeru, pane&#316;u &#382;al&#363;zijas &scaron;&#311;it&#299;s &#299;pa&scaron;i&nbsp; &#275;rtas, jo nav j&#257;aizst&#257;j visa pane&#316;a slie&#382;u sist&#275;ma. T&#257; viet&#257; j&#363;s varat vienk&#257;r&scaron;i nomain&#299;t auduma joslas. T&#257;d&#257; veid&#257; j&#363;s varat nodro&scaron;in&#257;t optim&#257;lu apgaismojumu jebkur&#257; gada laik&#257;.[\/vc_column_text][\/vc_column][vc_column width=&rdquo;1\/2&Prime; css=&rdquo;.vc_custom_1546608511624{margin-top: 20px !important;}&rdquo;][vc_column_text el_class=&rdquo;tabai&rdquo; css=&rdquo;.vc_custom_1728047359002{margin-right: 70px !important;margin-left: 30px !important;}&rdquo;]Ir pieejamas vair&#257;kas pane&#316;u joslu vad&#299;bas metodes, viena no t&#257;m ir vad&#299;ba ar auklu. Izmantojot &scaron;o metodi, visas sv&#299;tras vienm&#275;r&#299;gi sl&#299;d uz s&#257;niem vai uz vienu pusi. Otra metode: katru joslu var vad&#299;t ar n&#363;ju atsevi&scaron;&#311;i, &#316;aujot jums past&#257;v&#299;gi atsvaidzin&#257;t savas istabas izskatu.[\/vc_column_text][\/vc_column][\/vc_row][vc_row][vc_column width=&rdquo;2\/3&Prime; css=&rdquo;.vc_custom_1546608504495{margin-top: 20px !important;}&rdquo;][vc_column_text el_class=&rdquo;tabai&rdquo; css=&rdquo;.vc_custom_1728047372383{margin-right: 30px !important;margin-left: 70px !important;}&rdquo;]<\/p>\n<h3><strong>Pane&#316;u &#382;al&#363;ziju priek&scaron;roc&#299;bas:<\/strong><\/h3>\n<ul>\n<li>Ide&#257;ls m&#257;jas dekora elements &ndash; lai sasniegtu v&#275;lamo rezult&#257;tu, var kombin&#275;t da&#382;&#257;das kr&#257;sas, fakt&#363;ras un audumus.<\/li>\n<li>Viegli uzst&#257;d&#299;t. Nav nepiecie&scaron;ama &#299;pa&scaron;a piesardz&#299;ba;<\/li>\n<li>Pal&#299;dz rad&#299;t m&#257;j&#299;gu atmosf&#275;ru;<\/li>\n<li>&#256;trs un ne &#299;pa&scaron;i d&#257;rgs veids, k&#257; atsvaidzin&#257;t j&#363;su interjeru;<\/li>\n<li>Daudz pieejamo pane&#316;u &#382;al&#363;ziju audumu: vienkr&#257;saini, ar fakt&#363;r&#257;m un rakstiem, daudzkr&#257;saini, aptum&scaron;ojo&scaron;i, saules gaismas necaurlaid&#299;gi utt.;<\/li>\n<li>Pal&#299;dz viegli sadal&#299;t telpas;<\/li>\n<li>&#315;auj rad&#299;t nep&#257;rtrauktu un harmonisku stilu, kas savietojams ar citiem m&#257;jas interjera elementiem (rullo &#382;al&#363;zij&#257;m, &#382;al&#363;zij&#257;m, romie&scaron;u &#382;al&#363;zij&#257;m).<\/li>\n<\/ul>\n<p>[\/vc_column_text][\/vc_column][vc_column width=&rdquo;1\/3&Prime; css=&rdquo;.vc_custom_1546608511624{margin-top: 20px !important;}&rdquo;][vc_column_text el_class=&rdquo;tabai&rdquo; css=&rdquo;.vc_custom_1728047385508{margin-right: 70px !important;margin-left: 30px !important;}&rdquo;]<\/p>\n<h4>Vad&#299;ba:<\/h4>\n<ul>\n<li>Manu&#257;li (aukla vai n&#363;ja);<\/li>\n<li>sl&#275;dzis;<\/li>\n<li>t&#257;lvad&#299;ba;<\/li>\n<li>viedt&#257;lru&#326;a aplik&#257;cija.<\/li>\n<\/ul>\n<p>[\/vc_column_text][\/vc_column][\/vc_row][vc_row][vc_column][vc_column_text css=&rdquo;.vc_custom_1728047437503{margin-left: 70px !important;}&rdquo; el_class=&rdquo;tabai&rdquo;]Ja J&#363;s interes&#275; pane&#316;u &#382;al&#363;zijas, sazinieties ar mums un sa&#326;emiet pied&#257;v&#257;jumu. Lai ieg&#363;tu cenu apr&#275;&#311;inu, aizpildiet <a href=\"https:\/\/www.lauresta.lt\/lv\/bezmaksas-merisana\/\">elektronisko veidlapu<\/a>, zvaniet pa tel. <a href=\"tel:+37167278800\">+371 67278800<\/a>; <a href=\"tel:+37125556555\">+371 25556555<\/a> vai brauciet ciemos uz &#382;al&#363;ziju centru &ldquo;<a href=\"https:\/\/www.lauresta.lt\/lv\/kontaktai\/\">LAURESTA<\/a>&rdquo;.[\/vc_column_text][\/vc_column][\/vc_row]<\/p>\n<\/body><\/html>\n","protected":false},"excerpt":{"rendered":"<p>Vertik\u0101l\u0101s \u017eal\u016bzijas \u0161obr\u012bd ir \u013coti popul\u0101ras, bet \u0161obr\u012bd ir v\u0113l k\u0101da pievilc\u012bga to versija &#8211; pane\u013cu sist\u0113mas (angl. panel track). Tiesa, l\u012bdz\u012bba ir tikai t\u0101, ka ar aukli\u0146u vad\u0101m\u0101s auduma slejas iesp\u0113jams virz\u012bt no mal\u0101m uz centru, vai visas vien\u0101 virzien\u0101 &#8211; uz s\u0101niem. At\u0161\u0137ir\u012bb\u0101 no vertik\u0101laj\u0101m \u017eal\u016bzij\u0101m, vienas \u0161\u0101das slejas platums var b\u016bt l\u012bdz 1 m.<\/p>\n","protected":false},"featured_media":47958,"template":"","meta":[],"product_cat":[6667],"product_tag":[6680,6742,6744],"class_list":{"0":"post-44354","1":"product","2":"type-product","3":"status-publish","4":"has-post-thumbnail","6":"product_cat-zaluzijas","7":"product_tag-no-saules","8":"product_tag-prieks-majas","9":"product_tag-uznemumiem","11":"first","12":"instock","13":"shipping-taxable","14":"purchasable","15":"product-type-simple"},"_links":{"self":[{"href":"https:\/\/www.lauresta.lt\/lv\/wp-json\/wp\/v2\/product\/44354","targetHints":{"allow":["GET"]}}],"collection":[{"href":"https:\/\/www.lauresta.lt\/lv\/wp-json\/wp\/v2\/product"}],"about":[{"href":"https:\/\/www.lauresta.lt\/lv\/wp-json\/wp\/v2\/types\/product"}],"wp:featuredmedia":[{"embeddable":true,"href":"https:\/\/www.lauresta.lt\/lv\/wp-json\/wp\/v2\/media\/47958"}],"wp:attachment":[{"href":"https:\/\/www.lauresta.lt\/lv\/wp-json\/wp\/v2\/media?parent=44354"}],"wp:term":[{"taxonomy":"product_cat","embeddable":true,"href":"https:\/\/www.lauresta.lt\/lv\/wp-json\/wp\/v2\/product_cat?post=44354"},{"taxonomy":"product_tag","embeddable":true,"href":"https:\/\/www.lauresta.lt\/lv\/wp-json\/wp\/v2\/product_tag?post=44354"}],"curies":[{"name":"wp","href":"https:\/\/api.w.org\/{rel}","templated":true}]}}