{"id":44374,"date":"2018-07-13T10:38:37","date_gmt":"2018-07-13T10:38:37","guid":{"rendered":"https:\/\/www.lauresta.lt\/produktai\/uncategorized\/velux-zaliuzes-stoglangiams\/"},"modified":"2024-10-15T11:10:27","modified_gmt":"2024-10-15T08:10:27","slug":"jumta-logu-zaluzijas","status":"publish","type":"product","link":"https:\/\/www.lauresta.lt\/lv\/produktai\/zaluzijas\/jumta-logu-zaluzijas\/","title":{"rendered":"Jumta logu \u017eal\u016bzijas"},"content":{"rendered":"<!DOCTYPE html PUBLIC \"-\/\/W3C\/\/DTD HTML 4.0 Transitional\/\/EN\" \"http:\/\/www.w3.org\/TR\/REC-html40\/loose.dtd\">\n<?xml encoding=\"utf-8\" ?><html><body><p>[vc_row][vc_column css=&rdquo;.vc_custom_1546608093626{margin-top: 20px !important;}&rdquo;][vc_column_text el_class=&rdquo;tabai&rdquo; css=&rdquo;.vc_custom_1728048079174{margin-right: 70px !important;margin-left: 70px !important;}&rdquo;]Jumta logi ir est&#275;tisks un funkcion&#257;ls logu noseg&scaron;anas risin&#257;jums. Pateicoties speci&#257;l&#257;m vadotn&#275;m, starp &#382;al&#363;zij&#257;m un stiklu nav spraugas, kas aizsarg&#257; nonev&#275;lamas saules gaismas iek&#316;&#363;&scaron;anas j&#363;su m&#257;j&#257;s vai ofis&#257;. Velux sist&#275;mas jumta logiem &lsquo;&rsquo;Lauresta&rsquo;&rsquo; pied&#257;v&#257; &#382;al&#363;ziju sist&#275;mu V-Lite, kura ar vienk&#257;r&scaron;as vad&#299;bas n&#363;jas pal&#299;dz&#299;bu kontrol&#275; &#382;al&#363;ziju atv&#275;rumu pat visgr&#363;t&#257;k aizsniedzam&#257;s viet&#257;s. Ir iesp&#275;jams izv&#275;l&#275;ties ar&#299; atsperes meh&#257;nisma vai ar elektro piedzi&#326;u vad&#257;mu variantu. Bez tam, &#382;al&#363;zijas jumta logiem ir piem&#275;rotas ar&#299; t&#257;d&#257;m telp&#257;m ar augstu mitruma l&#299;meni k&#257; vannas istabas un virtuves.[\/vc_column_text][\/vc_column][\/vc_row][vc_row][vc_column width=&rdquo;1\/2&Prime; css=&rdquo;.vc_custom_1546608093626{margin-top: 20px !important;}&rdquo;][vc_column_text el_class=&rdquo;tabai&rdquo; css=&rdquo;.vc_custom_1728048093697{margin-right: 70px !important;margin-left: 70px !important;}&rdquo;]<\/p>\n<h3>&#381;AL&#362;ZIJU SIST&#274;MA V-LITE<\/h3>\n<p>&#381;al&#363;ziju sist&#275;ma V-LITE ir sader&#299;ga ar Velux tipa jumta logiem un &#316;auj viegli kontrol&#275;t apgaismojuma daudzumu. Pat ja logs atrodas liel&#257; augstum&#257;, &scaron;&#299;s &#382;al&#363;zijas ir viegli vad&#299;t, jo t&#257;m ir speci&#257;la vad&#299;bas n&#363;ja.<\/p>\n<p>&nbsp;<\/p>\n<p><strong>V-LITE jumta logi &ndash; priek&scaron;roc&#299;bas:<\/strong><\/p>\n<ul>\n<li>Sader ar Velux jumta logiem;<\/li>\n<li>Viegli vad&#257;mas &ndash; vienk&#257;r&scaron;as un tai pat laik&#257; ar funkcion&#257;lu vad&#299;bas n&#363;ju t&#257;s var nofiks&#275;t v&#275;lamaj&#257; poz&#299;cij&#257;;<\/li>\n<li>Pieejami divi vad&#299;bas varianti: atsperes meh&#257;nisms vai ar elektro piedzi&#326;u;<\/li>\n<li>Profili gatavoti no anod&#275;ta alum&#299;nija;<\/li>\n<li>Ierobe&#382;o nev&#275;lamu saules gaismu;<\/li>\n<li>Viegli kopjamas;<\/li>\n<li>Piem&#275;rotas t&#257;d&#257;m mitr&#257;m telp&#257;m k&#257; vannas istabas vai virtuves;<\/li>\n<li>Viegli piel&#257;gojamas pie jebkura interjera.<\/li>\n<\/ul>\n<p>[\/vc_column_text][\/vc_column][vc_column width=&rdquo;1\/2&Prime;][vc_single_image image=&rdquo;44406&Prime; img_size=&rdquo;large&rdquo; alignment=&rdquo;center&rdquo; el_class=&rdquo;tabai&rdquo; css=&rdquo;.vc_custom_1563370979209{margin-right: 70px !important;margin-left: 30px !important;}&rdquo;][\/vc_column][\/vc_row][vc_row][vc_column css=&rdquo;.vc_custom_1546608093626{margin-top: 20px !important;}&rdquo;][vc_column_text el_class=&rdquo;tabai&rdquo; css=&rdquo;.vc_custom_1728048140406{margin-right: 70px !important;margin-left: 70px !important;}&rdquo;]J&#363;s interes&#275; jumta logu &#382;al&#363;zijas?&nbsp;Sazinieties ar mums un sa&#326;emsiet individu&#257;lu pied&#257;v&#257;jumu, vai nu aizpildot&nbsp;<a href=\"https:\/\/www.lauresta.lt\/lv\/bezmaksas-merisana\/\" target=\"_blank\" rel=\"noopener\">elektronisko formu<\/a>&nbsp;vai piezvanot mums uz:&nbsp;<a href=\"tel:+37167278800\">+371 672 78800<\/a>&nbsp;vai&nbsp;<a href=\"tel:+37125556555\">+371 255 56555<\/a>, vai apmekl&#275;jot m&#363;su&nbsp;<a href=\"https:\/\/www.lauresta.lt\/lv\/kontaktai\/\">salonu R&#299;g&#257;<\/a>.[\/vc_column_text][\/vc_column][\/vc_row]<\/p>\n<\/body><\/html>\n","protected":false},"excerpt":{"rendered":"<p>\u017dal\u016bzijas jumta logi ir viens no ori\u0123in\u0101l\u0101kajiem veidiem, k\u0101 nosegt loga aili. T\u0101 ir ide\u0101la izv\u0113le tiem, kas nov\u0113rt\u0113 eleganci un funkcionalit\u0101ti. \u017dal\u016bzijas ir daudzpus\u012bgas &#8211; t\u0101s ir viegli kopt un \u013cauj atsvaidzin\u0101t m\u0101jas vai biroja interjeru. Tiem, kuri v\u0113las ieg\u0101d\u0101ties \u017eal\u016bzijas jumta logiem, \u201cLAURESTA\u201d pied\u0101v\u0101 pla\u0161u kr\u0101su, mode\u013cu un audumu izv\u0113li \u017eal\u016bzij\u0101m, t\u0101p\u0113c pat vispras\u012bg\u0101kais klients atrad\u012bs risin\u0101jumu savam jumta logam.<\/p>\n","protected":false},"featured_media":47646,"template":"","meta":[],"product_cat":[6667],"product_tag":[6680,6742,6744],"class_list":{"0":"post-44374","1":"product","2":"type-product","3":"status-publish","4":"has-post-thumbnail","6":"product_cat-zaluzijas","7":"product_tag-no-saules","8":"product_tag-prieks-majas","9":"product_tag-uznemumiem","11":"first","12":"instock","13":"shipping-taxable","14":"purchasable","15":"product-type-simple"},"_links":{"self":[{"href":"https:\/\/www.lauresta.lt\/lv\/wp-json\/wp\/v2\/product\/44374","targetHints":{"allow":["GET"]}}],"collection":[{"href":"https:\/\/www.lauresta.lt\/lv\/wp-json\/wp\/v2\/product"}],"about":[{"href":"https:\/\/www.lauresta.lt\/lv\/wp-json\/wp\/v2\/types\/product"}],"wp:featuredmedia":[{"embeddable":true,"href":"https:\/\/www.lauresta.lt\/lv\/wp-json\/wp\/v2\/media\/47646"}],"wp:attachment":[{"href":"https:\/\/www.lauresta.lt\/lv\/wp-json\/wp\/v2\/media?parent=44374"}],"wp:term":[{"taxonomy":"product_cat","embeddable":true,"href":"https:\/\/www.lauresta.lt\/lv\/wp-json\/wp\/v2\/product_cat?post=44374"},{"taxonomy":"product_tag","embeddable":true,"href":"https:\/\/www.lauresta.lt\/lv\/wp-json\/wp\/v2\/product_tag?post=44374"}],"curies":[{"name":"wp","href":"https:\/\/api.w.org\/{rel}","templated":true}]}}