{"id":44409,"date":"2018-07-13T10:34:01","date_gmt":"2018-07-13T10:34:01","guid":{"rendered":"https:\/\/www.lauresta.lt\/produktai\/uncategorized\/apsaugines-zaliuzes\/"},"modified":"2024-10-15T11:10:42","modified_gmt":"2024-10-15T08:10:42","slug":"aizsargzaluzijas","status":"publish","type":"product","link":"https:\/\/www.lauresta.lt\/lv\/produktai\/zaluzijas\/aizsargzaluzijas\/","title":{"rendered":"Aizsarg\u017eal\u016bzijas"},"content":{"rendered":"<!DOCTYPE html PUBLIC \"-\/\/W3C\/\/DTD HTML 4.0 Transitional\/\/EN\" \"http:\/\/www.w3.org\/TR\/REC-html40\/loose.dtd\">\n<?xml encoding=\"utf-8\" ?><html><body><p>[vc_row][vc_column][vc_column_text el_class=&rdquo;tabai&rdquo; css=&rdquo;.vc_custom_1728048512824{margin-right: 70px !important;margin-left: 70px !important;}&rdquo;]Aizsargsl&#275;&#291;i ir k&#316;uvu&scaron;i popul&#257;ri to funkcionalit&#257;tes d&#275;&#316;:<\/p>\n<ul>\n<li>uzlabo siltuma un ska&#326;as izol&#257;ciju;<\/li>\n<li>aizsarg&#257; no putek&#316;iem;<\/li>\n<li>pasarg&#257; no nev&#275;lamiem skat&#299;t&#257;jiem un samazina ielau&scaron;an&#257;s risku.<\/li>\n<\/ul>\n<p>[\/vc_column_text][\/vc_column][\/vc_row][vc_row][vc_column width=&rdquo;1\/2&Prime; css=&rdquo;.vc_custom_1546595556679{margin-top: 30px !important;}&rdquo;][vc_column_text el_class=&rdquo;tabai&rdquo; css=&rdquo;.vc_custom_1728048529867{margin-right: 70px !important;margin-left: 70px !important;}&rdquo;]<strong>K&#257;das priek&scaron;roc&#299;bas nodro&scaron;ina aizsargsl&#275;&#291;i?<\/strong><\/p>\n<ul>\n<li>nolaist&#257; veid&#257; aizsargsl&#275;&#291;i piln&#299;b&#257; nosedz logus un pasarg&#257; no nev&#275;lamiem acu skatieniem;<\/li>\n<li>ar&#299; kramplau&#382;us attur ielau&scaron;an&#257;s &#299;pa&scaron;um&#257; izr&#275;&#311;inot, cik ilgu laiku pa&#326;ems iek&#316;&#363;&scaron;ana &#299;pa&scaron;um&#257; lau&#382;oties cauri aizsargsl&#275;&#291;iem;<\/li>\n<li>lai maksim&#257;li paaugstin&#257;tu dro&scaron;&#299;bu, aizsargsl&#275;&#291;iem to apak&scaron;&#257; ir papildus meh&#257;nisms, kas aizsarg&#257; no sl&#275;&#291;a pacel&scaron;anu ar sp&#275;ku.<\/li>\n<\/ul>\n<p>[\/vc_column_text][\/vc_column][vc_column width=&rdquo;1\/2&Prime; css=&rdquo;.vc_custom_1546595569833{margin-top: 30px !important;}&rdquo;][vc_column_text el_class=&rdquo;tabai&rdquo; css=&rdquo;.vc_custom_1728048549394{margin-right: 70px !important;margin-left: 30px !important;}&rdquo;]<\/p>\n<ul>\n<li>Aizsargsl&#275;&#291;iem ir ar&#299; t.s. &lsquo;&rsquo;atva&#316;in&#257;juma&rsquo;&rsquo; re&#382;&#299;ms. Citiem v&#257;rdiem, tos var ieprogramm&#275;t pacelties un nolaisties da&#382;&#257;dos laikos katru dienu. Tas rada il&#363;ziju, ka m&#257;jas &#299;pa&scaron;nieki ir ir m&#257;j&#257;s, atturot potenci&#257;los kramplau&#382;us no ielau&scaron;an&#257;s.<\/li>\n<li>Aizsargsl&#275;&#291;i bie&#382;i tiek kombin&#275;ti ar signaliz&#257;cijas sist&#275;mu, dubultojot to ieguvumu.<\/li>\n<\/ul>\n<p>[\/vc_column_text][\/vc_column][\/vc_row][vc_row][vc_column width=&rdquo;1\/2&Prime; css=&rdquo;.vc_custom_1546595483783{margin-top: 20px !important;}&rdquo;][vc_column_text el_class=&rdquo;tabai&rdquo; css=&rdquo;.vc_custom_1728048564122{margin-right: 30px !important;margin-left: 70px !important;}&rdquo;]Tie ir diezgan univers&#257;li gan aukstaj&#257;, gan siltaj&#257; sezon&#257;. Aizsargsl&#275;&#291;i ir gatavoti no alum&#299;nija profila, kas pild&#299;ts ar poliuret&#257;nu, padarot tos ne tikai iztur&#299;gus, bet ar&#299; energoefekt&#299;vus. At&#299; vasar&#257; aizsargsl&#275;&#291;i ne&#316;auj telpai uzkarst. Tiem piem&#299;t ar&#299; ska&#326;as izol&#257;cijas &#299;pa&scaron;&#299;bas.[\/vc_column_text][\/vc_column][vc_column width=&rdquo;1\/2&Prime; css=&rdquo;.vc_custom_1551187627768{margin-top: 20px !important;}&rdquo;][vc_column_text el_class=&rdquo;tabai&rdquo; css=&rdquo;.vc_custom_1728048579113{margin-right: 70px !important;margin-left: 30px !important;}&rdquo;]Aizsargsl&#275;&#291;us var vad&#299;t divos veidos: vai nu manu&#257;li vai autom&#257;tiski. Manu&#257;l&#257; vad&#299;ba noz&#299;m&#275; vai nu stri&#311;a, reduktora vai atsperes meh&#257;nisma izmanto&scaron;anu, kam&#275;r autom&#257;tisk&#257; var b&#363;t sl&#275;dzene, sl&#275;dzis vai t&#257;lvad&#299;ba. Aizsargsl&#275;&#291;us ir iesp&#275;jams ieprogramm&#275;t, lai tie tiktu autom&#257;tiski pacelti un nolaisti v&#275;lamaj&#257; dienas laik&#257;.[\/vc_column_text][\/vc_column][\/vc_row][vc_row][vc_column css=&rdquo;.vc_custom_1546595483783{margin-top: 20px !important;}&rdquo;][vc_column_text el_class=&rdquo;tabai&rdquo; css=&rdquo;.vc_custom_1728048596330{margin-right: 70px !important;margin-left: 70px !important;}&rdquo;]Ir pieejama 30 kr&#257;su palete j&#363;su izv&#275;l&#275;tajiem aizsargsl&#275;&#291;iem. &Scaron;os aizsargsl&#275;&#291;us uzst&#257;da vai nu ni&scaron;&#257;, vai nu &#257;rpus ni&scaron;as, vai ar&#299; integr&#275; t&#257;s fas&#257;d&#275;:[\/vc_column_text][\/vc_column][\/vc_row][vc_row][vc_column width=&rdquo;1\/3&Prime; css=&rdquo;.vc_custom_1546595496555{margin-top: 20px !important;}&rdquo;][vc_single_image image=&rdquo;44445&Prime; img_size=&rdquo;large&rdquo; alignment=&rdquo;center&rdquo;][\/vc_column][vc_column width=&rdquo;1\/3&Prime; css=&rdquo;.vc_custom_1546595504769{margin-top: 20px !important;}&rdquo;][vc_single_image image=&rdquo;44446&Prime; img_size=&rdquo;large&rdquo; alignment=&rdquo;center&rdquo;][\/vc_column][vc_column width=&rdquo;1\/3&Prime; css=&rdquo;.vc_custom_1546595513379{margin-top: 20px !important;}&rdquo;][vc_single_image image=&rdquo;44447&Prime; img_size=&rdquo;large&rdquo; alignment=&rdquo;center&rdquo;][\/vc_column][\/vc_row][vc_row][vc_column][vc_separator border_width=&rdquo;2&Prime;][\/vc_column][\/vc_row][vc_row][vc_column width=&rdquo;2\/3&Prime; css=&rdquo;.vc_custom_1548420958702{margin-top: 40px !important;}&rdquo;][vc_column_text el_class=&rdquo;tabai&rdquo; css=&rdquo;.vc_custom_1728048612463{margin-right: 70px !important;margin-left: 70px !important;}&rdquo;]<strong>DRO&Scaron;&#298;BAS RULLO AIZSARGSL&#274;&#290;I<\/strong><\/p>\n<p>&nbsp;<\/p>\n<p>Aizsargsl&#275;&#291;i ir izcili d&#275;&#316; to funcionalit&#257;tes un izskata. &Scaron;iem dro&scaron;&#299;bas rullo aizsargsl&#275;&#291;iem ir plastmasas kaste, 3 kameras, kas ir izol&#275;tas no iek&scaron;puses, kam&#275;r &#299;pa&scaron;a tehnolo&#291;ija &#316;auj t&#257;s izol&#275;t ar&#299; no &#257;rpuses, ja nepiecie&scaron;ams. Tas ir divi vien&#257; ieguvums: nevainojams &#275;kas fas&#257;des izskats ar maksim&#257;lu termo izol&#257;ciju.<\/p>\n<p>&nbsp;<\/p>\n<p>V&#275;l viena rullo aizsargsl&#275;&#291;u priek&scaron;roc&#299;ba &ndash; tos var uzst&#257;d&#299;t virs loga. Aizsargsl&#275;&#291;i tiek stiprin&#257;ti pie pa&scaron;a loga r&#257;mja un uzst&#257;d&#299;ti padzi&#316;in&#257;jum&#257; jeb ni&scaron;&#257;. &Scaron;&#299; iemesla d&#275;&#316; aizsargsl&#275;&#291;is ir cie&scaron;i piespiests pie loga, kas noz&#299;m&#275;, ka, piel&#257;gojot sl&#275;&#291;a&nbsp; profilu kr&#257;su r&#257;mim, t&#257; var piln&#299;b&#257; sapl&#363;st ar logu un k&#316;&#363;t gandr&#299;z neat&scaron;&#311;irama. Turkl&#257;t, ja b&#363;s nepiecie&scaron;ama tehnisk&#257; apkope, tos var&#275;s viegli salabot no &#275;kas iek&scaron;puses, kas noz&#299;m&#275;, ka nepast&#257;v risks saboj&#257;t fas&#257;di.<\/p>\n<p>&nbsp;<\/p>\n<p>&Scaron;&#257;di rullo aizsargsl&#275;&#291;i tiek ra&#382;oti izmantojot 37-45 mm alum&#299;nija profilus. Maksim&#257;lais iesp&#275;jamais augstums &ndash; 3.55 m. Aizsargsl&#275;&#291;i ne tikai nodro&scaron;ina termo izol&#257;ciju ( l&#299;dz pat 0.69W\/m2*K), bet ar&#299; 6. v&#275;ja aizsardz&#299;bas klasi.<\/p>\n<p>&nbsp;<\/p>\n<p>Tiem, kas tiecas p&#275;c maksim&#257;la komforta, &ldquo;Lauresta&rdquo; pied&#257;v&#257; aizsargsl&#275;&#291;us ar mosk&#299;tu t&#299;klu, kas sat&#299;ti taj&#257; pa&scaron;&#257; kast&#275; &#275;kas apmetuma iek&scaron;pus&#275;, kur aizsargsl&#275;&#291;i. Tos var ar&#299; piel&#257;got, lai nosegtu atsevi&scaron;&#311;as loga da&#316;as.[\/vc_column_text][\/vc_column][vc_column width=&rdquo;1\/3&Prime; css=&rdquo;.vc_custom_1548421128993{margin-top: 40px !important;}&rdquo;][vc_single_image image=&rdquo;44448&Prime; img_size=&rdquo;large&rdquo; alignment=&rdquo;center&rdquo; el_class=&rdquo;tabai&rdquo; css=&rdquo;.vc_custom_1626166759351{margin-top: 30px !important;margin-right: 70px !important;margin-left: 30px !important;}&rdquo;][\/vc_column][\/vc_row][vc_row][vc_column css=&rdquo;.vc_custom_1560255703793{margin-top: 20px !important;}&rdquo;][vc_column_text el_class=&rdquo;tabai&rdquo; css=&rdquo;.vc_custom_1728048647414{margin-left: 70px !important;}&rdquo;]J&#363;s interes&#275; aizsarg&#382;al&#363;zijas?&nbsp;Sazinieties ar mums un sa&#326;emsiet individu&#257;lu pied&#257;v&#257;jumu, vai nu aizpildot&nbsp;<a href=\"https:\/\/www.lauresta.lt\/lv\/bezmaksas-merisana\/\" target=\"_blank\" rel=\"noopener\">elektronisko formu<\/a>&nbsp;vai piezvanot mums uz:&nbsp;<a href=\"tel:+37167278800\">+371 672 78800<\/a>&nbsp;vai&nbsp;<a href=\"tel:+37125556555\">+371 255 56555<\/a>, vai apmekl&#275;jot m&#363;su&nbsp;<a href=\"https:\/\/www.lauresta.lt\/lv\/kontaktai\/\">salonu R&#299;g&#257;<\/a>.[\/vc_column_text][\/vc_column][\/vc_row]<\/p>\n<\/body><\/html>\n","protected":false},"excerpt":{"rendered":"<p>Aizsargsl\u0113\u0123i visbie\u017e\u0101k tiek uzst\u0101d\u012bti \u0101rpus\u0113, tiem ir siltuma un ska\u0146as izol\u0101cijas \u012bpa\u0161\u012bbas, kas aizsarg\u0101 logus no laika apst\u0101k\u013cu iedarb\u012bbas, putek\u013ciem, piln\u012bb\u0101 nosedz skatu iek\u0161pus\u0113 un samazina ielau\u0161an\u0101s iesp\u0113jam\u012bbu. Sl\u0113\u0123a pamat\u0101 ir alum\u012bnija profils ar poliuret\u0101na pild\u012bjumu, kas ne tikai padara to iztur\u012bgu, bet ar\u012b padara to energoefekt\u012bvu, it \u012bpa\u0161i aukstaj\u0101 ziemas period\u0101. Aizsarg\u017eal\u016bzijas ir noder\u012bgas ar\u012b vasar\u0101, jo t\u0101s ne\u013cauj telpai uzkarst. \u201cLAURESTA\u201d pied\u0101v\u0101 6 veidu profilus aizsarg\u017eal\u016bziju sl\u0113\u0123iem, kas ir atkar\u012bgs no nepiecie\u0161am\u0101s\u00a0 plat\u012bbas, ko v\u0113laties nosegt,\u00a0 piel\u0101gojot liel\u0101m plat\u012bb\u0101m alum\u012bnija profilus ar biez\u0101ku poliuret\u0101na pild\u012bjumu.<\/p>\n","protected":false},"featured_media":44416,"template":"","meta":[],"product_cat":[6667],"product_tag":[6726,6744],"class_list":{"0":"post-44409","1":"product","2":"type-product","3":"status-publish","4":"has-post-thumbnail","6":"product_cat-zaluzijas","7":"product_tag-drosibai","8":"product_tag-uznemumiem","10":"first","11":"instock","12":"shipping-taxable","13":"purchasable","14":"product-type-simple"},"_links":{"self":[{"href":"https:\/\/www.lauresta.lt\/lv\/wp-json\/wp\/v2\/product\/44409","targetHints":{"allow":["GET"]}}],"collection":[{"href":"https:\/\/www.lauresta.lt\/lv\/wp-json\/wp\/v2\/product"}],"about":[{"href":"https:\/\/www.lauresta.lt\/lv\/wp-json\/wp\/v2\/types\/product"}],"wp:featuredmedia":[{"embeddable":true,"href":"https:\/\/www.lauresta.lt\/lv\/wp-json\/wp\/v2\/media\/44416"}],"wp:attachment":[{"href":"https:\/\/www.lauresta.lt\/lv\/wp-json\/wp\/v2\/media?parent=44409"}],"wp:term":[{"taxonomy":"product_cat","embeddable":true,"href":"https:\/\/www.lauresta.lt\/lv\/wp-json\/wp\/v2\/product_cat?post=44409"},{"taxonomy":"product_tag","embeddable":true,"href":"https:\/\/www.lauresta.lt\/lv\/wp-json\/wp\/v2\/product_tag?post=44409"}],"curies":[{"name":"wp","href":"https:\/\/api.w.org\/{rel}","templated":true}]}}