{"id":44664,"date":"2018-07-13T10:18:51","date_gmt":"2018-07-13T10:18:51","guid":{"rendered":"https:\/\/www.lauresta.lt\/produktai\/uncategorized\/zaliuzes-nestandartiniams-langams\/"},"modified":"2024-10-15T11:11:35","modified_gmt":"2024-10-15T08:11:35","slug":"zaluzijas-nestandarta-logiem","status":"publish","type":"product","link":"https:\/\/www.lauresta.lt\/lv\/produktai\/zaluzijas\/zaluzijas-nestandarta-logiem\/","title":{"rendered":"Nestandarta logiem"},"content":{"rendered":"<!DOCTYPE html PUBLIC \"-\/\/W3C\/\/DTD HTML 4.0 Transitional\/\/EN\" \"http:\/\/www.w3.org\/TR\/REC-html40\/loose.dtd\">\n<?xml encoding=\"utf-8\" ?><html><body><p>[vc_row][vc_column width=&rdquo;1\/2&Prime; css=&rdquo;.vc_custom_1546607249853{margin-top: 20px !important;}&rdquo;][vc_column_text css=&rdquo;.vc_custom_1728049552522{margin-right: 30px !important;margin-left: 70px !important;}&rdquo; el_class=&rdquo;tabai&rdquo;]Nestandarta &#382;al&#363;zijas var tikt tikt piel&#257;goti da&#382;&#257;du nestandarta formu logiem (trapecei, tr&#299;sst&#363;rim, ov&#257;lam, apa&#316;am un arkai) un izm&#275;ri (mazi un &#299;pa&scaron;i lieli), t&#257;pat k&#257; ar&#299; siltumn&#299;c&#257;m un l&#363;k&#257;m.[\/vc_column_text][\/vc_column][vc_column width=&rdquo;1\/2&Prime; css=&rdquo;.vc_custom_1546607270020{margin-top: 20px !important;}&rdquo;][vc_column_text el_class=&rdquo;tabai&rdquo; css=&rdquo;.vc_custom_1728049564595{margin-right: 70px !important;margin-left: 30px !important;}&rdquo;]&Scaron;os &#382;al&#363;ziju veidus ir &#316;oti viegli instal&#275;t: speci&#257;li profili ar lame&#316;u tur&#275;t&#257;jiem tiek piestiprin&#257;ti pie stacion&#257;ra loga r&#257;mja, &#257;rpus padzi&#316;in&#257;juma -ni&scaron;as (pie sienas)&nbsp; vai t&#257; iek&scaron;pus&#275;, vai pie griestiem. To vad&#299;ba ir iesp&#275;jama manu&#257;li vai autom&#257;tiski (ar elektro dzin&#275;ju).[\/vc_column_text][\/vc_column][\/vc_row][vc_row][vc_column width=&rdquo;1\/2&Prime; css=&rdquo;.vc_custom_1546607249853{margin-top: 20px !important;}&rdquo;][vc_column_text el_class=&rdquo;tabai&rdquo; css=&rdquo;.vc_custom_1728049579313{margin-right: 30px !important;margin-left: 70px !important;}&rdquo;]Nestandarta &#382;al&#363;zijas ir &#275;rtas, jo to materi&#257;ls un meh&#257;nisms var tikt piel&#257;gots loga izm&#275;riem un formai. Visi tehniskie komponenti un profili, k&#257; ar&#299; pa&scaron;as lameles ir da&#382;&#257;d&#257;s kr&#257;s&#257;s un to&#326;os, l&#299;dz ar to t&#257;s ir viegli piel&#257;gojamas jebkuram interjeram.[\/vc_column_text][\/vc_column][vc_column width=&rdquo;1\/2&Prime; css=&rdquo;.vc_custom_1546607270020{margin-top: 20px !important;}&rdquo;][vc_column_text el_class=&rdquo;tabai&rdquo; css=&rdquo;.vc_custom_1728049597123{margin-right: 30px !important;margin-left: 70px !important;}&rdquo;]M&#275;s pied&#257;v&#257;jam sekojo&scaron;us risin&#257;jumus nestandarta formu logiem:<\/p>\n<ul>\n<li>standarta horizont&#257;l&#257;s &#382;al&#363;zijas;<\/li>\n<li>plis&#275;tas &#382;al&#363;zijas;<\/li>\n<li>vertik&#257;l&#257;s &#382;al&#363;zijas.<\/li>\n<\/ul>\n<p>[\/vc_column_text][\/vc_column][\/vc_row][vc_row][vc_column width=&rdquo;1\/2&Prime; css=&rdquo;.vc_custom_1546607249853{margin-top: 20px !important;}&rdquo;][\/vc_column][vc_column width=&rdquo;1\/2&Prime; css=&rdquo;.vc_custom_1546607270020{margin-top: 20px !important;}&rdquo;][\/vc_column][\/vc_row][vc_row][vc_column css=&rdquo;.vc_custom_1560255791818{margin-top: 20px !important;}&rdquo;][vc_column_text css=&rdquo;.vc_custom_1728049625501{margin-left: 70px !important;}&rdquo; el_class=&rdquo;tabai&rdquo;]J&#363;s interes&#275; &#382;al&#363;zijas nestandarta logiem?&nbsp;Sazinieties ar mums un sa&#326;emsiet individu&#257;lu pied&#257;v&#257;jumu, vai nu aizpildot&nbsp;<a href=\"https:\/\/www.lauresta.lt\/lv\/bezmaksas-merisana\/\" target=\"_blank\" rel=\"noopener\">elektronisko formu<\/a>&nbsp;vai piezvanot mums uz:&nbsp;<a href=\"tel:+37167278800\">+371 672 78800<\/a>&nbsp;vai&nbsp;<a href=\"tel:+37125556555\">+371 255 56555<\/a>, vai apmekl&#275;jot m&#363;su&nbsp;<a href=\"https:\/\/www.lauresta.lt\/lv\/kontaktai\/\">salonu R&#299;g&#257;<\/a>.[\/vc_column_text][\/vc_column][\/vc_row]<\/p>\n<\/body><\/html>\n","protected":false},"excerpt":{"rendered":"<p>\u2018\u2019Lauresta\u2019\u2019 pied\u0101v\u0101 da\u017e\u0101dus logu noseg\u0161anas veidus, kas ir piem\u0113roti nestandarta formas logiem, k\u0101 standarta horizont\u0101l\u0101s, plis\u0113t\u0101s vai vertik\u0101l\u0101s \u017eal\u016bzijas.<\/p>\n","protected":false},"featured_media":47642,"template":"","meta":[],"product_cat":[6667],"product_tag":[6680,6742,6744],"class_list":{"0":"post-44664","1":"product","2":"type-product","3":"status-publish","4":"has-post-thumbnail","6":"product_cat-zaluzijas","7":"product_tag-no-saules","8":"product_tag-prieks-majas","9":"product_tag-uznemumiem","11":"first","12":"instock","13":"shipping-taxable","14":"purchasable","15":"product-type-simple"},"_links":{"self":[{"href":"https:\/\/www.lauresta.lt\/lv\/wp-json\/wp\/v2\/product\/44664","targetHints":{"allow":["GET"]}}],"collection":[{"href":"https:\/\/www.lauresta.lt\/lv\/wp-json\/wp\/v2\/product"}],"about":[{"href":"https:\/\/www.lauresta.lt\/lv\/wp-json\/wp\/v2\/types\/product"}],"wp:featuredmedia":[{"embeddable":true,"href":"https:\/\/www.lauresta.lt\/lv\/wp-json\/wp\/v2\/media\/47642"}],"wp:attachment":[{"href":"https:\/\/www.lauresta.lt\/lv\/wp-json\/wp\/v2\/media?parent=44664"}],"wp:term":[{"taxonomy":"product_cat","embeddable":true,"href":"https:\/\/www.lauresta.lt\/lv\/wp-json\/wp\/v2\/product_cat?post=44664"},{"taxonomy":"product_tag","embeddable":true,"href":"https:\/\/www.lauresta.lt\/lv\/wp-json\/wp\/v2\/product_tag?post=44664"}],"curies":[{"name":"wp","href":"https:\/\/api.w.org\/{rel}","templated":true}]}}