{"id":44784,"date":"2018-07-13T09:49:21","date_gmt":"2018-07-13T06:49:21","guid":{"rendered":"https:\/\/www.lauresta.lt\/produktai\/uncategorized\/plisuotos-zaliuzes\/"},"modified":"2025-12-09T08:25:47","modified_gmt":"2025-12-09T06:25:47","slug":"plisetas-zaluzijas","status":"publish","type":"product","link":"https:\/\/www.lauresta.lt\/lv\/produktai\/zaluzijas\/plisetas-zaluzijas\/","title":{"rendered":"Plis\u0113t\u0101s \u017eal\u016bzijas"},"content":{"rendered":"<!DOCTYPE html PUBLIC \"-\/\/W3C\/\/DTD HTML 4.0 Transitional\/\/EN\" \"http:\/\/www.w3.org\/TR\/REC-html40\/loose.dtd\">\n<?xml encoding=\"utf-8\" ?><html><body><p>[vc_row][vc_column width=&rdquo;1\/2&Prime; css=&rdquo;.vc_custom_1546594442949{margin-top: 20px !important;}&rdquo;][vc_column_text css=&rdquo;.vc_custom_1728052021085{margin-right: 30px !important;margin-left: 70px !important;}&rdquo; el_class=&rdquo;tabai&rdquo;]Plis&#275;t&#257;s &#382;al&#363;zijas tiek ra&#382;otas no gofr&#275;ta auduma, kuras uzst&#257;da pie pa&scaron;a loga r&#257;mja un kuras patlaban k&#316;&#363;st &#316;oti piepras&#299;tas Latvij&#257;. To &#299;pa&scaron;&#257; iez&#299;me ir t&#257;, ka t&#257;s var&nbsp; no div&#257;m pus&#275;m &ndash; gan no aug&scaron;as, gan apak&scaron;as, nosedzot tie&scaron;i v&#275;lamo loga da&#316;u. Bez tam &scaron;&#299;s ir univers&#257;las &#382;al&#363;zijas un der gan veramiem, gan neveramiem logiem, t&#257;pat ar&#299; tradicion&#257;liem, arkveida, trapecveida vai citas formas logiem. Ar&#299; jumta logiem ir piem&#275;rotas.<\/p>\n<p>&nbsp;<\/p>\n<p>Plis&#275;to &#382;al&#363;ziju konstrukcija ir &#316;oti vienk&#257;r&scaron;a &ndash; t&#257;s var stiprin&#257;t gan loga v&#275;rtn&#275;, gan ni&scaron;&#257;, gan virs t&#257;s. T&#257;s piestiprina tikai ar &#269;etriem nelieliem stiprin&#257;jumiem logu st&#363;ros, neaizsedzot pa&scaron;u logu. &ldquo;Lauresta&rdquo; ar&#299; pied&#257;v&#257;t v&#275;l vienu&nbsp; &#382;al&#363;ziju stiprin&#257;&scaron;anas metodi &ndash; &#299;pa&scaron;u meh&#257;nismu, kas tiek novietots uz loga, bez nepiecie&scaron;am&#299;bas to urbt.[\/vc_column_text][\/vc_column][vc_column width=&rdquo;1\/2&Prime; css=&rdquo;.vc_custom_1546594453361{margin-top: 20px !important;}&rdquo;][vc_column_text css=&rdquo;.vc_custom_1728052033443{margin-right: 70px !important;margin-left: 30px !important;}&rdquo; el_class=&rdquo;tabai&rdquo;]V&#275;l viens svar&#299;gs &scaron;o &#382;al&#363;ziju aspekts ir tas, ka t&#257;s ir uzst&#257;d&#299;tas tie&scaron;i starp logu r&#363;t&#299;m vai r&#257;mjiem, t&#257;p&#275;c t&#257;s gal&#299;gi neierobe&#382;o balkona durvju vai loga atv&#275;r&scaron;anu. Plis&#275;t&#257;s &#382;al&#363;zijas ir piem&#275;rotas ar&#299; b&#275;rnu istab&#257;m &ndash; t&#257;m nav &#311;&#275;d&#299;tes, t&#257;p&#275;c t&#257;s ir piln&#299;gi dro&scaron;as b&#275;rniem.<\/p>\n<p>&nbsp;<\/p>\n<p>M&#363;su klienti jo &#299;pa&scaron;i nov&#275;rt&#275; plis&#275;to &#382;al&#363;ziju impregn&#275;tos audumus, par tik cik to kr&#257;sa neizbal&#275;, t&#257;s ir viegli kopjamas un t&#257;s ir sal&#299;dzino&scaron;i viegli uzst&#257;d&#299;t. Pied&#257;v&#257;jam pla&scaron;u kr&#257;su un rakstu gammu, kas &#316;aus piemekl&#275;t lab&#257;ko risin&#257;jumu jebkuram interjeram. Patie&scaron;&#257;m ir no k&#257; izv&#275;l&#275;ties![\/vc_column_text][\/vc_column][\/vc_row][vc_row][vc_column width=&rdquo;1\/2&Prime; css=&rdquo;.vc_custom_1546594466195{margin-top: 40px !important;}&rdquo;][vc_column_text css=&rdquo;.vc_custom_1728052047694{margin-right: 70px !important;margin-left: 70px !important;}&rdquo; el_class=&rdquo;tabai&rdquo;]<\/p>\n<h6>PLIS&#274;TO &#381;AL&#362;ZIJU PARAMETRI:<\/h6>\n<ul>\n<li>Maksim&#257;li iesp&#275;jamais platums &ndash; 160 cm, augstums &ndash; 240 cm<\/li>\n<li>Minim&#257;lais platums &ndash; 20 cm<\/li>\n<li>Plis&#275;to &#382;al&#363;ziju joslu platumi &ndash; 20 mm vai 50 mm<\/li>\n<\/ul>\n<p>[\/vc_column_text][\/vc_column][vc_column width=&rdquo;1\/2&Prime;][vc_single_image image=&rdquo;44873&Prime; img_size=&rdquo;full&rdquo; alignment=&rdquo;center&rdquo; el_class=&rdquo;tabai&rdquo; css=&rdquo;.vc_custom_1628511926897{margin-right: 70px !important;margin-left: 30px !important;}&rdquo;][\/vc_column][\/vc_row][vc_row][vc_column width=&rdquo;1\/2&Prime; css=&rdquo;.vc_custom_1546594482431{margin-top: 20px !important;}&rdquo;][vc_column_text css=&rdquo;.vc_custom_1728052065790{margin-right: 30px !important;margin-left: 70px !important;}&rdquo; el_class=&rdquo;tabai&rdquo;]<strong>Plis&#275;tas &#382;al&#363;zijas ir &#316;oti funkcion&#257;las un praktiskas<\/strong><\/p>\n<p>Balstoties uz pieaugo&scaron;o piepras&#299;jumu aizsegt vitr&#299;nu veida logus m&#363;sdienu namos un birojos, tika rad&#299;tas&nbsp; 50 mm platu joslu plis&#275;t&#257;s &#382;al&#363;zijas. Plis&#275;t&#257;s &#382;al&#363;zijas, kas ir unik&#257;las ar savu pievilc&#299;go izskatu, rad&#299;s nep&#257;rsp&#275;jamu skaistumu saj&#363;tu jebkur&#257; interjer&#257;.<\/p>\n<p>Stingras 50 mm plat&#257;s joslas saglab&#257; prec&#299;zu formu no &#382;al&#363;ziju aug&scaron;as l&#299;dz pat apak&scaron;ai. Turkl&#257;t viena plis&#275;t&#257; &#382;al&#363;zija var aizsegt &#316;oti lielus logus, l&#299;dz pat 20 m2, un pacelto &#382;al&#363;ziju augstums savilkt&#257; veid&#257; ir maz&#257;ks par 10 cm. Atkar&#299;b&#257; no klienta piepras&#299;juma &scaron;&#299;s &#382;al&#363;zijas var vad&#299;t, izmantojot stri&#311;&#299;ti vai t&#257;lvad&#299;bas pulti.<\/p>\n<p>Plis&#275;to &#382;al&#363;ziju audumi ir ra&#382;oti izmantojot vismodern&#257;k&#257;s tehnolo&#291;ijas. Izv&#275;les iesp&#275;jas ir &#316;oti pla&scaron;as: &#382;akarda gludi austi audumi no dab&#299;g&#257;s kokvilnas un lina, neuzliesmojo&scaron;i, met&#257;liski (karstumiztur&#299;gi) un caursp&#299;d&#299;gi audumi &ndash; tas viss ir pieejams &ldquo;Lauresta&rdquo; kolekcij&#257;.[\/vc_column_text][\/vc_column][vc_column width=&rdquo;1\/2&Prime; css=&rdquo;.vc_custom_1546594492640{margin-top: 20px !important;}&rdquo;][vc_column_text el_class=&rdquo;tabai&rdquo; css=&rdquo;.vc_custom_1732543902759{margin-right: 70px !important;margin-left: 30px !important;}&rdquo;]<strong>PLIS&#274;TAS &#381;AL&#362;ZIJAS JUMTA LOGIEM<\/strong><\/p>\n<p>Jumta logu plis&#275;taj&#257;m &#382;al&#363;zij&#257;m ir alum&#299;nija vadotnes ab&#257;s loga pus&#275;s, kas tur audumu. T&#257; k&#257; jumta logu konstrukcijas ir sudraba, balt&#257; vai gai&scaron;a koka kr&#257;s&#257;, ar&#299; profili tiek pied&#257;v&#257;ti trij&#257;s kr&#257;s&#257;s.<\/p>\n<p>&nbsp;<\/p>\n<p>Las&#299;t vair&#257;k par <a href=\"https:\/\/www.lauresta.lt\/lv\/produkti\/zaluzijas\/jumta-logu-zaluzijas\/\" target=\"_blank\" rel=\"noopener\">jumta logiem &scaron;eit<\/a>.[\/vc_column_text][\/vc_column][\/vc_row][vc_row][vc_column width=&rdquo;1\/2&Prime; css=&rdquo;.vc_custom_1546594506134{margin-top: 30px !important;}&rdquo;][vc_column_text css=&rdquo;.vc_custom_1728052104178{margin-right: 70px !important;margin-left: 70px !important;}&rdquo; el_class=&rdquo;tabai&rdquo;]<strong>Plis&#275;to &#382;al&#363;ziju priek&scaron;roc&#299;bas:<\/strong><\/p>\n<ol>\n<li>mosedz jebkuru loga da&#316;u: aug&scaron;u, apak&scaron;u vai vidu;<\/li>\n<li>dro&scaron;as b&#275;rniem &ndash; plis&#275;taj&#257;m &#382;al&#363;zij&#257;m nav &#311;&#275;d&#299;tes;<\/li>\n<li>uzst&#257;d&#299;tas tie&scaron;i starp logu r&#363;t&#299;m vai r&#257;mjiem, t&#257;p&#275;c t&#257;s gal&#299;gi neierobe&#382;o balkona durvju vai loga atv&#275;r&scaron;anu;<\/li>\n<li>viegli piel&#257;got da&#382;&#257;du izm&#275;ru un formu logiem;<\/li>\n<li>viegli un gl&#299;ti uzst&#257;d&#299;tas pie loga;<\/li>\n<li>ir iesp&#275;jams uzst&#257;d&#299;t plis&#275;to &#382;al&#363;ziju bez urb&scaron;anas log&#257;;<\/li>\n<li>aiz&#326;em maz vietas pacelt&#257; veid&#257;;<\/li>\n<li>impregn&#275;tais audums aizsarg&#257; no izbal&#275;&scaron;anas;<\/li>\n<li>viegli kopjamas un labojamas;<\/li>\n<li>manu&#257;li vai autom&#257;tiski vad&#257;mas;<\/li>\n<li>nodro&scaron;ina eleganci un m&#363;sdien&#299;gumu interjer&#257;.<\/li>\n<\/ol>\n<p>[\/vc_column_text][\/vc_column][vc_column width=&rdquo;1\/2&Prime; css=&rdquo;.vc_custom_1550568414498{margin-top: 20px !important;}&rdquo;][vc_column_text el_class=&rdquo;tabai&rdquo; css=&rdquo;.vc_custom_1728052139014{margin-right: 70px !important;margin-left: 30px !important;}&rdquo;]<strong>PLIS&#274;T&#256;S &#381;AL&#362;ZIJAS NESTANDARTA LOGIEM<\/strong><\/p>\n<p>&Scaron;is &#382;al&#363;ziju veids ir piem&#275;rots nestandarta formu logiem: trapecei, trijst&#363;rim un pat apa&#316;am.&nbsp;<a href=\"https:\/\/www.lauresta.lt\/lv\/produkti\/zaluzijas\/zaluzijas-nestandarta-logiem\/\" target=\"_blank\" rel=\"noopener\">Las&#299;t vair&#257;k &scaron;eit<\/a>.[\/vc_column_text][vc_single_image image=&rdquo;44871&Prime; img_size=&rdquo;full&rdquo; alignment=&rdquo;center&rdquo; el_class=&rdquo;tabai&rdquo; css=&rdquo;.vc_custom_1628512553291{margin-top: 20px !important;margin-right: 70px !important;margin-bottom: 20px !important;margin-left: 30px !important;}&rdquo;][vc_single_image image=&rdquo;44872&Prime; img_size=&rdquo;full&rdquo; alignment=&rdquo;center&rdquo; el_class=&rdquo;tabai&rdquo; css=&rdquo;.vc_custom_1628512491946{margin-top: 20px !important;margin-right: 70px !important;margin-left: 30px !important;}&rdquo;][\/vc_column][\/vc_row][vc_row][vc_column css=&rdquo;.vc_custom_1546594506134{margin-top: 30px !important;}&rdquo;][vc_column_text]<\/p>\n<h3 style=\"text-align: center;\">Plis&#275;to &#382;al&#363;ziju profilu kr&#257;sas:<\/h3>\n<p>[\/vc_column_text][vc_column_text]<\/p>\n<h3 style=\"text-align: center;\">Lamin&#275;ti profili (ar koka tekst&#363;ru):<\/h3>\n<p>[\/vc_column_text][\/vc_column][\/vc_row][vc_row][vc_column width=&rdquo;1\/2&Prime;][vc_single_image image=&rdquo;45169&Prime; img_size=&rdquo;full&rdquo; el_class=&rdquo;tabai&rdquo; css=&rdquo;.vc_custom_1728579823254{margin-top: 20px !important;margin-right: 30px !important;margin-left: 70px !important;}&rdquo;][vc_single_image image=&rdquo;45168&Prime; img_size=&rdquo;full&rdquo; el_class=&rdquo;tabai&rdquo; css=&rdquo;.vc_custom_1728579835231{margin-top: 20px !important;margin-right: 30px !important;margin-left: 70px !important;}&rdquo;][\/vc_column][vc_column width=&rdquo;1\/2&Prime;][vc_single_image image=&rdquo;45167&Prime; img_size=&rdquo;full&rdquo; el_class=&rdquo;tabai&rdquo; css=&rdquo;.vc_custom_1728579844794{margin-top: 20px !important;margin-right: 70px !important;margin-left: 30px !important;}&rdquo;][\/vc_column][\/vc_row][vc_row][vc_column css=&rdquo;.vc_custom_1546594506134{margin-top: 30px !important;}&rdquo;][vc_column_text]<\/p>\n<h3 style=\"text-align: center;\">Profili ar gludu tekst&#363;ru:<\/h3>\n<p>[\/vc_column_text][\/vc_column][\/vc_row][vc_row][vc_column width=&rdquo;1\/2&Prime;][vc_single_image image=&rdquo;45166&Prime; img_size=&rdquo;full&rdquo; el_class=&rdquo;tabai&rdquo; css=&rdquo;.vc_custom_1728579856054{margin-top: 20px !important;margin-right: 30px !important;margin-left: 70px !important;}&rdquo;][vc_single_image image=&rdquo;45164&Prime; img_size=&rdquo;full&rdquo; el_class=&rdquo;tabai&rdquo; css=&rdquo;.vc_custom_1728579875985{margin-top: 20px !important;margin-right: 30px !important;margin-left: 70px !important;}&rdquo;][\/vc_column][vc_column width=&rdquo;1\/2&Prime;][vc_single_image image=&rdquo;45165&Prime; img_size=&rdquo;full&rdquo; el_class=&rdquo;tabai&rdquo; css=&rdquo;.vc_custom_1728579865614{margin-top: 20px !important;margin-right: 70px !important;margin-left: 30px !important;}&rdquo;][vc_single_image image=&rdquo;45163&Prime; img_size=&rdquo;full&rdquo; el_class=&rdquo;tabai&rdquo; css=&rdquo;.vc_custom_1728579885962{margin-top: 20px !important;margin-right: 70px !important;margin-left: 30px !important;}&rdquo;][\/vc_column][\/vc_row][vc_row][vc_column css=&rdquo;.vc_custom_1560255583153{margin-top: 20px !important;}&rdquo;][vc_column_text el_class=&rdquo;tabai&rdquo; css=&rdquo;.vc_custom_1728052248740{margin-left: 70px !important;}&rdquo;]J&#363;s interes&#275; plis&#275;t&#257;s &#382;al&#363;zijas?&nbsp;Sazinieties ar mums un sa&#326;emsiet individu&#257;lu pied&#257;v&#257;jumu, vai nu aizpildot&nbsp;<a href=\"https:\/\/www.lauresta.lt\/lv\/bezmaksas-merisana\/\" target=\"_blank\" rel=\"noopener\">elektronisko formu<\/a>&nbsp;vai piezvanot mums uz:&nbsp;<a href=\"tel:+37167278800\">+371 672 78800<\/a>&nbsp;vai&nbsp;<a href=\"tel:+37125556555\">+371 255 56555<\/a>, vai apmekl&#275;jot m&#363;su&nbsp;<a href=\"https:\/\/www.lauresta.lt\/lv\/kontaktai\/\">salonu R&#299;g&#257;<\/a>.[\/vc_column_text][\/vc_column][\/vc_row]<\/p>\n<\/body><\/html>\n","protected":false},"excerpt":{"rendered":"<p>Plis\u0113t\u0101s \u017eal\u016bzijas, iesp\u0113jams, ir m\u016bsdien\u0101s vispopul\u0101r\u0101kie logu aizkari un viena no visbie\u017e\u0101k izv\u0113l\u0113taj\u0101m \u017eal\u016bziju kategorij\u0101m. Plis\u0113t\u0101s \u017eal\u016bzijas ir ide\u0101li piem\u0113rotas pirm\u0101 st\u0101va telp\u0101m, kur nepiecie\u0161ams aizkl\u0101t tikai apak\u0161\u0113jo loga da\u013cu, lai neredz\u0113tu gar\u0101mg\u0101j\u0113jus. M\u0113s ra\u017eojam plis\u0113t\u0101s \u017eal\u016bzijas da\u017e\u0101du tipu logiem un jumta logiem. M\u0113s pied\u0101v\u0101jam plis\u0113to \u017eal\u016bziju audumu kl\u0101stu vair\u0101k nek\u0101 300 variantos. Pla\u0161a profilu kr\u0101su izv\u0113le. Var uzst\u0101d\u012bt, neurbjot logu.,<\/p>\n<p><img decoding=\"async\" class=\"alignnone size-medium wp-image-48233\" src=\"https:\/\/www.lauresta.lt\/wp-content\/uploads\/2018\/07\/LV-Plisetas-zaluzijas-50-540x262.png\" alt=\"\" width=\"540\" height=\"262\" srcset=\"https:\/\/www.lauresta.lt\/wp-content\/uploads\/2018\/07\/LV-Plisetas-zaluzijas-50-540x262.png 540w, https:\/\/www.lauresta.lt\/wp-content\/uploads\/2018\/07\/LV-Plisetas-zaluzijas-50-768x372.png 768w, https:\/\/www.lauresta.lt\/wp-content\/uploads\/2018\/07\/LV-Plisetas-zaluzijas-50-322x156.png 322w, https:\/\/www.lauresta.lt\/wp-content\/uploads\/2018\/07\/LV-Plisetas-zaluzijas-50.png 1000w\" sizes=\"(max-width: 540px) 100vw, 540px\" \/><\/p>\n<p><img decoding=\"async\" class=\"alignnone size-medium wp-image-48232\" src=\"https:\/\/www.lauresta.lt\/wp-content\/uploads\/2018\/07\/LV-Plisetas-zaluzijas-40-540x262.png\" alt=\"\" width=\"540\" height=\"262\" srcset=\"https:\/\/www.lauresta.lt\/wp-content\/uploads\/2018\/07\/LV-Plisetas-zaluzijas-40-540x262.png 540w, https:\/\/www.lauresta.lt\/wp-content\/uploads\/2018\/07\/LV-Plisetas-zaluzijas-40-768x372.png 768w, https:\/\/www.lauresta.lt\/wp-content\/uploads\/2018\/07\/LV-Plisetas-zaluzijas-40-322x156.png 322w, https:\/\/www.lauresta.lt\/wp-content\/uploads\/2018\/07\/LV-Plisetas-zaluzijas-40.png 1000w\" sizes=\"(max-width: 540px) 100vw, 540px\" \/><\/p>\n<p><img decoding=\"async\" class=\"alignnone size-medium wp-image-48231\" src=\"https:\/\/www.lauresta.lt\/wp-content\/uploads\/2018\/07\/LV-Plisetas-zaluzijas-30-540x262.png\" alt=\"\" width=\"540\" height=\"262\" srcset=\"https:\/\/www.lauresta.lt\/wp-content\/uploads\/2018\/07\/LV-Plisetas-zaluzijas-30-540x262.png 540w, https:\/\/www.lauresta.lt\/wp-content\/uploads\/2018\/07\/LV-Plisetas-zaluzijas-30-768x372.png 768w, https:\/\/www.lauresta.lt\/wp-content\/uploads\/2018\/07\/LV-Plisetas-zaluzijas-30-322x156.png 322w, https:\/\/www.lauresta.lt\/wp-content\/uploads\/2018\/07\/LV-Plisetas-zaluzijas-30.png 1000w\" sizes=\"(max-width: 540px) 100vw, 540px\" \/><\/p>\n","protected":false},"featured_media":47622,"template":"","meta":[],"product_cat":[6667],"product_tag":[6727,6680,6742,6744],"class_list":{"0":"post-44784","1":"product","2":"type-product","3":"status-publish","4":"has-post-thumbnail","6":"product_cat-zaluzijas","7":"product_tag-bernistabai","8":"product_tag-no-saules","9":"product_tag-prieks-majas","10":"product_tag-uznemumiem","12":"first","13":"instock","14":"shipping-taxable","15":"purchasable","16":"product-type-simple"},"_links":{"self":[{"href":"https:\/\/www.lauresta.lt\/lv\/wp-json\/wp\/v2\/product\/44784","targetHints":{"allow":["GET"]}}],"collection":[{"href":"https:\/\/www.lauresta.lt\/lv\/wp-json\/wp\/v2\/product"}],"about":[{"href":"https:\/\/www.lauresta.lt\/lv\/wp-json\/wp\/v2\/types\/product"}],"wp:featuredmedia":[{"embeddable":true,"href":"https:\/\/www.lauresta.lt\/lv\/wp-json\/wp\/v2\/media\/47622"}],"wp:attachment":[{"href":"https:\/\/www.lauresta.lt\/lv\/wp-json\/wp\/v2\/media?parent=44784"}],"wp:term":[{"taxonomy":"product_cat","embeddable":true,"href":"https:\/\/www.lauresta.lt\/lv\/wp-json\/wp\/v2\/product_cat?post=44784"},{"taxonomy":"product_tag","embeddable":true,"href":"https:\/\/www.lauresta.lt\/lv\/wp-json\/wp\/v2\/product_tag?post=44784"}],"curies":[{"name":"wp","href":"https:\/\/api.w.org\/{rel}","templated":true}]}}