{"id":44899,"date":"2018-07-13T08:50:20","date_gmt":"2018-07-13T08:50:20","guid":{"rendered":"https:\/\/www.lauresta.lt\/produktai\/uncategorized\/elektriniai-roletai\/"},"modified":"2024-11-26T13:53:36","modified_gmt":"2024-11-26T11:53:36","slug":"elektriskas-rullo-zaluzijas","status":"publish","type":"product","link":"https:\/\/www.lauresta.lt\/lv\/produktai\/rullo-zaluzijas\/elektriskas-rullo-zaluzijas\/","title":{"rendered":"Elektrisk\u0101s rullo \u017eal\u016bzijas"},"content":{"rendered":"<!DOCTYPE html PUBLIC \"-\/\/W3C\/\/DTD HTML 4.0 Transitional\/\/EN\" \"http:\/\/www.w3.org\/TR\/REC-html40\/loose.dtd\">\n<?xml encoding=\"utf-8\" ?><html><body><p>[vc_row][vc_column width=&rdquo;1\/2&Prime; css=&rdquo;.vc_custom_1546593096249{margin-top: 20px !important;}&rdquo;][vc_column_text css=&rdquo;.vc_custom_1728053130509{margin-right: 30px !important;margin-left: 70px !important;}&rdquo; el_class=&rdquo;tabai&rdquo;]M&#363;sdien&#299;gas un modernas ar elektr&#299;bu vad&#257;m&#257;s rullo &#382;al&#363;zijas nodro&scaron;in&#257;s &#275;rtu interjera risin&#257;jumu gan dz&#299;vojam&#257;m, gan komercplat&#299;b&#257;m. T&#257;s ir neaizst&#257;jamas konferen&#269;u z&#257;l&#275;s, multimediju telp&#257;s, gr&#363;ti aizsniedzamiem logiem un m&#257;j&#257;s.[\/vc_column_text][\/vc_column][vc_column width=&rdquo;1\/2&Prime; css=&rdquo;.vc_custom_1546593104538{margin-top: 20px !important;}&rdquo;][vc_column_text el_class=&rdquo;tabai&rdquo; css=&rdquo;.vc_custom_1728053151634{margin-right: 70px !important;margin-left: 30px !important;}&rdquo;]Centraliz&#275;tai j&#363;su rullo &#382;al&#363;ziju vad&#299;bai ir v&#275;l t&#257;da priek&scaron;roc&#299;ba, ka t&#257; nodro&scaron;ina maksim&#257;lo komfortu &#316;aujot vad&#299;t &#382;al&#363;zijas (pacelt, nolaist, rot&#275;t vai nofiks&#275;t to v&#275;lamaj&#257; poz&#299;cij&#257;), kad neesiet m&#257;j&#257;s, vai pat esiet devu&scaron;ies br&#299;vdien&#257;s otr&#257; pasaules mal&#257;![\/vc_column_text][\/vc_column][\/vc_row][vc_row][vc_column width=&rdquo;1\/2&Prime; css=&rdquo;.vc_custom_1553684402280{margin-top: 20px !important;}&rdquo;][vc_column_text el_class=&rdquo;tabai&rdquo; css=&rdquo;.vc_custom_1728053171684{margin-right: 30px !important;margin-left: 70px !important;}&rdquo;]Kad pas&#363;t&#299;siet elektrisk&#257;s rullo &#382;al&#363;zijas, jums b&#363;s iep&#275;ja izv&#275;l&#275;ties no vair&#257;kiem autom&#257;tikas sist&#275;mas veidiem: da&#382;&#257;di meh&#257;nismi ar da&#382;&#257;diem jaudas avotiem, da&#382;&#257;d&#257;m vad&#299;bas metod&#275;m un pat laika apst&#257;k&#316;u sensoriem.<\/p>\n<p>&nbsp;<\/p>\n<p>&lsquo;&rsquo;Lauresta&rsquo;&rsquo; saviem produktiem izmanto est&#275;tiskus un mazus elektro motorus, kuri nedeform&#275; logus un nesaboj&#257;s j&#363;su interjeru. Bez tam, autom&#257;tisk&#257;s kontroles meh&#257;nisma kr&#257;sas un dizains var tikt piel&#257;goti rullo &#382;al&#363;zij&#257;m un telpai.[\/vc_column_text][vc_single_image image=&rdquo;45465&Prime; img_size=&rdquo;full&rdquo; alignment=&rdquo;center&rdquo; title=&rdquo;Rullo sl&#275;&#291;u motors&rdquo; el_class=&rdquo;tabai&rdquo; css=&rdquo;.vc_custom_1732622007803{margin-right: 70px !important;margin-left: 30px !important;}&rdquo;][\/vc_column][vc_column width=&rdquo;1\/2&Prime; css=&rdquo;.vc_custom_1553684461936{margin-top: 20px !important;}&rdquo;][vc_column_text css=&rdquo;.vc_custom_1728053214033{margin-right: 70px !important;margin-left: 30px !important;}&rdquo; el_class=&rdquo;tabai&rdquo;]<\/p>\n<h4>VAD&#298;BAS VEIDI<\/h4>\n<p>Ir svar&#299;gi zin&#257;t, ka elektrisk&#257;s rullo &#382;al&#363;zijas var vad&#299;t da&#382;&#257;dos veidos:<\/p>\n<p>&bull; ar sienas sl&#275;dzi;<\/p>\n<p>&bull; t&#257;lvad&#299;bu;<\/p>\n<p>&bull; mobilo aplik&#257;ciju;<\/p>\n<p>&bull; autom&#257;tiku, kas balst&#257;s uz temperat&#363;ras un gaismas sensoru datiem.[\/vc_column_text][vc_column_text css=&rdquo;.vc_custom_1728053232920{margin-right: 70px !important;margin-left: 30px !important;}&rdquo; el_class=&rdquo;tabai&rdquo;]Ja ir v&#275;lme manu&#257;li vad&#299;t katru rullo &#382;al&#363;ziju atsevi&scaron;&#311;i, tad ir nepiecie&scaron;ams instal&#275;t katrai &#382;al&#363;zijai atsevi&scaron;&#311;i savu sl&#275;dzi. Daudz &#275;rt&#257;ks &#382;al&#363;ziju vad&#299;bas veids ir dar&#299;t to ar t&#257;lvad&#299;bas pulti. &Scaron;&#299; metode &#316;aus jums samazin&#257;t sare&#382;&#291;&#299;to vadu instal&#257;ciju. Katra logu &#382;al&#363;zija, kas piesl&#275;gta t&#257;lvad&#299;bai, var tikt vad&#299;ta att&#257;lin&#257;ti no jebkuras &#275;kas vietas. Tikai ar da&#382;iem pogas spiedieniem t&#257;s var tikt paceltas, nolaistas un tikt nofiks&#275;tas vajadz&#299;gaj&#257; poz&#299;cij&#257;.<\/p>\n<p>&nbsp;<\/p>\n<p>Ja izv&#275;laties vad&#299;t rullo &#382;al&#363;zijas ar t&#257;lvad&#299;bas pal&#299;dz&#299;bu, j&#363;s variet lietot pulti ar l&#299;dz pat 15 kan&#257;liem, kuri var b&#363;t gan ar taimeri, gan bez t&#257;. T&#257;lvad&#299;bas taimeris &#316;auj &#382;al&#363;ziju ieprogramm&#275;t t&#257;, ka t&#257; autom&#257;tiski pace&#316;as vai nolai&#382;as v&#275;lamaj&#257; laik&#257;. Instal&#275;jot papildus kontroles meh&#257;nismu TaHoma, rullo &#382;al&#363;zijas var vad&#299;t ar interneta pal&#299;dz&#299;bu &ndash; lietojot viedt&#257;lru&#326;a aplik&#257;ciju vai speci&#257;lu m&#257;jas lapu.[\/vc_column_text][vc_column_text el_class=&rdquo;tabai&rdquo; css=&rdquo;.vc_custom_1728053251917{margin-right: 70px !important;margin-left: 30px !important;}&rdquo;]<\/p>\n<h4><\/h4>\n<h4>TEMPERAT&#362;RAS UN GAISMAS SENSORS<\/h4>\n<p>Elektriskaj&#257;m rullo &#382;al&#363;zij&#257;m var tik integr&#275;ti speci&#257;li temperat&#363;ras un gaismas sensori, kas ir patie&scaron;&#257;m noder&#299;gi noteikt&#257;s sezon&#257;s. Piem&#275;ram, t&#257; k&#257; saule sp&#299;d j&#363;su logos cauru dienu vasaras vid&#363;, &scaron;&#299;s &#382;al&#363;zijas var noteikt saules poz&#299;ciju un autom&#257;tiski nolaisties balstoties uz &scaron;iem datiem, kas noz&#299;m&#275; to, ka atgrie&#382;oties no darba telpas b&#363;s pat&#299;kami v&#275;sas. Kol&#299;dz saule aizgrie&#382;as prom no loga, rullo &#382;al&#363;zija autom&#257;tiski pace&#316;as. Elektrisk&#257;s rullo &#382;al&#363;zijas var tikt vad&#299;tas ar&#299; ar temperat&#363;ras sensoru pal&#299;dz&#299;bu, kas nodro&scaron;in&#257;s komfortablu temperat&#363;ru j&#363;su m&#257;j&#257;s.[\/vc_column_text][vc_column_text el_class=&rdquo;tabai&rdquo; css=&rdquo;.vc_custom_1728053272486{margin-right: 70px !important;margin-left: 30px !important;}&rdquo;]Ir &#316;oti iesp&#275;jams, ka elektrisk&#257;s rullo &#382;al&#363;zijas krietni ilg&#257;k kalpos nek&#257; manu&#257;li vad&#257;m&#257;s, par tik cik elektriskais dzin&#275;js t&#257;s saudz&#299;gi pace&#316;\/nolai&#382;&nbsp; bez cilv&#275;cisk&#257;s k&#316;&#363;das riska pace&#316;ot vai nolai&#382;ot to p&#257;r&#257;k strauji vai p&#257;r&#257;k &#257;tri.[\/vc_column_text][\/vc_column][\/vc_row][vc_row][vc_column css=&rdquo;.vc_custom_1546593114738{margin-top: 20px !important;}&rdquo;][vc_column_text css=&rdquo;.vc_custom_1728053316692{margin-right: 70px !important;margin-left: 70px !important;}&rdquo; el_class=&rdquo;tabai&rdquo;]J&#363;s interes&#275; motoriz&#275;t&#257;s rullo &#382;al&#363;zijas?&nbsp;Sazinieties ar mums un sa&#326;emsiet individu&#257;lu pied&#257;v&#257;jumu, vai nu aizpildot&nbsp;<a href=\"https:\/\/www.lauresta.lt\/lv\/bezmaksas-merisana\/\" target=\"_blank\" rel=\"noopener\">elektronisko formu<\/a>&nbsp;vai piezvanot mums uz:&nbsp;<a href=\"tel:+37167278800\">+371 672 78800<\/a>&nbsp;vai&nbsp;<a href=\"tel:+37125556555\">+371 255 56555<\/a>, vai apmekl&#275;jot m&#363;su&nbsp;<a href=\"https:\/\/www.lauresta.lt\/lv\/kontaktai\/\">salonu R&#299;g&#257;<\/a>.[\/vc_column_text][\/vc_column][\/vc_row]<\/p>\n<\/body><\/html>\n","protected":false},"excerpt":{"rendered":"<p>Tiem, kas mekl\u0113 modernu logu noseg\u0161anas risin\u0101jumu un maksim\u0101lu komfortu, m\u0113s pied\u0101v\u0101jam motoriz\u0113t\u0101s rullo \u017eal\u016bzijas. \u0160\u012bs rullo \u017eal\u016bzijas darbina mazs un kluss dzin\u0113js, kur\u0161 tiek vad\u012bts ar t\u0101lvad\u012bbas pults, sl\u0113d\u017ea pal\u012bdz\u012bbu vai izmantojot viedt\u0101lrun\u012b lejupl\u0101d\u0113to aplik\u0101ciju. Motoriz\u0113t\u0101s rullo \u017eal\u016bzijas var tikt paceltas un nolaistas tikai ar vienu pogas spiedienu. Bez tam, t\u0101s var sagrup\u0113t t\u0101, ka ar vienu pogas spiedienu var vad\u012bt vair\u0101kas rullo \u017eal\u016bzijas.<\/p>\n","protected":false},"featured_media":47928,"template":"","meta":[],"product_cat":[6668],"product_tag":[6680,6742,6744],"class_list":{"0":"post-44899","1":"product","2":"type-product","3":"status-publish","4":"has-post-thumbnail","6":"product_cat-rullo-zaluzijas","7":"product_tag-no-saules","8":"product_tag-prieks-majas","9":"product_tag-uznemumiem","11":"first","12":"instock","13":"shipping-taxable","14":"purchasable","15":"product-type-simple"},"_links":{"self":[{"href":"https:\/\/www.lauresta.lt\/lv\/wp-json\/wp\/v2\/product\/44899","targetHints":{"allow":["GET"]}}],"collection":[{"href":"https:\/\/www.lauresta.lt\/lv\/wp-json\/wp\/v2\/product"}],"about":[{"href":"https:\/\/www.lauresta.lt\/lv\/wp-json\/wp\/v2\/types\/product"}],"wp:featuredmedia":[{"embeddable":true,"href":"https:\/\/www.lauresta.lt\/lv\/wp-json\/wp\/v2\/media\/47928"}],"wp:attachment":[{"href":"https:\/\/www.lauresta.lt\/lv\/wp-json\/wp\/v2\/media?parent=44899"}],"wp:term":[{"taxonomy":"product_cat","embeddable":true,"href":"https:\/\/www.lauresta.lt\/lv\/wp-json\/wp\/v2\/product_cat?post=44899"},{"taxonomy":"product_tag","embeddable":true,"href":"https:\/\/www.lauresta.lt\/lv\/wp-json\/wp\/v2\/product_tag?post=44899"}],"curies":[{"name":"wp","href":"https:\/\/api.w.org\/{rel}","templated":true}]}}