{"id":45014,"date":"2018-07-13T08:20:19","date_gmt":"2018-07-13T08:20:19","guid":{"rendered":"https:\/\/www.lauresta.lt\/produktai\/uncategorized\/velux-roletai-stoglangiams\/"},"modified":"2025-09-16T11:04:44","modified_gmt":"2025-09-16T08:04:44","slug":"jumta-logu-rullo-zaluzijas","status":"publish","type":"product","link":"https:\/\/www.lauresta.lt\/lv\/produktai\/rullo-zaluzijas\/jumta-logu-rullo-zaluzijas\/","title":{"rendered":"Jumta logu rullo \u017eal\u016bzijas"},"content":{"rendered":"<!DOCTYPE html PUBLIC \"-\/\/W3C\/\/DTD HTML 4.0 Transitional\/\/EN\" \"http:\/\/www.w3.org\/TR\/REC-html40\/loose.dtd\">\n<?xml encoding=\"utf-8\" ?><html><body><p>[vc_row][vc_column][vc_column_text el_class=&rdquo;tabai&rdquo; css=&rdquo;.vc_custom_1728062993441{margin-right: 70px !important;margin-left: 70px !important;}&rdquo;]Jumta logu &#382;al&#363;zijas ir sist&#275;ma, kas ir &#299;pa&scaron;i efekt&#299;va sl&#299;piem logiem. Rullo &#382;al&#363;zijas jumta logiem parasti uzst&#257;da b&#275;ni&#326;os, aug&scaron;&#275;jo m&#257;ju st&#257;vos vai birojos. Tie ir &#316;oti praktiska izv&#275;le j&#363;su jumta logu seg&scaron;anai.<\/p>\n<p>Jumta loga &#382;al&#363;zij&#257;m ir pla&scaron;s audumu kl&#257;sts, no kura izv&#275;l&#275;ties. J&#363;s varat izlemt izv&#275;l&#275;ties tradicion&#257;los audumus, tom&#275;r m&#275;s iesak&#257;m tos, kas ir karstumiztur&#299;gi.[\/vc_column_text][\/vc_column][\/vc_row][vc_row][vc_column css=&rdquo;.vc_custom_1546592451359{margin-top: 40px !important;}&rdquo;][vc_column_text css=&rdquo;.vc_custom_1733741875691{margin-right: 70px !important;margin-left: 70px !important;}&rdquo; el_class=&rdquo;tabai&rdquo;]<\/p>\n<h2>PIED&#256;V&#256;JAM JUMTA &#381;AL&#362;ZIJU AUDUMUS AR SPECI&#256;L&#256;M &#298;PA&Scaron;&#298;B&#256;M:<\/h2>\n<p>[\/vc_column_text][\/vc_column][\/vc_row][vc_row][vc_column width=&rdquo;1\/2&Prime; css=&rdquo;.vc_custom_1546592497837{margin-top: 10px !important;}&rdquo;][vc_column_text el_class=&rdquo;tabai&rdquo; css=&rdquo;.vc_custom_1732263551486{margin-right: 30px !important;margin-left: 70px !important;}&rdquo;]<a href=\"https:\/\/www.lauresta.lt\/lv\/produkti\/rullo-zaluzijas\/transparentas-atstarojosas-rullo-zaluzijas-glasgard\/\" target=\"_blank\" rel=\"noopener\">Glasgard<\/a> audumi &ndash; samazina infrasarkano staru starojumu telp&#257;s, blo&#311;&#275; saules gaismu, savuk&#257;rt &#299;pa&scaron;ais met&#257;lisk&#257;s kr&#257;sas materi&#257;ls atstaro saules gaismu, pasarg&#257;jot telpu no uzkar&scaron;anas vasar&#257; un no atdzi&scaron;anas ziem&#257;. Rullo &#382;al&#363;zijas ar &scaron;&#257;da veida audumu pasarg&#257; da&#382;&#257;dus ekr&#257;nus no saules atsp&#299;duma uz t&#257; un vienlaikus &#316;auj netrauc&#275;ti redz&#275;t &#257;r&#257;.[\/vc_column_text][\/vc_column][vc_column width=&rdquo;1\/4&Prime; css=&rdquo;.vc_custom_1546592532312{margin-top: 10px !important;}&rdquo;][vc_column_text el_class=&rdquo;tabai&rdquo; css=&rdquo;.vc_custom_1728063152388{margin-right: 30px !important;margin-left: 30px !important;}&rdquo;]<a href=\"https:\/\/www.lauresta.lt\/lv\/produkti\/rullo-zaluzijas\/transparentas-rullo-zaluzijas-screen\/\" target=\"_blank\" rel=\"noopener\">Screen<\/a> audumi &ndash; &#316;auj dabiskajai gaismai iziet cauri, vienlaikus aizsarg&#257;jot ekr&#257;nus no saules atsp&#299;duma. &Scaron;&#299; ir lieliska izv&#275;le telp&#257;m ar datoriem un TV taj&#257;s.[\/vc_column_text][\/vc_column][vc_column width=&rdquo;1\/4&Prime; css=&rdquo;.vc_custom_1546592557016{margin-top: 10px !important;}&rdquo;][vc_column_text el_class=&rdquo;tabai&rdquo; css=&rdquo;.vc_custom_1732263571900{margin-right: 70px !important;margin-left: 30px !important;}&rdquo;]<a href=\"https:\/\/www.lauresta.lt\/lv\/produkti\/rullo-zaluzijas\/aptumsojosas-blackout-rullo-zaluzijas\/\" target=\"_blank\" rel=\"noopener\">Aptum&scaron;ojo&scaron;ie<\/a> audumi &ndash; piln&#299;gi necaursp&#299;d&#299;gi. Efekt&#299;vi aizsarg&#257; telpu no karstuma. Lab&#257;k&#257; izv&#275;le gu&#316;amistab&#257;m.[\/vc_column_text][\/vc_column][\/vc_row][vc_row][vc_column css=&rdquo;.vc_custom_1546592668391{margin-top: 50px !important;}&rdquo;][vc_column_text css=&rdquo;.vc_custom_1733741886352{margin-right: 70px !important;margin-left: 70px !important;}&rdquo; el_class=&rdquo;tabai&rdquo;]<\/p>\n<h2>RULLO &#381;AL&#362;ZIJAS JUMTA LOGIEM &ndash; &lsquo;&rsquo;LAURESTA&rsquo;&rsquo; PIED&#256;V&#256;:<\/h2>\n<p>[\/vc_column_text][\/vc_column][\/vc_row][vc_row][vc_column width=&rdquo;1\/2&Prime; css=&rdquo;.vc_custom_1546592705869{margin-top: 10px !important;}&rdquo;][vc_column_text el_class=&rdquo;tabai&rdquo; css=&rdquo;.vc_custom_1728063199911{margin-right: 70px !important;margin-left: 70px !important;}&rdquo;]<strong> Rullo &#382;al&#363;zijas jumta logiem &ldquo; R-Lite&rdquo; &ndash; <\/strong>piem&#275;rotas visu veidu jumta logiem. &Scaron;&#299; sist&#275;ma nodro&scaron;ina efekt&#299;vu auduma nospriegojumu pat uz vissl&#299;p&#257;kajiem logiem. Augstas kvalit&#257;tes alum&#299;nija konstrukcija kop&#257; ar pareizi izv&#275;l&#275;tu audumu garant&#275;s efekt&#299;vu apgaismojuma kontroli telp&#257;. &#298;pa&scaron;&#257;s sliedes efekt&#299;vi notur audumu, neatst&#257;jot pat vismaz&#257;ko atstarpi starp rullo &#382;al&#363;ziju un logu.<\/p>\n<p>&nbsp;<\/p>\n<p><strong>Rullo &#382;al&#363;zijas jumta logiem &ndash; sist&#275;mas &ldquo;R-lite&rdquo; priek&scaron;roc&#299;bas:<\/strong><\/p>\n<p>&bull; Piem&#275;rotas visu veidu jumta logiem, ieskaitot &ldquo;Velux&rdquo;;<\/p>\n<p>&bull; Nenodilst nolietojuma d&#275;&#316;, ir cie&scaron;i nospriegotas;<\/p>\n<p>&bull; Neaiz&#326;em daudz vietas, jo tiek uzst&#257;d&#299;ts tuvu logam;<\/p>\n<p>&bull; Viegli vad&#257;mas pat visgr&#363;t&#257;k sasniedzamajos logos;<\/p>\n<p>&bull; Var piel&#257;got jebkuram interjeram;<\/p>\n<p>&bull; Profili izgatavoti no anod&#275;ta alum&#299;nija;<\/p>\n<p>&bull; Pal&#299;dz samazin&#257;t ien&#257;ko&scaron;o saules gaismu.[\/vc_column_text][\/vc_column][vc_column width=&rdquo;1\/2&Prime; css=&rdquo;.vc_custom_1547559837078{margin-top: 20px !important;}&rdquo;][vc_single_image image=&rdquo;45028&Prime; img_size=&rdquo;full&rdquo; alignment=&rdquo;center&rdquo; el_class=&rdquo;tabai&rdquo; css=&rdquo;.vc_custom_1550664159030{margin-right: 70px !important;margin-left: 30px !important;}&rdquo;][\/vc_column][\/vc_row][vc_row][vc_column css=&rdquo;.vc_custom_1547559718747{margin-top: 40px !important;margin-bottom: 40px !important;}&rdquo;][vc_separator][\/vc_column][\/vc_row][vc_row][vc_column width=&rdquo;1\/2&Prime; css=&rdquo;.vc_custom_1546592743317{margin-top: 30px !important;}&rdquo;][vc_column_text el_class=&rdquo;tabai&rdquo; css=&rdquo;.vc_custom_1728063215732{margin-right: 70px !important;margin-left: 70px !important;}&rdquo;]<strong><em>Decolux <\/em><\/strong>rullo &#382;al&#363;ziju audums tiek nosl&#275;pts elegant&#257; kaset&#275;. Rullo &#382;al&#363;ziju uzst&#257;d&#299;&scaron;anai tiek izmantots atsperes meh&#257;nisms. Rullo &#382;al&#363;ziju var nofiks&#275;t jebkur&#257; poz&#299;cij&#257;, izmantojot &#299;pa&scaron;as sliedes bez &#257;&#311;iem loga s&#257;nos. Priek&scaron;roka tiek dota iepriek&scaron;min&#275;taj&#257;m jumta loga &#382;al&#363;zij&#257;m, jo t&#257; &#8203;&#8203;neatst&#257;j &scaron;&#311;irbas starp slied&#275;m un rullo &#382;al&#363;ziju st&#363;riem, nov&#275;r&scaron;ot iesp&#275;ju, ka jebk&#257;da gaisma var&#275;tu iziet cauri. Turkl&#257;t, pas&#363;tot &#299;pa&scaron;u rokturi, j&#363;s pat varat viegli kontrol&#275;t rullo &#382;al&#363;ziju, kas ir uzst&#257;d&#299;ta &#316;oti augst&#257; jumta log&#257;.<\/p>\n<p>&nbsp;<\/p>\n<p><strong>Rullo &#382;al&#363;ziju sist&#275;mas &ldquo;Decolux&rdquo; plusi:<\/strong><\/p>\n<p>&bull; Piem&#275;roti visiem jumta &#382;al&#363;ziju veidiem (tai skait&#257; Velux)<\/p>\n<p>&bull; T&#257; k&#257; sliedes neatst&#257;j &#382;al&#363;ziju s&#257;nos tuk&scaron;as vietas, telp&#257; neien&#257;k gaisma<\/p>\n<p>&bull; Izv&#275;l&#275;t&#257; sist&#275;ma ir iesp&#275;jama pel&#275;k&#257; vai vai koka kr&#257;s&#257;<\/p>\n<p>&bull; &Scaron;&#299;s rullo &#382;al&#363;zijas, kas uzst&#257;d&#299;tas pat visaugst&#257;kaj&#257; jumta log&#257;, var vad&#299;t ar &#299;pa&scaron;u rokturi<\/p>\n<p>&bull; Rullo &#382;al&#363;zijas tiek autom&#257;tiski nofiks&#275;tas v&#275;lamaj&#257; poz&#299;cij&#257;<\/p>\n<p>&bull; Viegli sapl&#363;st ar interjeru[\/vc_column_text][\/vc_column][vc_column width=&rdquo;1\/2&Prime; css=&rdquo;.vc_custom_1547559846317{margin-top: 20px !important;}&rdquo;][vc_single_image image=&rdquo;45029&Prime; img_size=&rdquo;full&rdquo; alignment=&rdquo;center&rdquo; el_class=&rdquo;tabai&rdquo; css=&rdquo;.vc_custom_1550664200757{margin-right: 70px !important;margin-left: 30px !important;}&rdquo;][\/vc_column][\/vc_row][vc_row][vc_column css=&rdquo;.vc_custom_1546592780701{margin-top: 30px !important;}&rdquo;][vc_column_text el_class=&rdquo;tabai&rdquo; css=&rdquo;.vc_custom_1728063246242{margin-right: 70px !important;margin-left: 70px !important;}&rdquo;]<strong>Rullo &#382;al&#363;zijas jumta logiem<\/strong>, kuras var nofiks&#275;t noteikt&#257; poz&#299;cij&#257; ar &#257;&#311;u pal&#299;dz&#299;bu, ir visvienk&#257;r&scaron;&#257;k&#257; pieejam&#257; izv&#275;le. &Scaron;aj&#257; gad&#299;jum&#257; audums ar atsperes meh&#257;nisma pal&#299;dz&#299;bu tiek sarull&#275;ts kaset&#275; iek&scaron;&#257; loga aug&scaron;da&#316;&#257;. Est&#275;tisk&#257;ka izv&#275;le &ndash; kasete ir nosl&#275;pta ar alum&#299;nija korpusu un t&#257;p&#275;c ir maz&#257;k redzama. Neatkar&#299;gi no t&#257;, abi &scaron;ie varianti joproj&#257;m atst&#257;s nelielu atstarpi starp audumu un loga r&#257;mi, ne&#316;aujot gaismai tikt gar&#257;m. T&#257;d&#275;&#316;, ja v&#275;laties, lai &#382;al&#363;zijas visp&#257;r gaisma cauri netiek, jums j&#257;izv&#275;las vai nu &ldquo;Decolux&rdquo;, vai &ldquo;R-lite&rdquo; rullo &#382;al&#363;ziju sist&#275;mas.<\/p>\n<p>&nbsp;<\/p>\n<p>Ja J&#363;s interes&#275; jumta logu rullo &#382;al&#363;zijas, sazinieties ar mums un sa&#326;emiet individu&#257;lu pied&#257;v&#257;jumu, vai nu aizpildot <a href=\"https:\/\/www.lauresta.lt\/lv\/bezmaksas-merisana\/\" target=\"_blank\" rel=\"noopener\">elektronisko formu<\/a>&nbsp;vai piezvanot mums uz:&nbsp;<a href=\"tel:+37167278800\">+371 672 78800<\/a>&nbsp;vai&nbsp;<a href=\"tel:+37125556555\">+371 255 56555<\/a>, vai apmekl&#275;jot m&#363;su&nbsp;<a href=\"https:\/\/www.lauresta.lt\/lv\/kontaktai\/\">salonu R&#299;g&#257;<\/a>.[\/vc_column_text][\/vc_column][\/vc_row]<\/p>\n<\/body><\/html>\n","protected":false},"excerpt":{"rendered":"<p>Funkcion\u0101l\u0101s rullo \u017eal\u016bzijas ir piem\u0113rotas visiem jumta logu veidiem, pat tiem, kas atrodas liel\u0101 augstum\u0101, un b\u0113ni\u0146u telp\u0101m, aug\u0161\u0113jiem m\u0101ju st\u0101viem vai ofisiem. \u2018\u2019Lauresta\u2019\u2019 pied\u0101v\u0101 jums izv\u0113l\u0113ties rullo \u017eal\u016bziju, kas visvair\u0101k jums piem\u0113rota: R Lite, Decolux vai rullo \u017eal\u016bzij\u0101m, kas piestiprin\u0101tas ar \u0101\u0137iem.<\/p>\n","protected":false},"featured_media":47829,"template":"","meta":[],"product_cat":[6668],"product_tag":[6680,6742,6744],"class_list":{"0":"post-45014","1":"product","2":"type-product","3":"status-publish","4":"has-post-thumbnail","6":"product_cat-rullo-zaluzijas","7":"product_tag-no-saules","8":"product_tag-prieks-majas","9":"product_tag-uznemumiem","11":"first","12":"instock","13":"shipping-taxable","14":"purchasable","15":"product-type-simple"},"_links":{"self":[{"href":"https:\/\/www.lauresta.lt\/lv\/wp-json\/wp\/v2\/product\/45014","targetHints":{"allow":["GET"]}}],"collection":[{"href":"https:\/\/www.lauresta.lt\/lv\/wp-json\/wp\/v2\/product"}],"about":[{"href":"https:\/\/www.lauresta.lt\/lv\/wp-json\/wp\/v2\/types\/product"}],"wp:featuredmedia":[{"embeddable":true,"href":"https:\/\/www.lauresta.lt\/lv\/wp-json\/wp\/v2\/media\/47829"}],"wp:attachment":[{"href":"https:\/\/www.lauresta.lt\/lv\/wp-json\/wp\/v2\/media?parent=45014"}],"wp:term":[{"taxonomy":"product_cat","embeddable":true,"href":"https:\/\/www.lauresta.lt\/lv\/wp-json\/wp\/v2\/product_cat?post=45014"},{"taxonomy":"product_tag","embeddable":true,"href":"https:\/\/www.lauresta.lt\/lv\/wp-json\/wp\/v2\/product_tag?post=45014"}],"curies":[{"name":"wp","href":"https:\/\/api.w.org\/{rel}","templated":true}]}}