{"id":45033,"date":"2018-07-13T08:18:12","date_gmt":"2018-07-13T08:18:12","guid":{"rendered":"https:\/\/www.lauresta.lt\/produktai\/uncategorized\/bambukiniai-roletai\/"},"modified":"2024-12-22T17:32:54","modified_gmt":"2024-12-22T15:32:54","slug":"bambusa-zaluzijas","status":"publish","type":"product","link":"https:\/\/www.lauresta.lt\/lv\/produktai\/rullo-zaluzijas\/bambusa-zaluzijas\/","title":{"rendered":"Bambusa rullo \u017eal\u016bzijas"},"content":{"rendered":"<!DOCTYPE html PUBLIC \"-\/\/W3C\/\/DTD HTML 4.0 Transitional\/\/EN\" \"http:\/\/www.w3.org\/TR\/REC-html40\/loose.dtd\">\n<?xml encoding=\"utf-8\" ?><html><body><p>[vc_row][vc_column width=&rdquo;1\/2&Prime; css=&rdquo;.vc_custom_1546525884912{margin-top: 20px !important;}&rdquo;][vc_column_text css=&rdquo;.vc_custom_1728063673588{margin-right: 35px !important;margin-left: 70px !important;}&rdquo; el_class=&rdquo;tabai&rdquo;]Bambusa un koka kolekcijai, no kuras tiek ra&#382;otas rullo un romie&scaron;u &#382;al&#363;zijas, ir pieejamas 20 da&#382;&#257;das auduma tekst&#363;ras: gan biezas, gan pl&#257;nas, gan smalkas, gan&nbsp; izteiksm&#299;g&#257;kas.[\/vc_column_text][\/vc_column][vc_column width=&rdquo;1\/2&Prime; css=&rdquo;.vc_custom_1546525903847{margin-top: 20px !important;}&rdquo;][vc_column_text el_class=&rdquo;tabai&rdquo; css=&rdquo;.vc_custom_1728063687062{margin-right: 70px !important;margin-left: 35px !important;}&rdquo;]&Scaron;&#299;s &ldquo;Lauresta&rdquo; pied&#257;v&#257;t&#257;s dabisk&#257;s rullo &#382;al&#363;zijas ir &#316;oti iecien&#299;tas to praktiskuma, izsmalcin&#257;t&#257; izskata un nekait&#299;guma videi d&#275;&#316;. Turkl&#257;t t&#257;s ir viegli kopt &ndash; piln&#299;gi pietiks noslauc&#299;t t&#257;s ar lupati&#326;u, salveti vai izs&#363;kt ar putek&#316;s&#363;c&#275;ju.[\/vc_column_text][\/vc_column][\/vc_row][vc_row][vc_column width=&rdquo;1\/2&Prime; css=&rdquo;.vc_custom_1546525918621{margin-top: 20px !important;}&rdquo;][vc_column_text css=&rdquo;.vc_custom_1728063712354{margin-right: 35px !important;margin-left: 70px !important;}&rdquo; el_class=&rdquo;tabai&rdquo;]Protams, dabisko &scaron;&#311;iedru audumiem (bambuss, d&#382;utas, niedres, koka &scaron;&#311;iedras utt.), atkar&#299;b&#257; no to materi&#257;lu specifikas, var b&#363;t neliela kr&#257;su neatbilst&#299;ba vai nedaudz nevienm&#275;r&#299;ga tekst&#363;ra. T&#257; k&#257; &scaron;ie produkti ir dabiski, tie ir pak&#316;auti noteiktiem vides apst&#257;k&#316;iem (intens&#299;va saule, mitra atmosf&#275;ra, ventil&#257;cija utt.), tie var nedaudz deform&#275;ties.[\/vc_column_text][\/vc_column][\/vc_row][vc_row][vc_column css=&rdquo;.vc_custom_1560255470723{margin-top: 20px !important;}&rdquo;][vc_column_text css=&rdquo;.vc_custom_1728063740871{margin-left: 70px !important;}&rdquo; el_class=&rdquo;tabai&rdquo;]Ja J&#363;s interes&#275; bambusa rullo &#382;al&#363;zijas, sazinieties ar mums un sa&#326;emiet individu&#257;lu pied&#257;v&#257;jumu, vai nu aizpildot <a href=\"https:\/\/www.lauresta.lt\/lv\/bezmaksas-merisana\/\" target=\"_blank\" rel=\"noopener\">elektronisko formu<\/a>&nbsp;vai piezvanot mums uz:&nbsp;<a href=\"tel:+37167278800\">+371 672 78800<\/a>&nbsp;vai&nbsp;<a href=\"tel:+37125556555\">+371 255 56555<\/a>, vai apmekl&#275;jot m&#363;su&nbsp;<a href=\"https:\/\/www.lauresta.lt\/lv\/kontaktai\/\">salonu R&#299;g&#257;<\/a>.[\/vc_column_text][\/vc_column][\/vc_row]<\/p>\n<\/body><\/html>\n","protected":false},"excerpt":{"rendered":"<p>\u0160is produkts ir dom\u0101ts tiem cilv\u0113kiem, kuriem dab\u012bgais ir cie\u0146\u0101. Bambusa \u017eal\u016bzijas aizsarg\u0101 no intens\u012bvas saules gaismas un karstuma un izskat\u0101s \u013coti est\u0113tiski. Bambusa un citas dab\u012bg\u0101s \u0161\u0137iedras rullo \u017eal\u016bzijas nodro\u0161ina komforta, miera un pamat\u012bguma saj\u016btu m\u0101j\u0101s. Bambusa rullo \u017eal\u016bzijas labi ieder\u0113sies k\u0101 m\u0101j\u0101s, t\u0101 ofisos.<\/p>\n","protected":false},"featured_media":45036,"template":"","meta":[],"product_cat":[6668],"product_tag":[6680,6742],"class_list":{"0":"post-45033","1":"product","2":"type-product","3":"status-publish","4":"has-post-thumbnail","6":"product_cat-rullo-zaluzijas","7":"product_tag-no-saules","8":"product_tag-prieks-majas","10":"first","11":"instock","12":"shipping-taxable","13":"purchasable","14":"product-type-simple"},"_links":{"self":[{"href":"https:\/\/www.lauresta.lt\/lv\/wp-json\/wp\/v2\/product\/45033","targetHints":{"allow":["GET"]}}],"collection":[{"href":"https:\/\/www.lauresta.lt\/lv\/wp-json\/wp\/v2\/product"}],"about":[{"href":"https:\/\/www.lauresta.lt\/lv\/wp-json\/wp\/v2\/types\/product"}],"wp:featuredmedia":[{"embeddable":true,"href":"https:\/\/www.lauresta.lt\/lv\/wp-json\/wp\/v2\/media\/45036"}],"wp:attachment":[{"href":"https:\/\/www.lauresta.lt\/lv\/wp-json\/wp\/v2\/media?parent=45033"}],"wp:term":[{"taxonomy":"product_cat","embeddable":true,"href":"https:\/\/www.lauresta.lt\/lv\/wp-json\/wp\/v2\/product_cat?post=45033"},{"taxonomy":"product_tag","embeddable":true,"href":"https:\/\/www.lauresta.lt\/lv\/wp-json\/wp\/v2\/product_tag?post=45033"}],"curies":[{"name":"wp","href":"https:\/\/api.w.org\/{rel}","templated":true}]}}