{"id":45061,"date":"2018-07-13T08:01:02","date_gmt":"2018-07-13T08:01:02","guid":{"rendered":"https:\/\/www.lauresta.lt\/produktai\/uncategorized\/glasgard-roletai-nuo-saules-ir-karscio\/"},"modified":"2026-02-05T14:18:02","modified_gmt":"2026-02-05T12:18:02","slug":"transparentas-atstarojosas-rullo-zaluzijas-glasgard","status":"publish","type":"product","link":"https:\/\/www.lauresta.lt\/lv\/produktai\/rullo-zaluzijas\/transparentas-atstarojosas-rullo-zaluzijas-glasgard\/","title":{"rendered":"Transparent\u0101s atstarojo\u0161\u0101s rullo \u017eal\u016bzijas"},"content":{"rendered":"<!DOCTYPE html PUBLIC \"-\/\/W3C\/\/DTD HTML 4.0 Transitional\/\/EN\" \"http:\/\/www.w3.org\/TR\/REC-html40\/loose.dtd\">\n<?xml encoding=\"utf-8\" ?><html><body><p>[vc_row el_class=&rdquo;tabai&rdquo;][vc_column width=&rdquo;1\/2&Prime;][vc_column_text css=&rdquo;.vc_custom_1770293684355{margin-right: 35px !important;margin-left: 70px !important;}&rdquo; el_class=&rdquo;tabai&rdquo;]Glasgard saules un karstuma atstarojo&scaron;ie rullo &#382;al&#363;zijas tiek ra&#382;otas, izmantojot sertific&#275;tu tehnolo&#291;iju, kas atbilst augst&#257;kajiem kvalit&#257;tes standartiem. &Scaron;&#299;s &#382;al&#363;zijas absorb&#275; 28%, atstaro 69% un caurlai&#382; tikai 3% saules starojuma. T&#257;s darbojas ar&#299; k&#257; efekt&#299;vs saules filtrs, blo&#311;&#275;jot vair&#257;k nek&#257; 99% kait&#299;go UV staru.[\/vc_column_text][vc_empty_space][\/vc_column][vc_column width=&rdquo;1\/2&Prime;][vc_column_text]<\/p>\n<h3><strong>GLASGARD RULLO &#381;AL&#362;ZIJAS PRET SAULI UN KARSTUMU &ndash; K&#256;P&#274;C T&#256;S IZV&#274;L&#274;TIES?<\/strong><\/h3>\n<ul>\n<li>Nodro&scaron;ina efekt&#299;vu saules kontroli &ndash; telpas uzkarst l&#299;dz pat 90% maz&#257;k;<\/li>\n<li>Nov&#275;r&scaron; saules atsp&#299;dumus un &#316;auj &#275;rti skat&#299;ties datoru monitorus un TV ekr&#257;nus;<\/li>\n<li>Glasgard &#382;al&#363;zijas neaizsedz skatu pa logu;<\/li>\n<li>No &#257;rpuses redzama spogu&#316;virsma, no iek&scaron;puses &ndash; caursp&#299;d&#299;ga;<\/li>\n<li>Ielai&#382; dabisko dienas gaismu;<\/li>\n<li>Zema uzliesmojam&#299;ba un atbilst B1 ugunsdro&scaron;&#299;bas klasei.<\/li>\n<\/ul>\n<p>[\/vc_column_text][\/vc_column][\/vc_row][vc_row][vc_column css=&rdquo;.vc_custom_1560255341956{margin-top: 20px !important;}&rdquo;][vc_column_text el_class=&rdquo;tabai&rdquo; css=&rdquo;.vc_custom_1770292921388{margin-left: 70px !important;}&rdquo;]Sazinieties ar mums un sa&#326;emsiet individu&#257;lu pied&#257;v&#257;jumu, vai nu aizpildot&nbsp;<a href=\"https:\/\/www.lauresta.lt\/lv\/bezmaksas-merisana\/\" target=\"_blank\" rel=\"noopener\">elektronisko formu<\/a>&nbsp;vai piezvanot mums uz:&nbsp;<a href=\"tel:+37167278800\">+371 672 78800<\/a>&nbsp;vai&nbsp;<a href=\"tel:+37125556555\">+371 255 56555<\/a>, vai apmekl&#275;jot m&#363;su&nbsp;<a href=\"https:\/\/www.lauresta.lt\/lv\/kontaktai\/\">salonu R&#299;g&#257;<\/a>.[\/vc_column_text][\/vc_column][\/vc_row]<\/p>\n<\/body><\/html>\n","protected":false},"excerpt":{"rendered":"<p>Caursp\u012bd\u012bgas \u2013 saules atstarojo\u0161as rullo \u017eal\u016bzijas Glasgard tiek ra\u017eotas no \u012bpa\u0161as gaismas atstarojo\u0161as folijas, kas lieliski aizsarg\u0101 telpas no sasil\u0161anas un samazina tie\u0161o saules staru iedarb\u012bbu. Glasgard rullo \u017eal\u016bziju iek\u0161puse ir pel\u0113k\u0101, bronzas vai zil\u0101 kr\u0101s\u0101, nedaudz aptum\u0161o telpu, tai pat laik\u0101 neaizsedz redzam\u012bbu uz \u0101rpus\u0113. \u0100rpuse ir p\u0101rkl\u0101ta ar \u012bpa\u0161u atstarojo\u0161u sl\u0101ni, kas atstaro saules starus un pal\u012bdz uztur\u0113t zem\u0101ku istabas temperat\u016bru vasar\u0101.<\/p>\n","protected":false},"featured_media":45063,"template":"","meta":[],"product_cat":[6668],"product_tag":[6680,6742,6744],"class_list":{"0":"post-45061","1":"product","2":"type-product","3":"status-publish","4":"has-post-thumbnail","6":"product_cat-rullo-zaluzijas","7":"product_tag-no-saules","8":"product_tag-prieks-majas","9":"product_tag-uznemumiem","11":"first","12":"instock","13":"shipping-taxable","14":"purchasable","15":"product-type-simple"},"_links":{"self":[{"href":"https:\/\/www.lauresta.lt\/lv\/wp-json\/wp\/v2\/product\/45061","targetHints":{"allow":["GET"]}}],"collection":[{"href":"https:\/\/www.lauresta.lt\/lv\/wp-json\/wp\/v2\/product"}],"about":[{"href":"https:\/\/www.lauresta.lt\/lv\/wp-json\/wp\/v2\/types\/product"}],"wp:featuredmedia":[{"embeddable":true,"href":"https:\/\/www.lauresta.lt\/lv\/wp-json\/wp\/v2\/media\/45063"}],"wp:attachment":[{"href":"https:\/\/www.lauresta.lt\/lv\/wp-json\/wp\/v2\/media?parent=45061"}],"wp:term":[{"taxonomy":"product_cat","embeddable":true,"href":"https:\/\/www.lauresta.lt\/lv\/wp-json\/wp\/v2\/product_cat?post=45061"},{"taxonomy":"product_tag","embeddable":true,"href":"https:\/\/www.lauresta.lt\/lv\/wp-json\/wp\/v2\/product_tag?post=45061"}],"curies":[{"name":"wp","href":"https:\/\/api.w.org\/{rel}","templated":true}]}}